{"id":33575,"date":"2026-04-20T07:09:00","date_gmt":"2026-04-20T07:09:00","guid":{"rendered":"https:\/\/mommybag.pl\/pl\/?post_type=product&#038;p=33575"},"modified":"2026-04-20T07:09:00","modified_gmt":"2026-04-20T07:09:00","slug":"buty-adidas-sl-72-og-w-blush-pink-rozowe-damskie-ih6967","status":"publish","type":"product","link":"https:\/\/mommybag.pl\/pl\/product\/buty-adidas-sl-72-og-w-blush-pink-rozowe-damskie-ih6967\/","title":{"rendered":"Buty ADIDAS SL 72 OG W Blush Pink rozowe damskie IH6967"},"content":{"rendered":"<div style=\"padding:0;font-family:'DM Sans',-apple-system,sans-serif\">\n<div style=\"height:4px;background:linear-gradient(90deg,#f9a8c9,#f472b6,#ec4899)\"><\/div>\n<div style=\"padding:48px 52px 52px\">\n<div style=\"font-family:'DM Sans',sans-serif;font-size:9px;font-weight:500;letter-spacing:4px;text-transform:uppercase;color:#ec4899;margin-bottom:16px\">\n    ADIDAS \u00d7 Mommybag<\/div>\n<div style=\"font-family:'Playfair Display',serif;font-size:28px;font-weight:400;color:#1a1a1a;line-height:1.3;margin-bottom:6px\">Buty ADIDAS SL 72 OG W Blush Pink rozowe damskie IH6967<\/div>\n<div style=\"font-family:'Playfair Display',serif;font-style:italic;font-size:14px;color:#bbb;margin-bottom:32px\">Dla niej<\/div>\n<div style=\"font-family:'DM Sans',sans-serif;font-size:14px;line-height:1.9;color:#555;margin-bottom:40px;padding-bottom:40px;border-bottom:1px solid #f3e6f0\">\n    ADIDAS SL 72 OG W to damskie sneakersy nawi\u0105zuj\u0105ce do klasycznego wzornictwa lat 70. Model wyr\u00f3\u017cnia si\u0119 po\u0142\u0105czeniem r\u00f3\u017cowych odcieni &#8211; od delikatnego blush pink po intensywny r\u00f3\u017c w akcentach. Kontrastowe niebieskie pasy i sznurowad\u0142a dodaj\u0105 charakteru ca\u0142o\u015bci.<\/div>\n<table style=\"width:100%;border-collapse:collapse\">\n<tr>\n<td style=\"padding:14px 32px 14px 0;border-bottom:1px solid #f3e6f0;width:50%;vertical-align:top\">\n<div style=\"font-size:9px;font-weight:600;letter-spacing:2.5px;text-transform:uppercase;color:#ec4899;margin-bottom:3px\">Marka<\/div>\n<div style=\"font-size:13.5px;color:#1a1a1a\">Adidas<\/div>\n<\/td>\n<td style=\"padding:14px 0 14px 32px;border-bottom:1px solid #f3e6f0;border-left:1px solid #f3e6f0;width:50%;vertical-align:top\">\n<div style=\"font-size:9px;font-weight:600;letter-spacing:2.5px;text-transform:uppercase;color:#ec4899;margin-bottom:3px\">Kolor<\/div>\n<div style=\"font-size:13.5px;color:#1a1a1a\">R\u00f3\u017cowy<\/div>\n<\/td>\n<\/tr>\n<tr>\n<td style=\"padding:14px 32px 14px 0;border-bottom:1px solid #f3e6f0;vertical-align:top\">\n<div style=\"font-size:9px;font-weight:600;letter-spacing:2.5px;text-transform:uppercase;color:#ec4899;margin-bottom:3px\">Materia\u0142<\/div>\n<div style=\"font-size:13.5px;color:#1a1a1a\">Sk\u00f3ra, materia\u0142 tekstylny<\/div>\n<\/td>\n<td style=\"padding:14px 0 14px 32px;border-bottom:1px solid #f3e6f0;border-left:1px solid #f3e6f0;vertical-align:top\">\n<div style=\"font-size:9px;font-weight:600;letter-spacing:2.5px;text-transform:uppercase;color:#ec4899;margin-bottom:3px\"><\/div>\n<div style=\"font-size:13.5px;color:#1a1a1a\"><\/div>\n<\/td>\n<\/tr>\n<tr>\n<td style=\"padding:14px 32px 14px 0;border-bottom:1px solid #f3e6f0;vertical-align:top\">\n<div style=\"font-size:9px;font-weight:600;letter-spacing:2.5px;text-transform:uppercase;color:#ec4899;margin-bottom:3px\">P\u0142e\u0107<\/div>\n<div style=\"font-size:13.5px;color:#1a1a1a\">Damskie<\/div>\n<\/td>\n<td style=\"padding:14px 0 14px 32px;border-bottom:1px solid #f3e6f0;border-left:1px solid #f3e6f0;vertical-align:top\">\n<div style=\"font-size:9px;font-weight:600;letter-spacing:2.5px;text-transform:uppercase;color:#ec4899;margin-bottom:3px\">SKU<\/div>\n<div style=\"font-size:13.5px;color:#1a1a1a\">IH6967<\/div>\n<\/td>\n<\/tr>\n<tr>\n<td colspan=\"2\" style=\"padding:14px 0;border-bottom:1px solid #f3e6f0;vertical-align:top\">\n<div style=\"font-size:9px;font-weight:600;letter-spacing:2.5px;text-transform:uppercase;color:#ec4899;margin-bottom:3px\">Dost\u0119pne rozmiary<\/div>\n<div style=\"font-size:13.5px;color:#1a1a1a\">36, 36 2\/3, 37 1\/3, 38, 38 2\/3, 39 1\/3, 40, 40 2\/3<\/div>\n<\/td>\n<\/tr>\n<\/table><\/div>\n<\/div>\n","protected":false},"excerpt":{"rendered":"<p>Damskie sneakersy ADIDAS SL 72 OG W w kolorze Blush Pink. Wykonane z kombinacji sk\u00f3ry i materia\u0142u tekstylnego. Charakteryzuj\u0105 si\u0119 retro designem z kontrastowymi niebieskimi paskami i gumow\u0105 podeszw\u0105 w naturalnym kolorze.<\/p>\n","protected":false},"featured_media":33568,"template":"","meta":[],"etheme_brands":[],"product_brand":[727],"product_cat":[547],"product_tag":[669,772,633,684,635,551,769,662,508],"class_list":{"0":"post-33575","1":"product","2":"type-product","3":"status-publish","4":"has-post-thumbnail","6":"product_brand-adidas","7":"product_cat-sale","8":"product_tag-adidas","9":"product_tag-blush-pink","10":"product_tag-damskie","11":"product_tag-niskie","12":"product_tag-retro","13":"product_tag-rozowe","14":"product_tag-sl-72","15":"product_tag-sneakersy","16":"product_tag-top","18":"first","19":"instock","20":"sale","21":"shipping-taxable","22":"purchasable","23":"product-type-variable","24":"has-default-attributes"},"_links":{"self":[{"href":"https:\/\/mommybag.pl\/pl\/wp-json\/wp\/v2\/product\/33575","targetHints":{"allow":["GET"]}}],"collection":[{"href":"https:\/\/mommybag.pl\/pl\/wp-json\/wp\/v2\/product"}],"about":[{"href":"https:\/\/mommybag.pl\/pl\/wp-json\/wp\/v2\/types\/product"}],"version-history":[{"count":1,"href":"https:\/\/mommybag.pl\/pl\/wp-json\/wp\/v2\/product\/33575\/revisions"}],"predecessor-version":[{"id":33745,"href":"https:\/\/mommybag.pl\/pl\/wp-json\/wp\/v2\/product\/33575\/revisions\/33745"}],"wp:featuredmedia":[{"embeddable":true,"href":"https:\/\/mommybag.pl\/pl\/wp-json\/wp\/v2\/media\/33568"}],"wp:attachment":[{"href":"https:\/\/mommybag.pl\/pl\/wp-json\/wp\/v2\/media?parent=33575"}],"wp:term":[{"taxonomy":"brand","embeddable":true,"href":"https:\/\/mommybag.pl\/pl\/wp-json\/wp\/v2\/etheme_brands?post=33575"},{"taxonomy":"product_brand","embeddable":true,"href":"https:\/\/mommybag.pl\/pl\/wp-json\/wp\/v2\/product_brand?post=33575"},{"taxonomy":"product_cat","embeddable":true,"href":"https:\/\/mommybag.pl\/pl\/wp-json\/wp\/v2\/product_cat?post=33575"},{"taxonomy":"product_tag","embeddable":true,"href":"https:\/\/mommybag.pl\/pl\/wp-json\/wp\/v2\/product_tag?post=33575"}],"curies":[{"name":"wp","href":"https:\/\/api.w.org\/{rel}","templated":true}]}}