{"id":33486,"date":"2026-04-20T07:09:01","date_gmt":"2026-04-20T07:09:01","guid":{"rendered":"https:\/\/mommybag.pl\/pl\/?post_type=product&#038;p=33486"},"modified":"2026-04-20T07:09:01","modified_gmt":"2026-04-20T07:09:01","slug":"buty-adidas-superstar-ii-alumina-bezowe-ih4145","status":"publish","type":"product","link":"https:\/\/mommybag.pl\/pl\/product\/buty-adidas-superstar-ii-alumina-bezowe-ih4145\/","title":{"rendered":"Buty ADIDAS Superstar II Alumina be\u017cowe IH4145"},"content":{"rendered":"<div style=\"padding:0;font-family:'DM Sans',-apple-system,sans-serif\">\n<div style=\"height:4px;background:linear-gradient(90deg,#f9a8c9,#f472b6,#ec4899)\"><\/div>\n<div style=\"padding:48px 52px 52px\">\n<div style=\"font-family:'DM Sans',sans-serif;font-size:9px;font-weight:500;letter-spacing:4px;text-transform:uppercase;color:#ec4899;margin-bottom:16px\">\n    ADIDAS \u00d7 Mommybag<\/div>\n<div style=\"font-family:'Playfair Display',serif;font-size:28px;font-weight:400;color:#1a1a1a;line-height:1.3;margin-bottom:6px\">Buty ADIDAS Superstar II Alumina be\u017cowe IH4145<\/div>\n<div style=\"font-family:'Playfair Display',serif;font-style:italic;font-size:14px;color:#bbb;margin-bottom:32px\">Dla ka\u017cdego<\/div>\n<div style=\"font-family:'DM Sans',sans-serif;font-size:14px;line-height:1.9;color:#555;margin-bottom:40px;padding-bottom:40px;border-bottom:1px solid #f3e6f0\">\n    Buty adidas Superstar II Alumina to po\u0142\u0105czenie ikonicznego designu z subteln\u0105 be\u017cow\u0105 kolorystyk\u0105. Sk\u00f3rzana cholewka z charakterystycznymi perforacjami na noskach i trzema paskami w kontrastowym, jasnym odcieniu podkre\u015bla klasyczny charakter modelu. Tekstylne elementy wyko\u0144czeniowe i gumowa podeszwa zapewniaj\u0105 komfort noszenia przez ca\u0142y dzie\u0144.<\/div>\n<table style=\"width:100%;border-collapse:collapse\">\n<tr>\n<td style=\"padding:14px 32px 14px 0;border-bottom:1px solid #f3e6f0;width:50%;vertical-align:top\">\n<div style=\"font-size:9px;font-weight:600;letter-spacing:2.5px;text-transform:uppercase;color:#ec4899;margin-bottom:3px\">Marka<\/div>\n<div style=\"font-size:13.5px;color:#1a1a1a\">Adidas<\/div>\n<\/td>\n<td style=\"padding:14px 0 14px 32px;border-bottom:1px solid #f3e6f0;border-left:1px solid #f3e6f0;width:50%;vertical-align:top\">\n<div style=\"font-size:9px;font-weight:600;letter-spacing:2.5px;text-transform:uppercase;color:#ec4899;margin-bottom:3px\">Kolor<\/div>\n<div style=\"font-size:13.5px;color:#1a1a1a\">Be\u017cowy<\/div>\n<\/td>\n<\/tr>\n<tr>\n<td style=\"padding:14px 32px 14px 0;border-bottom:1px solid #f3e6f0;vertical-align:top\">\n<div style=\"font-size:9px;font-weight:600;letter-spacing:2.5px;text-transform:uppercase;color:#ec4899;margin-bottom:3px\">Materia\u0142<\/div>\n<div style=\"font-size:13.5px;color:#1a1a1a\">Sk\u00f3ra, materia\u0142 tekstylny<\/div>\n<\/td>\n<td style=\"padding:14px 0 14px 32px;border-bottom:1px solid #f3e6f0;border-left:1px solid #f3e6f0;vertical-align:top\">\n<div style=\"font-size:9px;font-weight:600;letter-spacing:2.5px;text-transform:uppercase;color:#ec4899;margin-bottom:3px\"><\/div>\n<div style=\"font-size:13.5px;color:#1a1a1a\"><\/div>\n<\/td>\n<\/tr>\n<tr>\n<td style=\"padding:14px 32px 14px 0;border-bottom:1px solid #f3e6f0;vertical-align:top\">\n<div style=\"font-size:9px;font-weight:600;letter-spacing:2.5px;text-transform:uppercase;color:#ec4899;margin-bottom:3px\">P\u0142e\u0107<\/div>\n<div style=\"font-size:13.5px;color:#1a1a1a\">Unisex<\/div>\n<\/td>\n<td style=\"padding:14px 0 14px 32px;border-bottom:1px solid #f3e6f0;border-left:1px solid #f3e6f0;vertical-align:top\">\n<div style=\"font-size:9px;font-weight:600;letter-spacing:2.5px;text-transform:uppercase;color:#ec4899;margin-bottom:3px\">SKU<\/div>\n<div style=\"font-size:13.5px;color:#1a1a1a\">IH4145<\/div>\n<\/td>\n<\/tr>\n<tr>\n<td colspan=\"2\" style=\"padding:14px 0;border-bottom:1px solid #f3e6f0;vertical-align:top\">\n<div style=\"font-size:9px;font-weight:600;letter-spacing:2.5px;text-transform:uppercase;color:#ec4899;margin-bottom:3px\">Dost\u0119pne rozmiary<\/div>\n<div style=\"font-size:13.5px;color:#1a1a1a\">36, 36 2\/3, 37 1\/3, 38, 38 2\/3, 39 1\/3, 40, 40 2\/3, 41 1\/3, 42, 42 2\/3, 43 1\/3, 44, 44 2\/3, 45 1\/3<\/div>\n<\/td>\n<\/tr>\n<\/table><\/div>\n<\/div>\n","protected":false},"excerpt":{"rendered":"<p>Kultowe buty adidas Superstar II w wydaniu Alumina \u0142\u0105cz\u0105 klasyczny design z neutraln\u0105 kolorystyk\u0105 be\u017cow\u0105. Sk\u00f3rzana cholewka z charakterystycznymi trzema paskami zapewnia trwa\u0142o\u015b\u0107 i rozpoznawalny styl. Gumowa podeszwa gwarantuje przyczepno\u015b\u0107 na r\u00f3\u017cnych powierzchniach.<\/p>\n","protected":false},"featured_media":33479,"template":"","meta":[],"etheme_brands":[],"product_brand":[727],"product_cat":[547],"product_tag":[669,667,596,635,740,662,768,508,554],"class_list":{"0":"post-33486","1":"product","2":"type-product","3":"status-publish","4":"has-post-thumbnail","6":"product_brand-adidas","7":"product_cat-sale","8":"product_tag-adidas","9":"product_tag-bezowe","10":"product_tag-casual","11":"product_tag-retro","12":"product_tag-skorzane","13":"product_tag-sneakersy","14":"product_tag-superstar","15":"product_tag-top","16":"product_tag-unisex","18":"first","19":"instock","20":"sale","21":"shipping-taxable","22":"purchasable","23":"product-type-variable","24":"has-default-attributes"},"_links":{"self":[{"href":"https:\/\/mommybag.pl\/pl\/wp-json\/wp\/v2\/product\/33486","targetHints":{"allow":["GET"]}}],"collection":[{"href":"https:\/\/mommybag.pl\/pl\/wp-json\/wp\/v2\/product"}],"about":[{"href":"https:\/\/mommybag.pl\/pl\/wp-json\/wp\/v2\/types\/product"}],"version-history":[{"count":1,"href":"https:\/\/mommybag.pl\/pl\/wp-json\/wp\/v2\/product\/33486\/revisions"}],"predecessor-version":[{"id":33749,"href":"https:\/\/mommybag.pl\/pl\/wp-json\/wp\/v2\/product\/33486\/revisions\/33749"}],"wp:featuredmedia":[{"embeddable":true,"href":"https:\/\/mommybag.pl\/pl\/wp-json\/wp\/v2\/media\/33479"}],"wp:attachment":[{"href":"https:\/\/mommybag.pl\/pl\/wp-json\/wp\/v2\/media?parent=33486"}],"wp:term":[{"taxonomy":"brand","embeddable":true,"href":"https:\/\/mommybag.pl\/pl\/wp-json\/wp\/v2\/etheme_brands?post=33486"},{"taxonomy":"product_brand","embeddable":true,"href":"https:\/\/mommybag.pl\/pl\/wp-json\/wp\/v2\/product_brand?post=33486"},{"taxonomy":"product_cat","embeddable":true,"href":"https:\/\/mommybag.pl\/pl\/wp-json\/wp\/v2\/product_cat?post=33486"},{"taxonomy":"product_tag","embeddable":true,"href":"https:\/\/mommybag.pl\/pl\/wp-json\/wp\/v2\/product_tag?post=33486"}],"curies":[{"name":"wp","href":"https:\/\/api.w.org\/{rel}","templated":true}]}}