{"id":33282,"date":"2026-04-19T17:23:34","date_gmt":"2026-04-19T17:23:34","guid":{"rendered":"https:\/\/mommybag.pl\/pl\/?post_type=product&#038;p=33282"},"modified":"2026-04-19T17:55:10","modified_gmt":"2026-04-19T17:55:10","slug":"klapki-adidas-yeezy-foam-runner-onyx-czarne-hp8739","status":"publish","type":"product","link":"https:\/\/mommybag.pl\/pl\/product\/klapki-adidas-yeezy-foam-runner-onyx-czarne-hp8739\/","title":{"rendered":"Klapki ADIDAS YEEZY Foam Runner Onyx czarne HP8739"},"content":{"rendered":"<div style=\"padding: 0; font-family: 'DM Sans',-apple-system,sans-serif;\">\n<div style=\"height: 4px; background: linear-gradient(90deg,#f9a8c9,#f472b6,#ec4899);\"><\/div>\n<div style=\"padding: 48px 52px 52px;\">\n<div style=\"font-family: 'DM Sans',sans-serif; font-size: 9px; font-weight: 500; letter-spacing: 4px; text-transform: uppercase; color: #ec4899; margin-bottom: 16px;\">ADIDAS \u00d7 Mommybag<\/div>\n<div style=\"font-family: 'Playfair Display',serif; font-size: 28px; font-weight: 400; color: #1a1a1a; line-height: 1.3; margin-bottom: 6px;\">Klapki ADIDAS YEEZY Foam Runner Onyx czarne HP8739<\/div>\n<div style=\"font-family: 'Playfair Display',serif; font-style: italic; font-size: 14px; color: #bbb; margin-bottom: 32px;\">Dla ka\u017cdego<\/div>\n<div style=\"font-family: 'DM Sans',sans-serif; font-size: 14px; line-height: 1.9; color: #555; margin-bottom: 40px; padding-bottom: 40px; border-bottom: 1px solid #f3e6f0;\">Klapki YEEZY Foam Runner w wersji Onyx prezentuj\u0105 futurystyczny design z perforowanej pianki EVA. Charakterystyczne otwory w ca\u0142ej konstrukcji zapewniaj\u0105 wentylacj\u0119 i nadaj\u0105 modelowi rozpoznawalny wygl\u0105d. Jednolitej struktury buty oferuj\u0105 komfort noszenia i \u0142atwo\u015b\u0107 w utrzymaniu czysto\u015bci.<\/div>\n<table style=\"width: 100%; border-collapse: collapse;\">\n<tbody>\n<tr>\n<td style=\"padding: 14px 32px 14px 0; border-bottom: 1px solid #f3e6f0; width: 50%; vertical-align: top;\">\n<div style=\"font-size: 9px; font-weight: 600; letter-spacing: 2.5px; text-transform: uppercase; color: #ec4899; margin-bottom: 3px;\">Marka<\/div>\n<div style=\"font-size: 13.5px; color: #1a1a1a;\">Adidas<\/div>\n<\/td>\n<td style=\"padding: 14px 0 14px 32px; border-bottom: 1px solid #f3e6f0; border-left: 1px solid #f3e6f0; width: 50%; vertical-align: top;\">\n<div style=\"font-size: 9px; font-weight: 600; letter-spacing: 2.5px; text-transform: uppercase; color: #ec4899; margin-bottom: 3px;\">Kolor<\/div>\n<div style=\"font-size: 13.5px; color: #1a1a1a;\">Czarny<\/div>\n<\/td>\n<\/tr>\n<tr>\n<td style=\"padding: 14px 32px 14px 0; border-bottom: 1px solid #f3e6f0; vertical-align: top;\">\n<div style=\"font-size: 9px; font-weight: 600; letter-spacing: 2.5px; text-transform: uppercase; color: #ec4899; margin-bottom: 3px;\">Materia\u0142<\/div>\n<div style=\"font-size: 13.5px; color: #1a1a1a;\">Pianka EVA<\/div>\n<\/td>\n<td style=\"padding: 14px 0 14px 32px; border-bottom: 1px solid #f3e6f0; border-left: 1px solid #f3e6f0; vertical-align: top;\">\n<div style=\"font-size: 9px; font-weight: 600; letter-spacing: 2.5px; text-transform: uppercase; color: #ec4899; margin-bottom: 3px;\"><\/div>\n<div style=\"font-size: 13.5px; color: #1a1a1a;\"><\/div>\n<\/td>\n<\/tr>\n<tr>\n<td style=\"padding: 14px 32px 14px 0; border-bottom: 1px solid #f3e6f0; vertical-align: top;\">\n<div style=\"font-size: 9px; font-weight: 600; letter-spacing: 2.5px; text-transform: uppercase; color: #ec4899; margin-bottom: 3px;\">P\u0142e\u0107<\/div>\n<div style=\"font-size: 13.5px; color: #1a1a1a;\">Unisex<\/div>\n<\/td>\n<td style=\"padding: 14px 0 14px 32px; border-bottom: 1px solid #f3e6f0; border-left: 1px solid #f3e6f0; vertical-align: top;\">\n<div style=\"font-size: 9px; font-weight: 600; letter-spacing: 2.5px; text-transform: uppercase; color: #ec4899; margin-bottom: 3px;\">SKU<\/div>\n<div style=\"font-size: 13.5px; color: #1a1a1a;\">HP8739<\/div>\n<\/td>\n<\/tr>\n<tr>\n<td style=\"padding: 14px 0; border-bottom: 1px solid #f3e6f0; vertical-align: top;\" colspan=\"2\">\n<div style=\"font-size: 9px; font-weight: 600; letter-spacing: 2.5px; text-transform: uppercase; color: #ec4899; margin-bottom: 3px;\">Dost\u0119pne rozmiary<\/div>\n<div style=\"font-size: 13.5px; color: #1a1a1a;\">36, 36 2\/3, 37 1\/3, 38, 38 2\/3, 39 1\/3, 40, 40 2\/3, 41 1\/3, 42, 42 2\/3, 43 1\/3, 44, 44 2\/3, 45 1\/3<\/div>\n<\/td>\n<\/tr>\n<\/tbody>\n<\/table>\n<\/div>\n<\/div>\n","protected":false},"excerpt":{"rendered":"<p>Klapki z perforowanej pianki EVA w kolorze czarnym. Futurystyczna konstrukcja z otworami wentylacyjnymi zapewnia oddychalno\u015b\u0107. Minimalistyczny design \u0142\u0105czy wygod\u0119 z charakterystycznym stylem.<\/p>\n","protected":false},"featured_media":33277,"template":"","meta":[],"etheme_brands":[],"product_brand":[727],"product_cat":[547],"product_tag":[669,642,760,643,761,645,508,554,670],"class_list":{"0":"post-33282","1":"product","2":"type-product","3":"status-publish","4":"has-post-thumbnail","6":"product_brand-adidas","7":"product_cat-sale","8":"product_tag-adidas","9":"product_tag-czarne","10":"product_tag-foam-runner","11":"product_tag-kapcie","12":"product_tag-perforowane","13":"product_tag-pianka-eva","14":"product_tag-top","15":"product_tag-unisex","16":"product_tag-yeezy","18":"first","19":"instock","20":"sale","21":"shipping-taxable","22":"purchasable","23":"product-type-variable","24":"has-default-attributes"},"_links":{"self":[{"href":"https:\/\/mommybag.pl\/pl\/wp-json\/wp\/v2\/product\/33282","targetHints":{"allow":["GET"]}}],"collection":[{"href":"https:\/\/mommybag.pl\/pl\/wp-json\/wp\/v2\/product"}],"about":[{"href":"https:\/\/mommybag.pl\/pl\/wp-json\/wp\/v2\/types\/product"}],"version-history":[{"count":1,"href":"https:\/\/mommybag.pl\/pl\/wp-json\/wp\/v2\/product\/33282\/revisions"}],"predecessor-version":[{"id":33370,"href":"https:\/\/mommybag.pl\/pl\/wp-json\/wp\/v2\/product\/33282\/revisions\/33370"}],"wp:featuredmedia":[{"embeddable":true,"href":"https:\/\/mommybag.pl\/pl\/wp-json\/wp\/v2\/media\/33277"}],"wp:attachment":[{"href":"https:\/\/mommybag.pl\/pl\/wp-json\/wp\/v2\/media?parent=33282"}],"wp:term":[{"taxonomy":"brand","embeddable":true,"href":"https:\/\/mommybag.pl\/pl\/wp-json\/wp\/v2\/etheme_brands?post=33282"},{"taxonomy":"product_brand","embeddable":true,"href":"https:\/\/mommybag.pl\/pl\/wp-json\/wp\/v2\/product_brand?post=33282"},{"taxonomy":"product_cat","embeddable":true,"href":"https:\/\/mommybag.pl\/pl\/wp-json\/wp\/v2\/product_cat?post=33282"},{"taxonomy":"product_tag","embeddable":true,"href":"https:\/\/mommybag.pl\/pl\/wp-json\/wp\/v2\/product_tag?post=33282"}],"curies":[{"name":"wp","href":"https:\/\/api.w.org\/{rel}","templated":true}]}}