{"id":30745,"date":"2026-03-30T11:28:57","date_gmt":"2026-03-30T11:28:57","guid":{"rendered":"https:\/\/mommybag.pl\/pl\/?post_type=product&#038;p=30745"},"modified":"2026-03-30T11:34:46","modified_gmt":"2026-03-30T11:34:46","slug":"buty-adidas-xlg-runner-deluxe-grey-metallic-silver-jr9631","status":"publish","type":"product","link":"https:\/\/mommybag.pl\/pl\/product\/buty-adidas-xlg-runner-deluxe-grey-metallic-silver-jr9631\/","title":{"rendered":"Buty ADIDAS XLG RUNNER DELUXE Grey Metallic Silver JR9631"},"content":{"rendered":"<div style=\"padding: 0; font-family: 'DM Sans',-apple-system,sans-serif;\">\n<div style=\"height: 4px; background: linear-gradient(90deg,#f9a8c9,#f472b6,#ec4899);\"><\/div>\n<div style=\"padding: 48px 52px 52px;\">\n<div style=\"font-family: 'DM Sans',sans-serif; font-size: 9px; font-weight: 500; letter-spacing: 4px; text-transform: uppercase; color: #ec4899; margin-bottom: 16px;\">ADIDAS \u00d7 Mommybag<\/div>\n<div style=\"font-family: 'Playfair Display',serif; font-size: 28px; font-weight: 400; color: #1a1a1a; line-height: 1.3; margin-bottom: 6px;\">Buty ADIDAS XLG RUNNER DELUXE Grey Metallic Silver JR9631<\/div>\n<div style=\"font-family: 'Playfair Display',serif; font-style: italic; font-size: 14px; color: #bbb; margin-bottom: 32px;\">Dla ka\u017cdego<\/div>\n<div style=\"font-family: 'DM Sans',sans-serif; font-size: 14px; line-height: 1.9; color: #555; margin-bottom: 40px; padding-bottom: 40px; border-bottom: 1px solid #f3e6f0;\">ADIDAS XLG RUNNER DELUXE to sportowe buty w efektownej kolorystyce Grey Metallic Silver z akcentami limonkowymi. Model \u0142\u0105czy nowoczesny design z funkcjonalno\u015bci\u0105 dzi\u0119ki hybrydowej konstrukcji z materia\u0142\u00f3w sk\u00f3rzanych, tekstylnych i syntetycznych. Charakteryzuje si\u0119 masywn\u0105 podeszw\u0105 z wyra\u017anie zarysowanymi elementami strukturalnymi.<\/div>\n<table style=\"width: 100%; border-collapse: collapse;\">\n<tbody>\n<tr>\n<td style=\"padding: 14px 32px 14px 0; border-bottom: 1px solid #f3e6f0; width: 50%; vertical-align: top;\">\n<div style=\"font-size: 9px; font-weight: 600; letter-spacing: 2.5px; text-transform: uppercase; color: #ec4899; margin-bottom: 3px;\">Marka<\/div>\n<div style=\"font-size: 13.5px; color: #1a1a1a;\">Adidas<\/div>\n<\/td>\n<td style=\"padding: 14px 0 14px 32px; border-bottom: 1px solid #f3e6f0; border-left: 1px solid #f3e6f0; width: 50%; vertical-align: top;\">\n<div style=\"font-size: 9px; font-weight: 600; letter-spacing: 2.5px; text-transform: uppercase; color: #ec4899; margin-bottom: 3px;\">Kolor<\/div>\n<div style=\"font-size: 13.5px; color: #1a1a1a;\">Srebrny<\/div>\n<\/td>\n<\/tr>\n<tr>\n<td style=\"padding: 14px 32px 14px 0; border-bottom: 1px solid #f3e6f0; vertical-align: top;\">\n<div style=\"font-size: 9px; font-weight: 600; letter-spacing: 2.5px; text-transform: uppercase; color: #ec4899; margin-bottom: 3px;\">Materia\u0142<\/div>\n<div style=\"font-size: 13.5px; color: #1a1a1a;\">Sk\u00f3ra, materia\u0142 tekstylny, tworzywo sztuczne<\/div>\n<\/td>\n<td style=\"padding: 14px 0 14px 32px; border-bottom: 1px solid #f3e6f0; border-left: 1px solid #f3e6f0; vertical-align: top;\">\n<div style=\"font-size: 9px; font-weight: 600; letter-spacing: 2.5px; text-transform: uppercase; color: #ec4899; margin-bottom: 3px;\"><\/div>\n<div style=\"font-size: 13.5px; color: #1a1a1a;\"><\/div>\n<\/td>\n<\/tr>\n<tr>\n<td style=\"padding: 14px 32px 14px 0; border-bottom: 1px solid #f3e6f0; vertical-align: top;\">\n<div style=\"font-size: 9px; font-weight: 600; letter-spacing: 2.5px; text-transform: uppercase; color: #ec4899; margin-bottom: 3px;\">P\u0142e\u0107<\/div>\n<div style=\"font-size: 13.5px; color: #1a1a1a;\">Unisex<\/div>\n<\/td>\n<td style=\"padding: 14px 0 14px 32px; border-bottom: 1px solid #f3e6f0; border-left: 1px solid #f3e6f0; vertical-align: top;\">\n<div style=\"font-size: 9px; font-weight: 600; letter-spacing: 2.5px; text-transform: uppercase; color: #ec4899; margin-bottom: 3px;\">SKU<\/div>\n<div style=\"font-size: 13.5px; color: #1a1a1a;\">JR9631<\/div>\n<\/td>\n<\/tr>\n<tr>\n<td style=\"padding: 14px 0; border-bottom: 1px solid #f3e6f0; vertical-align: top;\" colspan=\"2\">\n<div style=\"font-size: 9px; font-weight: 600; letter-spacing: 2.5px; text-transform: uppercase; color: #ec4899; margin-bottom: 3px;\">Dost\u0119pne rozmiary<\/div>\n<div style=\"font-size: 13.5px; color: #1a1a1a;\">36, 36 2\/3, 37 1\/3, 38, 38 2\/3, 39 1\/3, 40, 40 2\/3, 41 1\/3, 42, 42 2\/3, 43 1\/3, 44, 44 2\/3, 45 1\/3<\/div>\n<\/td>\n<\/tr>\n<\/tbody>\n<\/table>\n<\/div>\n<\/div>\n","protected":false},"excerpt":{"rendered":"<p>Buty sportowe ADIDAS XLG RUNNER DELUXE w kolorystyce Grey Metallic Silver. Po\u0142\u0105czenie sk\u00f3ry, materia\u0142u tekstylnego i tworzywa sztucznego zapewnia trwa\u0142o\u015b\u0107. Charakterystyczna podeszwa z elementami w kolorze limonkowym.<\/p>\n","protected":false},"featured_media":30741,"template":"","meta":[],"etheme_brands":[{"term_id":205,"name":"Adidas","slug":"adidas","term_group":0,"term_taxonomy_id":205,"taxonomy":"brand","description":"","parent":0,"count":10,"filter":"raw"}],"product_brand":[],"product_cat":[547],"product_tag":[669,719,723,720,722,553,721,597,508],"class_list":{"0":"post-30745","1":"product","2":"type-product","3":"status-publish","4":"has-post-thumbnail","6":"brand-adidas","7":"product_cat-sale","8":"product_tag-adidas","9":"product_tag-chunky","10":"product_tag-hybrydowe","11":"product_tag-metallic","12":"product_tag-runner","13":"product_tag-sportowe","14":"product_tag-srebne","15":"product_tag-streetwear","16":"product_tag-top","18":"first","19":"instock","20":"sale","21":"shipping-taxable","22":"purchasable","23":"product-type-variable","24":"has-default-attributes"},"_links":{"self":[{"href":"https:\/\/mommybag.pl\/pl\/wp-json\/wp\/v2\/product\/30745","targetHints":{"allow":["GET"]}}],"collection":[{"href":"https:\/\/mommybag.pl\/pl\/wp-json\/wp\/v2\/product"}],"about":[{"href":"https:\/\/mommybag.pl\/pl\/wp-json\/wp\/v2\/types\/product"}],"version-history":[{"count":2,"href":"https:\/\/mommybag.pl\/pl\/wp-json\/wp\/v2\/product\/30745\/revisions"}],"predecessor-version":[{"id":30981,"href":"https:\/\/mommybag.pl\/pl\/wp-json\/wp\/v2\/product\/30745\/revisions\/30981"}],"wp:featuredmedia":[{"embeddable":true,"href":"https:\/\/mommybag.pl\/pl\/wp-json\/wp\/v2\/media\/30741"}],"wp:attachment":[{"href":"https:\/\/mommybag.pl\/pl\/wp-json\/wp\/v2\/media?parent=30745"}],"wp:term":[{"taxonomy":"brand","embeddable":true,"href":"https:\/\/mommybag.pl\/pl\/wp-json\/wp\/v2\/etheme_brands?post=30745"},{"taxonomy":"product_brand","embeddable":true,"href":"https:\/\/mommybag.pl\/pl\/wp-json\/wp\/v2\/product_brand?post=30745"},{"taxonomy":"product_cat","embeddable":true,"href":"https:\/\/mommybag.pl\/pl\/wp-json\/wp\/v2\/product_cat?post=30745"},{"taxonomy":"product_tag","embeddable":true,"href":"https:\/\/mommybag.pl\/pl\/wp-json\/wp\/v2\/product_tag?post=30745"}],"curies":[{"name":"wp","href":"https:\/\/api.w.org\/{rel}","templated":true}]}}