{"id":30613,"date":"2026-03-30T11:28:58","date_gmt":"2026-03-30T11:28:58","guid":{"rendered":"https:\/\/mommybag.pl\/pl\/?post_type=product&#038;p=30613"},"modified":"2026-04-25T05:14:17","modified_gmt":"2026-04-25T05:14:17","slug":"buty-nike-air-jordan-1-low-og-sp-travis-scott-medium-olive-oliwkowe-dm7866-200","status":"publish","type":"product","link":"https:\/\/mommybag.pl\/pl\/product\/buty-nike-air-jordan-1-low-og-sp-travis-scott-medium-olive-oliwkowe-dm7866-200\/","title":{"rendered":"Buty NIKE Air Jordan 1 Low OG SP Travis Scott Medium Olive oliwkowe DM7866-200"},"content":{"rendered":"<div style=\"padding: 0; font-family: 'DM Sans',-apple-system,sans-serif;\">\n<div style=\"height: 4px; background: linear-gradient(90deg,#f9a8c9,#f472b6,#ec4899);\"><\/div>\n<div style=\"padding: 48px 52px 52px;\">\n<div style=\"font-family: 'DM Sans',sans-serif; font-size: 9px; font-weight: 500; letter-spacing: 4px; text-transform: uppercase; color: #ec4899; margin-bottom: 16px;\">NIKE \u00d7 Mommybag<\/div>\n<div style=\"font-family: 'Playfair Display',serif; font-size: 28px; font-weight: 400; color: #1a1a1a; line-height: 1.3; margin-bottom: 6px;\">Buty NIKE Air Jordan 1 Low OG SP Travis Scott Medium Olive oliwkowe DM7866-200<\/div>\n<div style=\"font-family: 'Playfair Display',serif; font-style: italic; font-size: 14px; color: #bbb; margin-bottom: 32px;\">Dla ka\u017cdego<\/div>\n<div style=\"font-family: 'DM Sans',sans-serif; font-size: 14px; line-height: 1.9; color: #555; margin-bottom: 40px; padding-bottom: 40px; border-bottom: 1px solid #f3e6f0;\">Model Air Jordan 1 Low OG SP Travis Scott Medium Olive to efekt wsp\u00f3\u0142pracy Nike z raperem Travis Scottem. Sneakersy wyr\u00f3\u017cniaj\u0105 si\u0119 kolorystyk\u0105 \u0142\u0105cz\u0105c\u0105 oliwkowe odcienie z bia\u0142ymi i czarnymi detalami. Cholewka wykonana z wysokiej jako\u015bci sk\u00f3ry naturalnej i materia\u0142\u00f3w tekstylnych, wzbogacona o charakterystyczn\u0105 perforacj\u0119 na przodzie buta.<\/div>\n<table style=\"width: 100%; border-collapse: collapse;\">\n<tbody>\n<tr>\n<td style=\"padding: 14px 32px 14px 0; border-bottom: 1px solid #f3e6f0; width: 50%; vertical-align: top;\">\n<div style=\"font-size: 9px; font-weight: 600; letter-spacing: 2.5px; text-transform: uppercase; color: #ec4899; margin-bottom: 3px;\">Marka<\/div>\n<div style=\"font-size: 13.5px; color: #1a1a1a;\">Nike<\/div>\n<\/td>\n<td style=\"padding: 14px 0 14px 32px; border-bottom: 1px solid #f3e6f0; border-left: 1px solid #f3e6f0; width: 50%; vertical-align: top;\">\n<div style=\"font-size: 9px; font-weight: 600; letter-spacing: 2.5px; text-transform: uppercase; color: #ec4899; margin-bottom: 3px;\">Kolor<\/div>\n<div style=\"font-size: 13.5px; color: #1a1a1a;\">Oliwkowy, bia\u0142y, czarny<\/div>\n<\/td>\n<\/tr>\n<tr>\n<td style=\"padding: 14px 32px 14px 0; border-bottom: 1px solid #f3e6f0; vertical-align: top;\">\n<div style=\"font-size: 9px; font-weight: 600; letter-spacing: 2.5px; text-transform: uppercase; color: #ec4899; margin-bottom: 3px;\">Materia\u0142<\/div>\n<div style=\"font-size: 13.5px; color: #1a1a1a;\">Sk\u00f3ra, materia\u0142 tekstylny<\/div>\n<\/td>\n<td style=\"padding: 14px 0 14px 32px; border-bottom: 1px solid #f3e6f0; border-left: 1px solid #f3e6f0; vertical-align: top;\">\n<div style=\"font-size: 9px; font-weight: 600; letter-spacing: 2.5px; text-transform: uppercase; color: #ec4899; margin-bottom: 3px;\"><\/div>\n<div style=\"font-size: 13.5px; color: #1a1a1a;\"><\/div>\n<\/td>\n<\/tr>\n<tr>\n<td style=\"padding: 14px 32px 14px 0; border-bottom: 1px solid #f3e6f0; vertical-align: top;\">\n<div style=\"font-size: 9px; font-weight: 600; letter-spacing: 2.5px; text-transform: uppercase; color: #ec4899; margin-bottom: 3px;\">P\u0142e\u0107<\/div>\n<div style=\"font-size: 13.5px; color: #1a1a1a;\">Unisex<\/div>\n<\/td>\n<td style=\"padding: 14px 0 14px 32px; border-bottom: 1px solid #f3e6f0; border-left: 1px solid #f3e6f0; vertical-align: top;\">\n<div style=\"font-size: 9px; font-weight: 600; letter-spacing: 2.5px; text-transform: uppercase; color: #ec4899; margin-bottom: 3px;\">SKU<\/div>\n<div style=\"font-size: 13.5px; color: #1a1a1a;\">DM7866-200<\/div>\n<\/td>\n<\/tr>\n<tr>\n<td style=\"padding: 14px 0; border-bottom: 1px solid #f3e6f0; vertical-align: top;\" colspan=\"2\">\n<div style=\"font-size: 9px; font-weight: 600; letter-spacing: 2.5px; text-transform: uppercase; color: #ec4899; margin-bottom: 3px;\">Dost\u0119pne rozmiary<\/div>\n<div style=\"font-size: 13.5px; color: #1a1a1a;\">36, 37, 38, 39, 40, 41, 42, 43, 44, 45<\/div>\n<\/td>\n<\/tr>\n<\/tbody>\n<\/table>\n<\/div>\n<\/div>\n","protected":false},"excerpt":{"rendered":"<p>Sneakersy niskie z kolaboracji Nike x Travis Scott w kolorystyce Medium Olive. Cholewka z premium sk\u00f3ry i tkaniny z charakterystyczn\u0105 perforacj\u0105. Klasyczna podeszwa z technologi\u0105 Air w pi\u0119cie zapewnia komfort przez ca\u0142y dzie\u0144.<\/p>\n","protected":false},"featured_media":30605,"template":"","meta":[],"etheme_brands":[{"term_id":254,"name":"NIKE","slug":"nike","term_group":0,"term_taxonomy_id":254,"taxonomy":"brand","description":"","parent":0,"count":15,"filter":"raw"}],"product_brand":[],"product_cat":[547],"product_tag":[709,794,712,548,711,793,707,662,790,508,710,729,554],"class_list":{"0":"post-30613","1":"product","2":"type-product","3":"status-publish","4":"has-post-thumbnail","6":"brand-nike","7":"product_cat-sale","8":"product_tag-air-jordan","9":"product_tag-hot-now","10":"product_tag-low","11":"product_tag-nike","12":"product_tag-oliwkowe","13":"product_tag-sale","14":"product_tag-skora","15":"product_tag-sneakersy","16":"product_tag-summer","17":"product_tag-top","18":"product_tag-travis-scott","19":"product_tag-trends","20":"product_tag-unisex","22":"first","23":"instock","24":"sale","25":"shipping-taxable","26":"purchasable","27":"product-type-variable","28":"has-default-attributes"},"_links":{"self":[{"href":"https:\/\/mommybag.pl\/pl\/wp-json\/wp\/v2\/product\/30613","targetHints":{"allow":["GET"]}}],"collection":[{"href":"https:\/\/mommybag.pl\/pl\/wp-json\/wp\/v2\/product"}],"about":[{"href":"https:\/\/mommybag.pl\/pl\/wp-json\/wp\/v2\/types\/product"}],"version-history":[{"count":2,"href":"https:\/\/mommybag.pl\/pl\/wp-json\/wp\/v2\/product\/30613\/revisions"}],"predecessor-version":[{"id":30977,"href":"https:\/\/mommybag.pl\/pl\/wp-json\/wp\/v2\/product\/30613\/revisions\/30977"}],"wp:featuredmedia":[{"embeddable":true,"href":"https:\/\/mommybag.pl\/pl\/wp-json\/wp\/v2\/media\/30605"}],"wp:attachment":[{"href":"https:\/\/mommybag.pl\/pl\/wp-json\/wp\/v2\/media?parent=30613"}],"wp:term":[{"taxonomy":"brand","embeddable":true,"href":"https:\/\/mommybag.pl\/pl\/wp-json\/wp\/v2\/etheme_brands?post=30613"},{"taxonomy":"product_brand","embeddable":true,"href":"https:\/\/mommybag.pl\/pl\/wp-json\/wp\/v2\/product_brand?post=30613"},{"taxonomy":"product_cat","embeddable":true,"href":"https:\/\/mommybag.pl\/pl\/wp-json\/wp\/v2\/product_cat?post=30613"},{"taxonomy":"product_tag","embeddable":true,"href":"https:\/\/mommybag.pl\/pl\/wp-json\/wp\/v2\/product_tag?post=30613"}],"curies":[{"name":"wp","href":"https:\/\/api.w.org\/{rel}","templated":true}]}}