{"id":28719,"date":"2026-03-19T10:07:27","date_gmt":"2026-03-19T10:07:27","guid":{"rendered":"https:\/\/mommybag.pl\/pl\/?post_type=product&#038;p=28719"},"modified":"2026-05-15T14:18:33","modified_gmt":"2026-05-15T14:18:33","slug":"buty-asics-gel-1130-pure-silver-pink-biale-rozowe-damskie-1202a507-100","status":"publish","type":"product","link":"https:\/\/mommybag.pl\/pl\/product\/buty-asics-gel-1130-pure-silver-pink-biale-rozowe-damskie-1202a507-100\/","title":{"rendered":"Buty ASICS GEL-1130 Pure Silver Pink bia\u0142e r\u00f3\u017cowe damskie 1202A507-100"},"content":{"rendered":"<div style=\"padding: 0; font-family: 'DM Sans',-apple-system,sans-serif;\">\n<div style=\"height: 4px; background: linear-gradient(90deg,#f9a8c9,#f472b6,#ec4899);\"><\/div>\n<div style=\"padding: 48px 52px 52px;\">\n<div style=\"font-family: 'DM Sans',sans-serif; font-size: 9px; font-weight: 500; letter-spacing: 4px; text-transform: uppercase; color: #ec4899; margin-bottom: 16px;\">ASICS \u00d7 Mommybag<\/div>\n<div style=\"font-family: 'Playfair Display',serif; font-size: 28px; font-weight: 400; color: #1a1a1a; line-height: 1.3; margin-bottom: 6px;\">Buty ASICS GEL-1130 Pure Silver Pink bia\u0142e r\u00f3\u017cowe damskie 1202A507-100<\/div>\n<div style=\"font-family: 'Playfair Display',serif; font-style: italic; font-size: 14px; color: #bbb; margin-bottom: 32px;\">Dla niej<\/div>\n<div style=\"font-family: 'DM Sans',sans-serif; font-size: 14px; line-height: 1.9; color: #555; margin-bottom: 40px; padding-bottom: 40px; border-bottom: 1px solid #f3e6f0;\">Buty ASICS GEL-1130 Pure Silver Pink prezentuj\u0105 charakterystyczn\u0105 kolorystyk\u0119 bia\u0142\u0105 z r\u00f3\u017cowymi i srebrnymi detalami. Cholewka wykonana z materia\u0142\u00f3w tekstylnych i syntetycznych zapewnia przewiewno\u015b\u0107 i trwa\u0142o\u015b\u0107. Model nawi\u0105zuje do klasycznych silhouette&#8217;\u00f3w biegowych marki ASICS.<\/div>\n<table style=\"width: 100%; border-collapse: collapse;\">\n<tbody>\n<tr>\n<td style=\"padding: 14px 32px 14px 0; border-bottom: 1px solid #f3e6f0; width: 50%; vertical-align: top;\">\n<div style=\"font-size: 9px; font-weight: 600; letter-spacing: 2.5px; text-transform: uppercase; color: #ec4899; margin-bottom: 3px;\">Marka<\/div>\n<div style=\"font-size: 13.5px; color: #1a1a1a;\">Asics<\/div>\n<\/td>\n<td style=\"padding: 14px 0 14px 32px; border-bottom: 1px solid #f3e6f0; border-left: 1px solid #f3e6f0; width: 50%; vertical-align: top;\">\n<div style=\"font-size: 9px; font-weight: 600; letter-spacing: 2.5px; text-transform: uppercase; color: #ec4899; margin-bottom: 3px;\">Kolor<\/div>\n<div style=\"font-size: 13.5px; color: #1a1a1a;\">Bia\u0142y, r\u00f3\u017cowy, srebrny<\/div>\n<\/td>\n<\/tr>\n<tr>\n<td style=\"padding: 14px 32px 14px 0; border-bottom: 1px solid #f3e6f0; vertical-align: top;\">\n<div style=\"font-size: 9px; font-weight: 600; letter-spacing: 2.5px; text-transform: uppercase; color: #ec4899; margin-bottom: 3px;\">Materia\u0142<\/div>\n<div style=\"font-size: 13.5px; color: #1a1a1a;\">Materia\u0142 tekstylny, syntetyk<\/div>\n<\/td>\n<td style=\"padding: 14px 0 14px 32px; border-bottom: 1px solid #f3e6f0; border-left: 1px solid #f3e6f0; vertical-align: top;\">\n<div style=\"font-size: 9px; font-weight: 600; letter-spacing: 2.5px; text-transform: uppercase; color: #ec4899; margin-bottom: 3px;\"><\/div>\n<div style=\"font-size: 13.5px; color: #1a1a1a;\"><\/div>\n<\/td>\n<\/tr>\n<tr>\n<td style=\"padding: 14px 32px 14px 0; border-bottom: 1px solid #f3e6f0; vertical-align: top;\">\n<div style=\"font-size: 9px; font-weight: 600; letter-spacing: 2.5px; text-transform: uppercase; color: #ec4899; margin-bottom: 3px;\">P\u0142e\u0107<\/div>\n<div style=\"font-size: 13.5px; color: #1a1a1a;\">Damskie<\/div>\n<\/td>\n<td style=\"padding: 14px 0 14px 32px; border-bottom: 1px solid #f3e6f0; border-left: 1px solid #f3e6f0; vertical-align: top;\">\n<div style=\"font-size: 9px; font-weight: 600; letter-spacing: 2.5px; text-transform: uppercase; color: #ec4899; margin-bottom: 3px;\">SKU<\/div>\n<div style=\"font-size: 13.5px; color: #1a1a1a;\">1202A507-100<\/div>\n<\/td>\n<\/tr>\n<tr>\n<td style=\"padding: 14px 0; border-bottom: 1px solid #f3e6f0; vertical-align: top;\" colspan=\"2\">\n<div style=\"font-size: 9px; font-weight: 600; letter-spacing: 2.5px; text-transform: uppercase; color: #ec4899; margin-bottom: 3px;\">Dost\u0119pne rozmiary<\/div>\n<div style=\"font-size: 13.5px; color: #1a1a1a;\">36, 37, 38, 39, 40<\/div>\n<\/td>\n<\/tr>\n<\/tbody>\n<\/table>\n<\/div>\n<\/div>\n","protected":false},"excerpt":{"rendered":"<p>Buty sportowe ASICS GEL-1130 w kolorystyce bia\u0142ej z r\u00f3\u017cowymi i srebrnymi akcentami. Wykonane z materia\u0142\u00f3w tekstylnych i syntetycznych. Model \u0142\u0105czy funkcjonalno\u015b\u0107 sportow\u0105 z codziennym stylem.<\/p>\n","protected":false},"featured_media":28710,"template":"","meta":[],"etheme_brands":[{"term_id":796,"name":"Asics","slug":"asics","term_group":0,"term_taxonomy_id":796,"taxonomy":"brand","description":"","parent":0,"count":1,"filter":"raw"}],"product_brand":[],"product_cat":[180],"product_tag":[659,661,658,795,633,660,551,793,662,550,790,705,508,729],"class_list":{"0":"post-28719","1":"product","2":"type-product","3":"status-publish","4":"has-post-thumbnail","6":"brand-asics","7":"product_cat-obuwie","8":"product_tag-asics","9":"product_tag-biale","10":"product_tag-buty-sportowe","11":"product_tag-classic","12":"product_tag-damskie","13":"product_tag-gel-1130","14":"product_tag-rozowe","15":"product_tag-sale","16":"product_tag-sneakersy","17":"product_tag-srebrne","18":"product_tag-summer","19":"product_tag-summer-2026","20":"product_tag-top","21":"product_tag-trends","23":"first","24":"instock","25":"sale","26":"shipping-taxable","27":"purchasable","28":"product-type-variable","29":"has-default-attributes"},"_links":{"self":[{"href":"https:\/\/mommybag.pl\/pl\/wp-json\/wp\/v2\/product\/28719","targetHints":{"allow":["GET"]}}],"collection":[{"href":"https:\/\/mommybag.pl\/pl\/wp-json\/wp\/v2\/product"}],"about":[{"href":"https:\/\/mommybag.pl\/pl\/wp-json\/wp\/v2\/types\/product"}],"version-history":[{"count":2,"href":"https:\/\/mommybag.pl\/pl\/wp-json\/wp\/v2\/product\/28719\/revisions"}],"predecessor-version":[{"id":29132,"href":"https:\/\/mommybag.pl\/pl\/wp-json\/wp\/v2\/product\/28719\/revisions\/29132"}],"wp:featuredmedia":[{"embeddable":true,"href":"https:\/\/mommybag.pl\/pl\/wp-json\/wp\/v2\/media\/28710"}],"wp:attachment":[{"href":"https:\/\/mommybag.pl\/pl\/wp-json\/wp\/v2\/media?parent=28719"}],"wp:term":[{"taxonomy":"brand","embeddable":true,"href":"https:\/\/mommybag.pl\/pl\/wp-json\/wp\/v2\/etheme_brands?post=28719"},{"taxonomy":"product_brand","embeddable":true,"href":"https:\/\/mommybag.pl\/pl\/wp-json\/wp\/v2\/product_brand?post=28719"},{"taxonomy":"product_cat","embeddable":true,"href":"https:\/\/mommybag.pl\/pl\/wp-json\/wp\/v2\/product_cat?post=28719"},{"taxonomy":"product_tag","embeddable":true,"href":"https:\/\/mommybag.pl\/pl\/wp-json\/wp\/v2\/product_tag?post=28719"}],"curies":[{"name":"wp","href":"https:\/\/api.w.org\/{rel}","templated":true}]}}