{"id":28591,"date":"2026-03-19T10:07:27","date_gmt":"2026-03-19T10:07:27","guid":{"rendered":"https:\/\/mommybag.pl\/pl\/?post_type=product&#038;p=28591"},"modified":"2026-04-02T04:34:20","modified_gmt":"2026-04-02T04:34:20","slug":"kapcie-damskie-designerskie-lekkie-momyy-monster-blue-turkusowy-niebieski-unisex","status":"publish","type":"product","link":"https:\/\/mommybag.pl\/pl\/product\/kapcie-damskie-designerskie-lekkie-momyy-monster-blue-turkusowy-niebieski-unisex\/","title":{"rendered":"Kapcie damskie designerskie lekkie MoMyy MONSTER BLUE Turkusowy, niebieski unisex"},"content":{"rendered":"<div style=\"padding:0;font-family:'DM Sans',-apple-system,sans-serif\">\n<div style=\"height:4px;background:linear-gradient(90deg,#f9a8c9,#f472b6,#ec4899)\"><\/div>\n<div style=\"padding:48px 52px 52px\">\n<div style=\"font-family:'DM Sans',sans-serif;font-size:9px;font-weight:500;letter-spacing:4px;text-transform:uppercase;color:#ec4899;margin-bottom:16px\">\n    Kapcie<\/div>\n<div style=\"font-family:'Playfair Display',serif;font-size:28px;font-weight:400;color:#1a1a1a;line-height:1.3;margin-bottom:6px\">Kapcie damskie designerskie lekkie MoMyy MONSTER BLUE Turkusowy, niebieski unisex<\/div>\n<div style=\"font-family:'Playfair Display',serif;font-style:italic;font-size:14px;color:#bbb;margin-bottom:32px\">Dla ka\u017cdego<\/div>\n<div style=\"font-family:'DM Sans',sans-serif;font-size:14px;line-height:1.9;color:#555;margin-bottom:40px;padding-bottom:40px;border-bottom:1px solid #f3e6f0\">\n    Kapcie z oryginalnym designem przedstawiaj\u0105cym posta\u0107 kresk\u00f3wkow\u0105 w turkusowej kolorystyce. Wykonane z lekkiej pianki EVA, kt\u00f3ra zapewnia amortyzacj\u0119 i wygod\u0119 podczas codziennego u\u017cytkowania. Model charakteryzuje si\u0119 tr\u00f3jwymiarow\u0105 aplikacj\u0105 g\u0142owy postaci z bia\u0142ymi oczami i r\u00f3\u017cowym j\u0119zykiem.<\/div>\n<table style=\"width:100%;border-collapse:collapse\">\n<tr>\n<td style=\"padding:14px 32px 14px 0;border-bottom:1px solid #f3e6f0;width:50%;vertical-align:top\">\n<div style=\"font-size:9px;font-weight:600;letter-spacing:2.5px;text-transform:uppercase;color:#ec4899;margin-bottom:3px\">Marka<\/div>\n<div style=\"font-size:13.5px;color:#1a1a1a\">MoMyy<\/div>\n<\/td>\n<td style=\"padding:14px 0 14px 32px;border-bottom:1px solid #f3e6f0;border-left:1px solid #f3e6f0;width:50%;vertical-align:top\">\n<div style=\"font-size:9px;font-weight:600;letter-spacing:2.5px;text-transform:uppercase;color:#ec4899;margin-bottom:3px\">Kolor<\/div>\n<div style=\"font-size:13.5px;color:#1a1a1a\">Turkusowy, niebieski<\/div>\n<\/td>\n<\/tr>\n<tr>\n<td style=\"padding:14px 32px 14px 0;border-bottom:1px solid #f3e6f0;vertical-align:top\">\n<div style=\"font-size:9px;font-weight:600;letter-spacing:2.5px;text-transform:uppercase;color:#ec4899;margin-bottom:3px\">Materia\u0142<\/div>\n<div style=\"font-size:13.5px;color:#1a1a1a\">Pianka EVA<\/div>\n<\/td>\n<td style=\"padding:14px 0 14px 32px;border-bottom:1px solid #f3e6f0;border-left:1px solid #f3e6f0;vertical-align:top\">\n<div style=\"font-size:9px;font-weight:600;letter-spacing:2.5px;text-transform:uppercase;color:#ec4899;margin-bottom:3px\"><\/div>\n<div style=\"font-size:13.5px;color:#1a1a1a\"><\/div>\n<\/td>\n<\/tr>\n<tr>\n<td style=\"padding:14px 32px 14px 0;border-bottom:1px solid #f3e6f0;vertical-align:top\">\n<div style=\"font-size:9px;font-weight:600;letter-spacing:2.5px;text-transform:uppercase;color:#ec4899;margin-bottom:3px\">P\u0142e\u0107<\/div>\n<div style=\"font-size:13.5px;color:#1a1a1a\">Unisex<\/div>\n<\/td>\n<td style=\"padding:14px 0 14px 32px;border-bottom:1px solid #f3e6f0;border-left:1px solid #f3e6f0;vertical-align:top\">\n<div style=\"font-size:9px;font-weight:600;letter-spacing:2.5px;text-transform:uppercase;color:#ec4899;margin-bottom:3px\">SKU<\/div>\n<div style=\"font-size:13.5px;color:#1a1a1a\">MMY-SLIP-MBLUE<\/div>\n<\/td>\n<\/tr>\n<tr>\n<td colspan=\"2\" style=\"padding:14px 0;border-bottom:1px solid #f3e6f0;vertical-align:top\">\n<div style=\"font-size:9px;font-weight:600;letter-spacing:2.5px;text-transform:uppercase;color:#ec4899;margin-bottom:3px\">Dost\u0119pne rozmiary<\/div>\n<div style=\"font-size:13.5px;color:#1a1a1a\">36, 37, 38, 39, 40<\/div>\n<\/td>\n<\/tr>\n<\/table><\/div>\n<\/div>\n","protected":false},"excerpt":{"rendered":"<p>Kapcie damskie w designerskim wzorze z motywem postaci kresk\u00f3wkowej. Wykonane z lekkiej pianki EVA zapewniaj\u0105cej komfort noszenia. Turkusowa kolorystyka z r\u00f3\u017cowymi akcentami.<\/p>\n","protected":false},"featured_media":28570,"template":"","meta":[],"etheme_brands":[],"product_brand":[],"product_cat":[182,506,180,505],"product_tag":[651,646,648,643,652,650,649,653],"class_list":{"0":"post-28591","1":"product","2":"type-product","3":"status-publish","4":"has-post-thumbnail","6":"product_cat-klapki-i-sandaly","7":"product_cat-nowa-kolekcja","8":"product_cat-obuwie","9":"product_cat-pozostale","10":"product_tag-basen","11":"product_tag-domowe","12":"product_tag-eva","13":"product_tag-kapcie","14":"product_tag-lekkie","15":"product_tag-postac-kreskowkowa","16":"product_tag-turkusowe","17":"product_tag-wygodne","19":"first","20":"instock","21":"shipping-taxable","22":"purchasable","23":"product-type-variable","24":"has-default-attributes"},"_links":{"self":[{"href":"https:\/\/mommybag.pl\/pl\/wp-json\/wp\/v2\/product\/28591","targetHints":{"allow":["GET"]}}],"collection":[{"href":"https:\/\/mommybag.pl\/pl\/wp-json\/wp\/v2\/product"}],"about":[{"href":"https:\/\/mommybag.pl\/pl\/wp-json\/wp\/v2\/types\/product"}],"version-history":[{"count":1,"href":"https:\/\/mommybag.pl\/pl\/wp-json\/wp\/v2\/product\/28591\/revisions"}],"predecessor-version":[{"id":29121,"href":"https:\/\/mommybag.pl\/pl\/wp-json\/wp\/v2\/product\/28591\/revisions\/29121"}],"wp:featuredmedia":[{"embeddable":true,"href":"https:\/\/mommybag.pl\/pl\/wp-json\/wp\/v2\/media\/28570"}],"wp:attachment":[{"href":"https:\/\/mommybag.pl\/pl\/wp-json\/wp\/v2\/media?parent=28591"}],"wp:term":[{"taxonomy":"brand","embeddable":true,"href":"https:\/\/mommybag.pl\/pl\/wp-json\/wp\/v2\/etheme_brands?post=28591"},{"taxonomy":"product_brand","embeddable":true,"href":"https:\/\/mommybag.pl\/pl\/wp-json\/wp\/v2\/product_brand?post=28591"},{"taxonomy":"product_cat","embeddable":true,"href":"https:\/\/mommybag.pl\/pl\/wp-json\/wp\/v2\/product_cat?post=28591"},{"taxonomy":"product_tag","embeddable":true,"href":"https:\/\/mommybag.pl\/pl\/wp-json\/wp\/v2\/product_tag?post=28591"}],"curies":[{"name":"wp","href":"https:\/\/api.w.org\/{rel}","templated":true}]}}