{"id":17340,"date":"2025-10-09T10:00:30","date_gmt":"2025-10-09T10:00:30","guid":{"rendered":"https:\/\/mommybag.pl\/pl\/product\/nike-air-vapormax-plus-924453-004-czarny-sneakersy\/"},"modified":"2026-04-25T05:05:25","modified_gmt":"2026-04-25T05:05:25","slug":"nike-air-vapormax-plus-924453-004-czarny-sneakersy","status":"publish","type":"product","link":"https:\/\/mommybag.pl\/pl\/product\/nike-air-vapormax-plus-924453-004-czarny-sneakersy\/","title":{"rendered":"Nike Air Vapormax Plus 924453-004 \u2014 Czarny Sneakersy"},"content":{"rendered":"<p>Nike Air VaporMax Plus 924453-004 to hybrydowe sneakersy \u0142\u0105cz\u0105ce kultow\u0105 estetyk\u0119 Air Max Plus z nowoczesnym systemem amortyzacji VaporMax Air. Tekstylna cholewka z wzmocnieniami TPU inspirowanymi p\u0142omienistym wzorem z 1998 roku zapewnia wsparcie i trwa\u0142o\u015b\u0107, a mi\u0119kka wy\u015bci\u00f3\u0142ka zwi\u0119ksza wygod\u0119. Pe\u0142nowymiarowa podeszwa VaporMax Air oferuje spr\u0119\u017cysto\u015b\u0107 i lekko\u015b\u0107 na co dzie\u0144. Ca\u0142kowicie czarna kolorystyka dodaje uniwersalno\u015bci stylizacjom sportowym i casualowym.<\/p>\n<h3>Parametry<\/h3>\n<ul>\n<li><strong>Marka<\/strong>: Nike<\/li>\n<li><strong>Model<\/strong>: Air VaporMax Plus<\/li>\n<li><strong>SKU<\/strong>: 924453-004<\/li>\n<li><strong>Kolor<\/strong>: Black<\/li>\n<li><strong>Cholewka<\/strong>: Tekstylna z wzmocnieniami TPU<\/li>\n<li><strong>Wy\u015bci\u00f3\u0142ka<\/strong>: Tekstylna<\/li>\n<li><strong>Podeszwa<\/strong>: Pe\u0142nowymiarowa VaporMax Air<\/li>\n<\/ul>\n","protected":false},"excerpt":{"rendered":"<p>Hybrydowe sneakersy w ca\u0142o\u015bci czarne: tekstylna cholewka z TPU, mi\u0119kka wy\u015bci\u00f3\u0142ka i pe\u0142nowymiarowa podeszwa VaporMax Air dla lekkiej amortyzacji na co dzie\u0144.<\/p>\n","protected":false},"featured_media":17352,"template":"","meta":[],"etheme_brands":[{"term_id":254,"name":"NIKE","slug":"nike","term_group":0,"term_taxonomy_id":254,"taxonomy":"brand","description":"","parent":0,"count":15,"filter":"raw"}],"product_brand":[],"product_cat":[180],"product_tag":[792,790,508,729],"class_list":{"0":"post-17340","1":"product","2":"type-product","3":"status-publish","4":"has-post-thumbnail","6":"brand-nike","7":"product_cat-obuwie","8":"product_tag-792","9":"product_tag-summer","10":"product_tag-top","11":"product_tag-trends","13":"first","14":"instock","15":"sale","16":"purchasable","17":"product-type-variable","18":"has-default-attributes"},"_links":{"self":[{"href":"https:\/\/mommybag.pl\/pl\/wp-json\/wp\/v2\/product\/17340","targetHints":{"allow":["GET"]}}],"collection":[{"href":"https:\/\/mommybag.pl\/pl\/wp-json\/wp\/v2\/product"}],"about":[{"href":"https:\/\/mommybag.pl\/pl\/wp-json\/wp\/v2\/types\/product"}],"version-history":[{"count":1,"href":"https:\/\/mommybag.pl\/pl\/wp-json\/wp\/v2\/product\/17340\/revisions"}],"predecessor-version":[{"id":17341,"href":"https:\/\/mommybag.pl\/pl\/wp-json\/wp\/v2\/product\/17340\/revisions\/17341"}],"wp:featuredmedia":[{"embeddable":true,"href":"https:\/\/mommybag.pl\/pl\/wp-json\/wp\/v2\/media\/17352"}],"wp:attachment":[{"href":"https:\/\/mommybag.pl\/pl\/wp-json\/wp\/v2\/media?parent=17340"}],"wp:term":[{"taxonomy":"brand","embeddable":true,"href":"https:\/\/mommybag.pl\/pl\/wp-json\/wp\/v2\/etheme_brands?post=17340"},{"taxonomy":"product_brand","embeddable":true,"href":"https:\/\/mommybag.pl\/pl\/wp-json\/wp\/v2\/product_brand?post=17340"},{"taxonomy":"product_cat","embeddable":true,"href":"https:\/\/mommybag.pl\/pl\/wp-json\/wp\/v2\/product_cat?post=17340"},{"taxonomy":"product_tag","embeddable":true,"href":"https:\/\/mommybag.pl\/pl\/wp-json\/wp\/v2\/product_tag?post=17340"}],"curies":[{"name":"wp","href":"https:\/\/api.w.org\/{rel}","templated":true}]}}