{"id":17291,"date":"2025-10-09T10:00:30","date_gmt":"2025-10-09T10:00:30","guid":{"rendered":"https:\/\/mommybag.pl\/pl\/product\/nike-air-max-97-921826-101-bialy-sneakersy\/"},"modified":"2026-04-25T05:05:11","modified_gmt":"2026-04-25T05:05:11","slug":"nike-air-max-97-921826-101-bialy-sneakersy","status":"publish","type":"product","link":"https:\/\/mommybag.pl\/pl\/product\/nike-air-max-97-921826-101-bialy-sneakersy\/","title":{"rendered":"Nike Air Max 97 921826-101 \u2014 Bia\u0142y Sneakersy"},"content":{"rendered":"<p>Nike Air Max 97 921826-101 to klasyczne sneakersy w bia\u0142ej kolorystyce, z falist\u0105 konstrukcj\u0105 inspirowan\u0105 liniami szybkich poci\u0105g\u00f3w. Cholewka z materia\u0142\u00f3w syntetycznych i tekstylnych \u0142\u0105czy lekko\u015b\u0107 i przewiewno\u015b\u0107, zapewniaj\u0105c wygod\u0119 podczas codziennego u\u017cytkowania. Pe\u0142nowymiarowa poduszka Air Max amortyzuje ka\u017cdy krok, a gumowa podeszwa dba o trwa\u0142o\u015b\u0107 i przyczepno\u015b\u0107. Uniwersalny design \u0142atwo dopasowa\u0107 do casualowych stylizacji, dost\u0119pne rozmiary obejmuj\u0105 zakres 36\u201345.<\/p>\n<h3>Parametry<\/h3>\n<ul>\n<li><strong>Marka<\/strong>: Nike<\/li>\n<li><strong>Model<\/strong>: Air Max 97<\/li>\n<li><strong>SKU<\/strong>: 921826-101<\/li>\n<li><strong>Kolor<\/strong>: White<\/li>\n<li><strong>Materia\u0142 cholewki<\/strong>: Syntetyczny i tekstylny<\/li>\n<li><strong>Podeszwa<\/strong>: Guma z pe\u0142nowymiarow\u0105 poduszk\u0105 Air Max<\/li>\n<li><strong>Zastosowanie<\/strong>: Codzienne u\u017cytkowanie\/Casual<\/li>\n<li><strong>Rozmiary<\/strong>: 36\u201345<\/li>\n<\/ul>\n","protected":false},"excerpt":{"rendered":"<p>Nike Air Max 97 921826-101 w bieli z falist\u0105 cholewk\u0105. Pe\u0142nowymiarowa poduszka Air Max i gumowa podeszwa zapewniaj\u0105 wygod\u0119 oraz przyczepno\u015b\u0107 w codziennym, casualowym u\u017cytkowaniu.<\/p>\n","protected":false},"featured_media":17303,"template":"","meta":[],"etheme_brands":[{"term_id":254,"name":"NIKE","slug":"nike","term_group":0,"term_taxonomy_id":254,"taxonomy":"brand","description":"","parent":0,"count":15,"filter":"raw"}],"product_brand":[],"product_cat":[180],"product_tag":[792,790,508,729],"class_list":{"0":"post-17291","1":"product","2":"type-product","3":"status-publish","4":"has-post-thumbnail","6":"brand-nike","7":"product_cat-obuwie","8":"product_tag-792","9":"product_tag-summer","10":"product_tag-top","11":"product_tag-trends","13":"first","14":"instock","15":"sale","16":"purchasable","17":"product-type-variable","18":"has-default-attributes"},"_links":{"self":[{"href":"https:\/\/mommybag.pl\/pl\/wp-json\/wp\/v2\/product\/17291","targetHints":{"allow":["GET"]}}],"collection":[{"href":"https:\/\/mommybag.pl\/pl\/wp-json\/wp\/v2\/product"}],"about":[{"href":"https:\/\/mommybag.pl\/pl\/wp-json\/wp\/v2\/types\/product"}],"version-history":[{"count":1,"href":"https:\/\/mommybag.pl\/pl\/wp-json\/wp\/v2\/product\/17291\/revisions"}],"predecessor-version":[{"id":17292,"href":"https:\/\/mommybag.pl\/pl\/wp-json\/wp\/v2\/product\/17291\/revisions\/17292"}],"wp:featuredmedia":[{"embeddable":true,"href":"https:\/\/mommybag.pl\/pl\/wp-json\/wp\/v2\/media\/17303"}],"wp:attachment":[{"href":"https:\/\/mommybag.pl\/pl\/wp-json\/wp\/v2\/media?parent=17291"}],"wp:term":[{"taxonomy":"brand","embeddable":true,"href":"https:\/\/mommybag.pl\/pl\/wp-json\/wp\/v2\/etheme_brands?post=17291"},{"taxonomy":"product_brand","embeddable":true,"href":"https:\/\/mommybag.pl\/pl\/wp-json\/wp\/v2\/product_brand?post=17291"},{"taxonomy":"product_cat","embeddable":true,"href":"https:\/\/mommybag.pl\/pl\/wp-json\/wp\/v2\/product_cat?post=17291"},{"taxonomy":"product_tag","embeddable":true,"href":"https:\/\/mommybag.pl\/pl\/wp-json\/wp\/v2\/product_tag?post=17291"}],"curies":[{"name":"wp","href":"https:\/\/api.w.org\/{rel}","templated":true}]}}