{"id":17275,"date":"2025-10-09T10:00:30","date_gmt":"2025-10-09T10:00:30","guid":{"rendered":"https:\/\/mommybag.pl\/pl\/product\/nike-air-max-97-921522-011-czarny-sneakersy\/"},"modified":"2026-04-25T05:04:57","modified_gmt":"2026-04-25T05:04:57","slug":"nike-air-max-97-921522-011-czarny-sneakersy","status":"publish","type":"product","link":"https:\/\/mommybag.pl\/pl\/product\/nike-air-max-97-921522-011-czarny-sneakersy\/","title":{"rendered":"Nike Air Max 97 921522-011 \u2014 Czarny Sneakersy"},"content":{"rendered":"<p>Nike Air Max 97 921522-011 to ikona inspirowana szybko\u015bci\u0105 poci\u0105g\u00f3w, rozpoznawalna dzi\u0119ki falistym liniom i futurystycznej sylwetce. Zadebiutowa\u0142 w 1997 roku i do dzi\u015b pozostaje jednym z najbardziej charakterystycznych modeli Air Max. W tej czarnej ods\u0142onie po\u0142\u0105czono cholewk\u0119 z materia\u0142\u00f3w syntetycznych, sk\u00f3ry i siateczki z mi\u0119kk\u0105 tekstyln\u0105 wy\u015bci\u00f3\u0142k\u0105. Pe\u0142nowymiarowa poduszka Air w podeszwie zapewnia amortyzacj\u0119, a gumowy bie\u017cnik dba o przyczepno\u015b\u0107. Model \u0142\u0105czy sportowe DNA z uniwersaln\u0105 estetyk\u0105 do codziennego u\u017cytku.<\/p>\n<h3>Parametry<\/h3>\n<ul>\n<li><strong>Marka<\/strong>: Nike<\/li>\n<li><strong>Model<\/strong>: Air Max 97<\/li>\n<li><strong>SKU<\/strong>: 921522-011<\/li>\n<li><strong>Kolor<\/strong>: Black<\/li>\n<li><strong>Cholewka<\/strong>: Materia\u0142y syntetyczne, sk\u00f3ra i siateczka<\/li>\n<li><strong>Wy\u015bci\u00f3\u0142ka<\/strong>: Tekstylna<\/li>\n<li><strong>\u015ar\u00f3dpodeszwa<\/strong>: Pe\u0142nowymiarowa poduszka Air Max<\/li>\n<li><strong>Podeszwa<\/strong>: Guma<\/li>\n<\/ul>\n","protected":false},"excerpt":{"rendered":"<p>Czarna wersja Air Max 97 z cholewk\u0105 z materia\u0142\u00f3w syntetycznych, sk\u00f3ry i siateczki oraz tekstyln\u0105 wy\u015bci\u00f3\u0142k\u0105, z pe\u0142nowymiarow\u0105 poduszk\u0105 Air w podeszwie dla wygody na co dzie\u0144.<\/p>\n","protected":false},"featured_media":17287,"template":"","meta":[],"etheme_brands":[{"term_id":254,"name":"NIKE","slug":"nike","term_group":0,"term_taxonomy_id":254,"taxonomy":"brand","description":"","parent":0,"count":15,"filter":"raw"}],"product_brand":[],"product_cat":[180],"product_tag":[792,790,508,729],"class_list":{"0":"post-17275","1":"product","2":"type-product","3":"status-publish","4":"has-post-thumbnail","6":"brand-nike","7":"product_cat-obuwie","8":"product_tag-792","9":"product_tag-summer","10":"product_tag-top","11":"product_tag-trends","13":"first","14":"instock","15":"sale","16":"purchasable","17":"product-type-variable","18":"has-default-attributes"},"_links":{"self":[{"href":"https:\/\/mommybag.pl\/pl\/wp-json\/wp\/v2\/product\/17275","targetHints":{"allow":["GET"]}}],"collection":[{"href":"https:\/\/mommybag.pl\/pl\/wp-json\/wp\/v2\/product"}],"about":[{"href":"https:\/\/mommybag.pl\/pl\/wp-json\/wp\/v2\/types\/product"}],"version-history":[{"count":2,"href":"https:\/\/mommybag.pl\/pl\/wp-json\/wp\/v2\/product\/17275\/revisions"}],"predecessor-version":[{"id":26163,"href":"https:\/\/mommybag.pl\/pl\/wp-json\/wp\/v2\/product\/17275\/revisions\/26163"}],"wp:featuredmedia":[{"embeddable":true,"href":"https:\/\/mommybag.pl\/pl\/wp-json\/wp\/v2\/media\/17287"}],"wp:attachment":[{"href":"https:\/\/mommybag.pl\/pl\/wp-json\/wp\/v2\/media?parent=17275"}],"wp:term":[{"taxonomy":"brand","embeddable":true,"href":"https:\/\/mommybag.pl\/pl\/wp-json\/wp\/v2\/etheme_brands?post=17275"},{"taxonomy":"product_brand","embeddable":true,"href":"https:\/\/mommybag.pl\/pl\/wp-json\/wp\/v2\/product_brand?post=17275"},{"taxonomy":"product_cat","embeddable":true,"href":"https:\/\/mommybag.pl\/pl\/wp-json\/wp\/v2\/product_cat?post=17275"},{"taxonomy":"product_tag","embeddable":true,"href":"https:\/\/mommybag.pl\/pl\/wp-json\/wp\/v2\/product_tag?post=17275"}],"curies":[{"name":"wp","href":"https:\/\/api.w.org\/{rel}","templated":true}]}}