{"id":33,"date":"2021-12-04T09:58:52","date_gmt":"2021-12-04T09:58:52","guid":{"rendered":"https:\/\/xstore.8theme.com\/elementor\/demos\/minimal-fashion03\/?page_id=33"},"modified":"2026-03-31T10:50:06","modified_gmt":"2026-03-31T10:50:06","slug":"o-nas","status":"publish","type":"page","link":"https:\/\/mommybag.pl\/pl\/o-nas\/","title":{"rendered":"O nas"},"content":{"rendered":"\t\t<div data-elementor-type=\"wp-page\" data-elementor-id=\"33\" class=\"elementor elementor-33\" data-elementor-post-type=\"page\">\n\t\t\t\t\t\t<section class=\"elementor-section elementor-top-section elementor-element elementor-element-59638ec elementor-section-content-middle elementor-section-stretched elementor-section-boxed elementor-section-height-default elementor-section-height-default\" data-id=\"59638ec\" data-element_type=\"section\" data-e-type=\"section\" data-settings=\"{&quot;stretch_section&quot;:&quot;section-stretched&quot;}\">\n\t\t\t\t\t\t<div class=\"elementor-container elementor-column-gap-custom\">\n\t\t\t\t\t<div class=\"elementor-column elementor-col-50 elementor-top-column elementor-element elementor-element-7a84f34\" data-id=\"7a84f34\" data-element_type=\"column\" data-e-type=\"column\">\n\t\t\t<div class=\"elementor-widget-wrap elementor-element-populated\">\n\t\t\t\t\t\t<div class=\"elementor-element elementor-element-5cc7457 elementor-invisible elementor-widget elementor-widget-image\" data-id=\"5cc7457\" data-element_type=\"widget\" data-e-type=\"widget\" data-settings=\"{&quot;_animation&quot;:&quot;fadeInLeft&quot;}\" data-widget_type=\"image.default\">\n\t\t\t\t\t\t\t\t\t\t\t\t\t\t\t<img fetchpriority=\"high\" decoding=\"async\" width=\"1536\" height=\"1024\" src=\"https:\/\/mommybag.pl\/pl\/wp-content\/uploads\/sites\/3\/xstore\/xstore-placeholder.png\" class=\"attachment-full size-full wp-image-31128 lazyload lazyload-simple et-lazyload-fadeIn\" alt=\"\" sizes=\"(max-width: 1536px) 100vw, 1536px\" data-src=\"https:\/\/mommybag.pl\/pl\/wp-content\/uploads\/sites\/3\/2026\/03\/backstage-1.png\" data-srcset=\"https:\/\/mommybag.pl\/pl\/wp-content\/uploads\/sites\/3\/2026\/03\/backstage-1.png 1536w, https:\/\/mommybag.pl\/pl\/wp-content\/uploads\/sites\/3\/2026\/03\/backstage-1-300x200.png 300w, https:\/\/mommybag.pl\/pl\/wp-content\/uploads\/sites\/3\/2026\/03\/backstage-1-1024x683.png 1024w, https:\/\/mommybag.pl\/pl\/wp-content\/uploads\/sites\/3\/2026\/03\/backstage-1-768x512.png 768w, https:\/\/mommybag.pl\/pl\/wp-content\/uploads\/sites\/3\/2026\/03\/backstage-1-600x400.png 600w, https:\/\/mommybag.pl\/pl\/wp-content\/uploads\/sites\/3\/2026\/03\/backstage-1-1x1.png 1w, https:\/\/mommybag.pl\/pl\/wp-content\/uploads\/sites\/3\/2026\/03\/backstage-1-10x7.png 10w\" \/>\t\t\t\t\t\t\t\t\t\t\t\t\t\t\t<\/div>\n\t\t\t\t\t<\/div>\n\t\t<\/div>\n\t\t\t\t<div class=\"elementor-column elementor-col-50 elementor-top-column elementor-element elementor-element-77757cd\" data-id=\"77757cd\" data-element_type=\"column\" data-e-type=\"column\">\n\t\t\t<div class=\"elementor-widget-wrap elementor-element-populated\">\n\t\t\t\t\t\t<div class=\"elementor-element elementor-element-6650238 elementor-invisible elementor-widget elementor-widget-heading\" data-id=\"6650238\" data-element_type=\"widget\" data-e-type=\"widget\" data-settings=\"{&quot;_animation&quot;:&quot;fadeInRight&quot;}\" data-widget_type=\"heading.default\">\n\t\t\t\t\t<h2 class=\"elementor-heading-title elementor-size-default\">O MommyBag<\/h2>\t\t\t\t<\/div>\n\t\t\t\t<div class=\"elementor-element elementor-element-72908f6 elementor-invisible elementor-widget elementor-widget-text-editor\" data-id=\"72908f6\" data-element_type=\"widget\" data-e-type=\"widget\" data-settings=\"{&quot;_animation&quot;:&quot;fadeInRight&quot;}\" data-widget_type=\"text-editor.default\">\n\t\t\t\t\t\t\t\t\t<p data-start=\"16\" data-end=\"262\">W MommyBag wierzymy, \u017ce codzienne produkty powinny \u0142\u0105czy\u0107 funkcjonalno\u015b\u0107, komfort i ponadczasowy styl. Nasz sklep powsta\u0142 z my\u015bl\u0105 o osobach, kt\u00f3re ceni\u0105 praktyczne rozwi\u0105zania, przemy\u015blany design oraz produkty realnie u\u0142atwiaj\u0105ce codzienne \u017cycie.<\/p><p data-start=\"264\" data-end=\"514\">Ka\u017cdy produkt w naszej ofercie jest starannie wyselekcjonowany z naciskiem na jako\u015b\u0107, u\u017cyteczno\u015b\u0107 i nowoczesn\u0105 estetyk\u0119. Uwa\u017camy, \u017ce dobre produkty nie musz\u0105 by\u0107 skomplikowane \u2014 powinny po prostu dzia\u0142a\u0107 i sprawia\u0107, \u017ce codzienno\u015b\u0107 staje si\u0119 prostsza.<\/p><p data-start=\"516\" data-end=\"720\">W MommyBag stale rozwijamy nasz\u0105 ofert\u0119 i dbamy o do\u015bwiadczenie zakupowe klient\u00f3w. Chcemy, aby zakupy by\u0142y proste, przejrzyste i przyjemne \u2014 od przegl\u0105dania produkt\u00f3w a\u017c po moment dostarczenia zam\u00f3wienia.<\/p><p data-start=\"722\" data-end=\"817\">Je\u015bli masz pytania dotycz\u0105ce produkt\u00f3w, zam\u00f3wie\u0144 lub zasad sklepu \u2014 nasz zesp\u00f3\u0142 ch\u0119tnie pomo\u017ce.<\/p>\t\t\t\t\t\t\t\t<\/div>\n\t\t\t\t<div class=\"elementor-element elementor-element-7c45596 elementor-mobile-align-center elementor-invisible elementor-widget elementor-widget-button\" data-id=\"7c45596\" data-element_type=\"widget\" data-e-type=\"widget\" data-settings=\"{&quot;_animation&quot;:&quot;fadeInRight&quot;}\" data-widget_type=\"button.default\">\n\t\t\t\t\t\t\t\t\t\t<a class=\"elementor-button elementor-button-link elementor-size-sm\" href=\"https:\/\/mommybag.pl\/pl\/sklep\/\">\n\t\t\t\t\t\t<span class=\"elementor-button-content-wrapper\">\n\t\t\t\t\t\t\t\t\t<span class=\"elementor-button-text\">Odkryj kolekcj\u0119<\/span>\n\t\t\t\t\t<\/span>\n\t\t\t\t\t<\/a>\n\t\t\t\t\t\t\t\t<\/div>\n\t\t\t\t\t<\/div>\n\t\t<\/div>\n\t\t\t\t\t<\/div>\n\t\t<\/section>\n\t\t\t\t<section class=\"elementor-section elementor-top-section elementor-element elementor-element-f5d9ae9 elementor-section-stretched elementor-section-boxed elementor-section-height-default elementor-section-height-default elementor-invisible\" data-id=\"f5d9ae9\" data-element_type=\"section\" data-e-type=\"section\" data-settings=\"{&quot;stretch_section&quot;:&quot;section-stretched&quot;,&quot;animation&quot;:&quot;fadeIn&quot;}\">\n\t\t\t\t\t\t<div class=\"elementor-container elementor-column-gap-no\">\n\t\t\t\t\t<div class=\"elementor-column elementor-col-33 elementor-top-column elementor-element elementor-element-816598a\" data-id=\"816598a\" data-element_type=\"column\" data-e-type=\"column\">\n\t\t\t<div class=\"elementor-widget-wrap elementor-element-populated\">\n\t\t\t\t\t\t<div class=\"elementor-element elementor-element-93f2c9f elementor-position-left elementor-vertical-align-top elementor-widget elementor-widget-image-box\" data-id=\"93f2c9f\" data-element_type=\"widget\" data-e-type=\"widget\" data-widget_type=\"image-box.default\">\n\t\t\t\t\t<div class=\"elementor-image-box-wrapper\"><figure class=\"elementor-image-box-img\"><img decoding=\"async\" width=\"44\" height=\"44\" src=\"https:\/\/mommybag.pl\/pl\/wp-content\/uploads\/sites\/3\/xstore\/xstore-placeholder-1x1.png\" class=\"attachment-full size-full wp-image-31129 lazyload lazyload-simple et-lazyload-fadeIn\" alt=\"\" sizes=\"(max-width: 44px) 100vw, 44px\" data-src=\"https:\/\/mommybag.pl\/pl\/wp-content\/uploads\/sites\/3\/2026\/03\/minimal_fashion_02-img-06-min-1.jpeg\" data-srcset=\"https:\/\/mommybag.pl\/pl\/wp-content\/uploads\/sites\/3\/2026\/03\/minimal_fashion_02-img-06-min-1.jpeg 44w, https:\/\/mommybag.pl\/pl\/wp-content\/uploads\/sites\/3\/2026\/03\/minimal_fashion_02-img-06-min-1-1x1.jpeg 1w, https:\/\/mommybag.pl\/pl\/wp-content\/uploads\/sites\/3\/2026\/03\/minimal_fashion_02-img-06-min-1-10x10.jpeg 10w\" \/><\/figure><div class=\"elementor-image-box-content\"><h3 class=\"elementor-image-box-title\">Darmowa dostawa<\/h3><p class=\"elementor-image-box-description\">Darmowa dostawa na wszystkie produkty<\/p><\/div><\/div>\t\t\t\t<\/div>\n\t\t\t\t\t<\/div>\n\t\t<\/div>\n\t\t\t\t<div class=\"elementor-column elementor-col-33 elementor-top-column elementor-element elementor-element-ff07d02\" data-id=\"ff07d02\" data-element_type=\"column\" data-e-type=\"column\">\n\t\t\t<div class=\"elementor-widget-wrap elementor-element-populated\">\n\t\t\t\t\t\t<div class=\"elementor-element elementor-element-fe22b52 elementor-position-left elementor-vertical-align-top elementor-widget elementor-widget-image-box\" data-id=\"fe22b52\" data-element_type=\"widget\" data-e-type=\"widget\" data-widget_type=\"image-box.default\">\n\t\t\t\t\t<div class=\"elementor-image-box-wrapper\"><figure class=\"elementor-image-box-img\"><img decoding=\"async\" width=\"34\" height=\"34\" src=\"https:\/\/mommybag.pl\/pl\/wp-content\/uploads\/sites\/3\/xstore\/xstore-placeholder-1x1.png\" class=\"attachment-full size-full wp-image-31130 lazyload lazyload-simple et-lazyload-fadeIn\" alt=\"\" sizes=\"(max-width: 34px) 100vw, 34px\" data-src=\"https:\/\/mommybag.pl\/pl\/wp-content\/uploads\/sites\/3\/2026\/03\/minimal_fashion_02-img-07-min-1.jpeg\" data-srcset=\"https:\/\/mommybag.pl\/pl\/wp-content\/uploads\/sites\/3\/2026\/03\/minimal_fashion_02-img-07-min-1.jpeg 34w, https:\/\/mommybag.pl\/pl\/wp-content\/uploads\/sites\/3\/2026\/03\/minimal_fashion_02-img-07-min-1-1x1.jpeg 1w, https:\/\/mommybag.pl\/pl\/wp-content\/uploads\/sites\/3\/2026\/03\/minimal_fashion_02-img-07-min-1-10x10.jpeg 10w\" \/><\/figure><div class=\"elementor-image-box-content\"><h3 class=\"elementor-image-box-title\">Bezpieczne p\u0142atno\u015bci<\/h3><p class=\"elementor-image-box-description\">P\u0142atno\u015bci i dane chronione szyfrowaniem SSL<\/p><\/div><\/div>\t\t\t\t<\/div>\n\t\t\t\t\t<\/div>\n\t\t<\/div>\n\t\t\t\t<div class=\"elementor-column elementor-col-33 elementor-top-column elementor-element elementor-element-1536242\" data-id=\"1536242\" data-element_type=\"column\" data-e-type=\"column\">\n\t\t\t<div class=\"elementor-widget-wrap elementor-element-populated\">\n\t\t\t\t\t\t<div class=\"elementor-element elementor-element-683a8ba elementor-position-left elementor-vertical-align-top elementor-widget elementor-widget-image-box\" data-id=\"683a8ba\" data-element_type=\"widget\" data-e-type=\"widget\" data-widget_type=\"image-box.default\">\n\t\t\t\t\t<div class=\"elementor-image-box-wrapper\"><figure class=\"elementor-image-box-img\"><img loading=\"lazy\" decoding=\"async\" width=\"34\" height=\"34\" src=\"https:\/\/mommybag.pl\/pl\/wp-content\/uploads\/sites\/3\/xstore\/xstore-placeholder-1x1.png\" class=\"attachment-full size-full wp-image-31131 lazyload lazyload-simple et-lazyload-fadeIn\" alt=\"\" sizes=\"(max-width: 34px) 100vw, 34px\" data-src=\"https:\/\/mommybag.pl\/pl\/wp-content\/uploads\/sites\/3\/2026\/03\/minimal_fashion_02-img-09-min-1.jpeg\" data-srcset=\"https:\/\/mommybag.pl\/pl\/wp-content\/uploads\/sites\/3\/2026\/03\/minimal_fashion_02-img-09-min-1.jpeg 34w, https:\/\/mommybag.pl\/pl\/wp-content\/uploads\/sites\/3\/2026\/03\/minimal_fashion_02-img-09-min-1-1x1.jpeg 1w, https:\/\/mommybag.pl\/pl\/wp-content\/uploads\/sites\/3\/2026\/03\/minimal_fashion_02-img-09-min-1-10x10.jpeg 10w\" \/><\/figure><div class=\"elementor-image-box-content\"><h3 class=\"elementor-image-box-title\">14 dni na zwrot<\/h3><p class=\"elementor-image-box-description\">Masz 14 dni na zwrot lub wymian\u0119 zam\u00f3wienia<\/p><\/div><\/div>\t\t\t\t<\/div>\n\t\t\t\t\t<\/div>\n\t\t<\/div>\n\t\t\t\t\t<\/div>\n\t\t<\/section>\n\t\t\t\t<\/div>\n\t\t","protected":false},"excerpt":{"rendered":"<p>O MommyBag W MommyBag wierzymy, \u017ce codzienne produkty powinny \u0142\u0105czy\u0107 funkcjonalno\u015b\u0107, komfort i ponadczasowy styl. Nasz sklep powsta\u0142 z my\u015bl\u0105 o osobach, kt\u00f3re ceni\u0105 praktyczne&#8230;<\/p>\n","protected":false},"author":1,"featured_media":0,"parent":0,"menu_order":0,"comment_status":"closed","ping_status":"closed","template":"","meta":{"footnotes":""},"class_list":["post-33","page","type-page","status-publish","hentry"],"_links":{"self":[{"href":"https:\/\/mommybag.pl\/pl\/wp-json\/wp\/v2\/pages\/33","targetHints":{"allow":["GET"]}}],"collection":[{"href":"https:\/\/mommybag.pl\/pl\/wp-json\/wp\/v2\/pages"}],"about":[{"href":"https:\/\/mommybag.pl\/pl\/wp-json\/wp\/v2\/types\/page"}],"author":[{"embeddable":true,"href":"https:\/\/mommybag.pl\/pl\/wp-json\/wp\/v2\/users\/1"}],"replies":[{"embeddable":true,"href":"https:\/\/mommybag.pl\/pl\/wp-json\/wp\/v2\/comments?post=33"}],"version-history":[{"count":43,"href":"https:\/\/mommybag.pl\/pl\/wp-json\/wp\/v2\/pages\/33\/revisions"}],"predecessor-version":[{"id":31353,"href":"https:\/\/mommybag.pl\/pl\/wp-json\/wp\/v2\/pages\/33\/revisions\/31353"}],"wp:attachment":[{"href":"https:\/\/mommybag.pl\/pl\/wp-json\/wp\/v2\/media?parent=33"}],"curies":[{"name":"wp","href":"https:\/\/api.w.org\/{rel}","templated":true}]}}