{"id":2061,"date":"2025-08-02T13:42:20","date_gmt":"2025-08-02T13:42:20","guid":{"rendered":"https:\/\/mommybag.pl\/pl\/?page_id=2061"},"modified":"2026-03-31T11:54:49","modified_gmt":"2026-03-31T11:54:49","slug":"platnosci","status":"publish","type":"page","link":"https:\/\/mommybag.pl\/pl\/platnosci\/","title":{"rendered":"P\u0142atno\u015bci"},"content":{"rendered":"\t\t<div data-elementor-type=\"wp-page\" data-elementor-id=\"2061\" class=\"elementor elementor-2061\" data-elementor-post-type=\"page\">\n\t\t\t\t<div class=\"elementor-element elementor-element-9abfd5f e-flex e-con-boxed e-con e-parent\" data-id=\"9abfd5f\" data-element_type=\"container\" data-e-type=\"container\">\n\t\t\t\t\t<div class=\"e-con-inner\">\n\t\t\t\t<div class=\"elementor-element elementor-element-e9bc221 elementor-widget elementor-widget-spacer\" data-id=\"e9bc221\" data-element_type=\"widget\" data-e-type=\"widget\" data-widget_type=\"spacer.default\">\n\t\t\t\t\t\t\t<div class=\"elementor-spacer\">\n\t\t\t<div class=\"elementor-spacer-inner\"><\/div>\n\t\t<\/div>\n\t\t\t\t\t\t<\/div>\n\t\t\t\t<div class=\"elementor-element elementor-element-aa58c3b elementor-widget elementor-widget-text-editor\" data-id=\"aa58c3b\" data-element_type=\"widget\" data-e-type=\"widget\" data-widget_type=\"text-editor.default\">\n\t\t\t\t\t\t\t\t\t<div style=\"font-family: system-ui, -apple-system, sans-serif; background: #f5f5f5; padding: 12px;\">\n\n<!-- HEADER -->\n<div style=\"background: #ffffff; padding: 32px; margin-bottom: 12px;\">\n<p style=\"font-size: 10px; letter-spacing: 2px; color: #999; margin: 0 0 4px 0; text-transform: uppercase;\">MOMMYBAG<\/p>\n\n<h1 style=\"font-size: 18px; font-weight: 500; margin: 0 0 20px 0; color: #000;\">P\u0142atno\u015bci<\/h1>\n<p style=\"font-size: 13px; line-height: 1.7; color: #666; margin: 0;\">Na platformie <strong style=\"color: #000;\">mommybag.pl<\/strong> wszystkie zam\u00f3wienia op\u0142acane s\u0105 z g\u00f3ry. Proces p\u0142atno\u015bci jest w pe\u0142ni bezpieczny i obs\u0142ugiwany przez renomowanych operator\u00f3w p\u0142atniczych.<\/p>\n\n<\/div>\n<!-- PAYMENT METHODS -->\n<div style=\"background: #ffffff; padding: 32px; margin-bottom: 12px;\">\n<p style=\"font-size: 10px; letter-spacing: 2px; color: #999; margin: 0 0 16px 0; text-transform: uppercase;\">DOST\u0118PNE METODY P\u0141ATNO\u015aCI<\/p>\n\n<ul style=\"font-size: 13px; line-height: 1.9; color: #666; margin: 0; padding-left: 20px;\">\n \t<li><strong style=\"color: #000;\">Autopay<\/strong> \u2013 szybkie i bezpieczne p\u0142atno\u015bci online,<\/li>\n \t<li><strong style=\"font-size: 1.14rem; color: #000000;\">Karty p\u0142atnicze<\/strong><span style=\"font-size: 1.14rem;\"> \u2013 p\u0142atno\u015bci kartami debetowymi i kredytowymi (Visa, Mastercard).<\/span><\/li>\n<\/ul>\n<\/div>\n<!-- PAYMENT TERMS -->\n<div style=\"background: #ffffff; padding: 32px; margin-bottom: 12px;\">\n<p style=\"font-size: 10px; letter-spacing: 2px; color: #999; margin: 0 0 16px 0; text-transform: uppercase;\">WARUNKI REALIZACJI P\u0141ATNO\u015aCI<\/p>\n\n<ul style=\"font-size: 13px; line-height: 1.9; color: #666; margin: 0; padding-left: 20px;\">\n \t<li>P\u0142atno\u015b\u0107 musi zosta\u0107 dokonana w ci\u0105gu <strong style=\"color: #000;\">3 dni roboczych<\/strong> od z\u0142o\u017cenia zam\u00f3wienia.<\/li>\n \t<li>Brak p\u0142atno\u015bci w wyznaczonym terminie skutkuje <strong style=\"color: #000;\">automatycznym anulowaniem zam\u00f3wienia<\/strong>.<\/li>\n \t<li>Zam\u00f3wienie zostaje przekazane do realizacji dopiero po <strong style=\"color: #000;\">zaksi\u0119gowaniu pe\u0142nej p\u0142atno\u015bci<\/strong> na rachunku Operatora Platformy.<\/li>\n<\/ul>\n<\/div>\n<!-- SECURITY -->\n<div style=\"background: #ffffff; padding: 32px; margin-bottom: 12px;\">\n<p style=\"font-size: 10px; letter-spacing: 2px; color: #999; margin: 0 0 16px 0; text-transform: uppercase;\">BEZPIECZE\u0143STWO TRANSAKCJI<\/p>\n<p style=\"font-size: 13px; line-height: 1.7; color: #666; margin: 0 0 16px 0;\">Wszystkie transakcje s\u0105 szyfrowane i obs\u0142ugiwane zgodnie ze standardami bezpiecze\u0144stwa PCI DSS oraz wymogami PSD2 dotycz\u0105cymi silnego uwierzytelnienia klienta.<\/p>\n<p style=\"font-size: 13px; line-height: 1.7; color: #666; margin: 0;\">Dane kart p\u0142atniczych nie s\u0105 przechowywane przez mommybag.pl \u2013 ca\u0142o\u015b\u0107 procesu odbywa si\u0119 za po\u015brednictwem certyfikowanych operator\u00f3w p\u0142atno\u015bci.<\/p>\n\n<\/div>\n<!-- CURRENCY -->\n<div style=\"background: #ffffff; padding: 32px; margin-bottom: 12px;\">\n<p style=\"font-size: 10px; letter-spacing: 2px; color: #999; margin: 0 0 16px 0; text-transform: uppercase;\">WALUTA I PRZEWALUTOWANIA<\/p>\n<p style=\"font-size: 13px; line-height: 1.7; color: #666; margin: 0;\">Wszystkie ceny i p\u0142atno\u015bci realizowane s\u0105 w <strong style=\"color: #000;\">PLN.<\/strong><\/p>\n\n<\/div>\n<!-- CONFIRMATION -->\n<div style=\"background: #ffffff; padding: 32px;\">\n<p style=\"font-size: 10px; letter-spacing: 2px; color: #999; margin: 0 0 16px 0; text-transform: uppercase;\">POTWIERDZENIE P\u0141ATNO\u015aCI<\/p>\n<p style=\"font-size: 13px; line-height: 1.7; color: #666; margin: 0;\">Po prawid\u0142owym zaksi\u0119gowaniu \u015brodk\u00f3w na rachunku Operatora Platformy, Klient otrzymuje wiadomo\u015b\u0107 e-mail zawieraj\u0105c\u0105 potwierdzenie p\u0142atno\u015bci oraz szczeg\u00f3\u0142y transakcji.<\/p>\n\n<\/div>\n<\/div>\t\t\t\t\t\t\t\t<\/div>\n\t\t\t\t\t<\/div>\n\t\t\t\t<\/div>\n\t\t\t\t<\/div>\n\t\t","protected":false},"excerpt":{"rendered":"<p>MOMMYBAG P\u0142atno\u015bci Na platformie mommybag.pl wszystkie zam\u00f3wienia op\u0142acane s\u0105 z g\u00f3ry. Proces p\u0142atno\u015bci jest w pe\u0142ni bezpieczny i obs\u0142ugiwany przez renomowanych operator\u00f3w p\u0142atniczych. DOST\u0118PNE METODY&#8230;<\/p>\n","protected":false},"author":1,"featured_media":0,"parent":0,"menu_order":0,"comment_status":"closed","ping_status":"closed","template":"","meta":{"footnotes":""},"class_list":["post-2061","page","type-page","status-publish","hentry"],"_links":{"self":[{"href":"https:\/\/mommybag.pl\/pl\/wp-json\/wp\/v2\/pages\/2061","targetHints":{"allow":["GET"]}}],"collection":[{"href":"https:\/\/mommybag.pl\/pl\/wp-json\/wp\/v2\/pages"}],"about":[{"href":"https:\/\/mommybag.pl\/pl\/wp-json\/wp\/v2\/types\/page"}],"author":[{"embeddable":true,"href":"https:\/\/mommybag.pl\/pl\/wp-json\/wp\/v2\/users\/1"}],"replies":[{"embeddable":true,"href":"https:\/\/mommybag.pl\/pl\/wp-json\/wp\/v2\/comments?post=2061"}],"version-history":[{"count":44,"href":"https:\/\/mommybag.pl\/pl\/wp-json\/wp\/v2\/pages\/2061\/revisions"}],"predecessor-version":[{"id":31334,"href":"https:\/\/mommybag.pl\/pl\/wp-json\/wp\/v2\/pages\/2061\/revisions\/31334"}],"wp:attachment":[{"href":"https:\/\/mommybag.pl\/pl\/wp-json\/wp\/v2\/media?parent=2061"}],"curies":[{"name":"wp","href":"https:\/\/api.w.org\/{rel}","templated":true}]}}