{"id":2060,"date":"2025-08-02T13:38:19","date_gmt":"2025-08-02T13:38:19","guid":{"rendered":"https:\/\/mommybag.pl\/pl\/?page_id=2060"},"modified":"2026-04-01T10:45:50","modified_gmt":"2026-04-01T10:45:50","slug":"formularz-odstapienia-od-umowy","status":"publish","type":"page","link":"https:\/\/mommybag.pl\/pl\/formularz-odstapienia-od-umowy\/","title":{"rendered":"Formularz odst\u0105pienia od umowy\u200b"},"content":{"rendered":"\t\t<div data-elementor-type=\"wp-page\" data-elementor-id=\"2060\" class=\"elementor elementor-2060\" data-elementor-post-type=\"page\">\n\t\t\t\t<div class=\"elementor-element elementor-element-0471562 e-flex e-con-boxed e-con e-parent\" data-id=\"0471562\" data-element_type=\"container\" data-e-type=\"container\">\n\t\t\t\t\t<div class=\"e-con-inner\">\n\t\t\t\t<div class=\"elementor-element elementor-element-b3a5d88 elementor-widget elementor-widget-spacer\" data-id=\"b3a5d88\" data-element_type=\"widget\" data-e-type=\"widget\" data-widget_type=\"spacer.default\">\n\t\t\t\t\t\t\t<div class=\"elementor-spacer\">\n\t\t\t<div class=\"elementor-spacer-inner\"><\/div>\n\t\t<\/div>\n\t\t\t\t\t\t<\/div>\n\t\t\t\t<div class=\"elementor-element elementor-element-0f097b7 elementor-widget elementor-widget-text-editor\" data-id=\"0f097b7\" data-element_type=\"widget\" data-e-type=\"widget\" data-widget_type=\"text-editor.default\">\n\t\t\t\t\t\t\t\t\t<div style=\"font-family: system-ui, -apple-system, sans-serif; background: #f5f5f5; padding: 12px;\">\n\n<!-- HEADER -->\n<div style=\"background: #ffffff; padding: 32px; margin-bottom: 12px;\">\n<p style=\"font-size: 10px; letter-spacing: 2px; color: #999; margin: 0 0 4px 0; text-transform: uppercase;\">MOMMYBAG<\/p>\n\n<h1 style=\"font-size: 18px; font-weight: 500; margin: 0 0 20px 0; color: #000;\">Instrukcja odst\u0105pienia od umowy<\/h1>\n<p style=\"font-size: 13px; line-height: 1.7; color: #666; margin: 0;\">Poni\u017cej znajdziesz informacje dotycz\u0105ce prawa odst\u0105pienia od umowy, terminu na jego wykonanie oraz skutk\u00f3w skorzystania z tego uprawnienia.<\/p>\n\n<\/div>\n<!-- RIGHT OF WITHDRAWAL -->\n<div style=\"background: #ffffff; padding: 32px; margin-bottom: 12px;\">\n<p style=\"font-size: 10px; letter-spacing: 2px; color: #999; margin: 0 0 16px 0; text-transform: uppercase;\">PRAWO ODST\u0104PIENIA OD UMOWY<\/p>\n<p style=\"font-size: 13px; line-height: 1.7; color: #666; margin: 0 0 16px 0;\">Masz prawo odst\u0105pi\u0107 od niniejszej umowy w terminie 14 dni bez podawania przyczyny.<\/p>\n<p style=\"font-size: 13px; line-height: 1.7; color: #666; margin: 0;\">Termin do odst\u0105pienia od umowy wygasa po up\u0142ywie 14 dni od dnia, w kt\u00f3rym wszed\u0142e\u015b w posiadanie rzeczy lub w kt\u00f3rym osoba trzecia inna ni\u017c przewo\u017anik i wskazana przez Ciebie wesz\u0142a w posiadanie rzeczy.<\/p>\n\n<\/div>\n<!-- CONTACT FOR WITHDRAWAL -->\n<div style=\"background: #ffffff; padding: 32px; margin-bottom: 12px;\">\n<p style=\"font-size: 10px; letter-spacing: 2px; color: #999; margin: 0 0 16px 0; text-transform: uppercase;\">DANE DO ZG\u0141OSZENIA ODST\u0104PIENIA<\/p>\n<p style=\"font-size: 13px; line-height: 1.7; color: #666; margin: 0 0 16px 0;\">Aby skorzysta\u0107 z prawa odst\u0105pienia od umowy, musisz poinformowa\u0107:<\/p>\n<p style=\"font-size: 13px; line-height: 1.9; color: #000; margin: 0;\"><strong>Szuuus sp. z o.o.<\/strong>\nul. J\u00f3zefa Mireckiego 13A\/7\n05-300 Mi\u0144sk Mazowiecki\ne-mail: <a style=\"color: #000; text-decoration: underline;\" href=\"mailto:info@mommybag.pl\">info@mommybag.pl<\/a>\ntel.: +48 888 776 910<\/p>\n\n<\/div>\n<!-- STATEMENT -->\n<div style=\"background: #ffffff; padding: 32px; margin-bottom: 12px;\">\n<p style=\"font-size: 10px; letter-spacing: 2px; color: #999; margin: 0 0 16px 0; text-transform: uppercase;\">FORMA O\u015aWIADCZENIA<\/p>\n<p style=\"font-size: 13px; line-height: 1.7; color: #666; margin: 0 0 16px 0;\">o swojej decyzji o odst\u0105pieniu od niniejszej umowy w drodze jednoznacznego o\u015bwiadczenia (na przyk\u0142ad pismo wys\u0142ane poczt\u0105 lub e-mail).<\/p>\n<p style=\"font-size: 13px; line-height: 1.7; color: #666; margin: 0;\">Mo\u017cesz skorzysta\u0107 z <a style=\"color: #000; text-decoration: underline;\" href=\"https:\/\/mommybag.pl\/pl\/formularz-zwrotu\/\">wzorca formularza odst\u0105pienia<\/a>, jednak nie jest to obowi\u0105zkowe.<\/p>\n\n<\/div>\n<!-- DEADLINE -->\n<div style=\"background: #ffffff; padding: 32px; margin-bottom: 12px;\">\n<p style=\"font-size: 10px; letter-spacing: 2px; color: #999; margin: 0 0 16px 0; text-transform: uppercase;\">ZACHOWANIE TERMINU<\/p>\n<p style=\"font-size: 13px; line-height: 1.7; color: #666; margin: 0;\">Aby zachowa\u0107 termin do odst\u0105pienia od umowy, wystarczy, aby\u015b wys\u0142a\u0142 informacj\u0119 dotycz\u0105c\u0105 skorzystania z prawa odst\u0105pienia od umowy przed up\u0142ywem terminu do odst\u0105pienia od umowy.<\/p>\n\n<\/div>\n<!-- EFFECTS HEADER -->\n<div style=\"background: #ffffff; padding: 32px; margin-bottom: 12px;\">\n<p style=\"font-size: 10px; letter-spacing: 2px; color: #999; margin: 0 0 16px 0; text-transform: uppercase;\">SKUTKI ODST\u0104PIENIA OD UMOWY<\/p>\n<p style=\"font-size: 13px; line-height: 1.7; color: #666; margin: 0;\">Poni\u017cej znajdziesz informacje dotycz\u0105ce zasad zwrotu p\u0142atno\u015bci, odes\u0142ania rzeczy oraz odpowiedzialno\u015bci za zmniejszenie jej warto\u015bci.<\/p>\n\n<\/div>\n<!-- EFFECTS GRID -->\n<div style=\"display: grid; grid-template-columns: 1fr 1fr; gap: 12px; margin-bottom: 12px;\">\n<div style=\"background: #ffffff; padding: 24px;\">\n<p style=\"font-size: 10px; letter-spacing: 2px; color: #999; margin: 0 0 8px 0; text-transform: uppercase;\">ZWROT P\u0141ATNO\u015aCI<\/p>\n<p style=\"font-size: 12px; color: #666; line-height: 1.7; margin: 0;\">W przypadku odst\u0105pienia od niniejszej umowy zwr\u00f3cimy wszystkie otrzymane od Ciebie p\u0142atno\u015bci, w tym koszty dostarczenia rzeczy (z wyj\u0105tkiem dodatkowych koszt\u00f3w wynikaj\u0105cych z wybranego przez Ciebie sposobu dostarczenia innego ni\u017c najta\u0144szy zwyk\u0142y spos\u00f3b dostarczenia oferowany w naszym sklepie), niezw\u0142ocznie, a w ka\u017cdym przypadku nie p\u00f3\u017aniej ni\u017c 14 dni od dnia, w kt\u00f3rym zostali\u015bmy poinformowani o Twojej decyzji o odst\u0105pieniu od umowy.<\/p>\n\n<\/div>\n<div style=\"background: #ffffff; padding: 24px;\">\n<p style=\"font-size: 10px; letter-spacing: 2px; color: #999; margin: 0 0 8px 0; text-transform: uppercase;\">METODA ZWROTU<\/p>\n<p style=\"font-size: 12px; color: #666; line-height: 1.7; margin: 0;\">Zwrot p\u0142atno\u015bci zostanie dokonany przy u\u017cyciu takich samych metod p\u0142atno\u015bci, jakie zosta\u0142y przez Ciebie u\u017cyte w pierwotnej transakcji, chyba \u017ce wyra\u017anie zgodzi\u0142e\u015b si\u0119 na inne rozwi\u0105zanie; w ka\u017cdym przypadku nie poniesiesz \u017cadnych op\u0142at w zwi\u0105zku z tym zwrotem.<\/p>\n\n<\/div>\n<div style=\"background: #ffffff; padding: 24px;\">\n<p style=\"font-size: 10px; letter-spacing: 2px; color: #999; margin: 0 0 8px 0; text-transform: uppercase;\">WSTRZYMANIE ZWROTU<\/p>\n<p style=\"font-size: 12px; color: #666; line-height: 1.7; margin: 0;\">Mo\u017cemy wstrzyma\u0107 si\u0119 ze zwrotem p\u0142atno\u015bci do czasu otrzymania rzeczy z powrotem lub dostarczenia nam dowodu jej odes\u0142ania \u2013 w zale\u017cno\u015bci od tego, co nast\u0105pi wcze\u015bniej.<\/p>\n\n<\/div>\n<div style=\"background: #ffffff; padding: 24px;\">\n<p style=\"font-size: 10px; letter-spacing: 2px; color: #999; margin: 0 0 8px 0; text-transform: uppercase;\">ODES\u0141ANIE RZECZY<\/p>\n<p style=\"font-size: 12px; color: #666; line-height: 1.7; margin: 0;\">Ode\u015blij lub przeka\u017c nam rzecz niezw\u0142ocznie, a w ka\u017cdym razie nie p\u00f3\u017aniej ni\u017c 14 dni od dnia, w kt\u00f3rym poinformowa\u0142e\u015b nas o odst\u0105pieniu od niniejszej umowy. Termin jest zachowany, je\u017celi ode\u015blesz rzecz przed up\u0142ywem terminu 14 dni.<\/p>\n\n<\/div>\n<div style=\"background: #ffffff; padding: 24px;\">\n<p style=\"font-size: 10px; letter-spacing: 2px; color: #999; margin: 0 0 8px 0; text-transform: uppercase;\">KOSZTY ZWROTU<\/p>\n<p style=\"font-size: 12px; color: #666; line-height: 1.7; margin: 0;\">Koszty zwrotu rzeczy ponosi Sprzedawca. Szczeg\u00f3\u0142owe informacje dotycz\u0105ce sposobu odes\u0142ania produktu przekazywane s\u0105 przez dzia\u0142 obs\u0142ugi klienta.<\/p>\n\n<\/div>\n<div style=\"background: #ffffff; padding: 24px;\">\n<p style=\"font-size: 10px; letter-spacing: 2px; color: #999; margin: 0 0 8px 0; text-transform: uppercase;\">ODPOWIEDZIALNO\u015a\u0106 ZA ZMNIEJSZENIE WARTO\u015aCI<\/p>\n<p style=\"font-size: 12px; color: #666; line-height: 1.7; margin: 0;\">Odpowiadasz tylko za zmniejszenie warto\u015bci rzeczy wynikaj\u0105ce z korzystania z niej w spos\u00f3b inny ni\u017c konieczny do stwierdzenia charakteru, cech i funkcjonowania rzeczy.<\/p>\n\n<\/div>\n<\/div>\n<!-- ADDITIONAL INFORMATION -->\n<div style=\"background: #ffffff; padding: 32px;\">\n<p style=\"font-size: 10px; letter-spacing: 2px; color: #999; margin: 0 0 16px 0; text-transform: uppercase;\">DODATKOWE INFORMACJE<\/p>\n<p style=\"font-size: 13px; line-height: 1.7; color: #666; margin: 0;\">Wi\u0119cej informacji o procedurze zwrotu i szczeg\u00f3\u0142owych warunkach odst\u0105pienia od umowy znajdziesz w <a style=\"color: #000; text-decoration: underline;\" href=\"https:\/\/mommybag.pl\/pl\/regulamin-sklepu\/\">Regulaminie Sklepu<\/a> oraz na stronie <a style=\"color: #000; text-decoration: underline;\" href=\"https:\/\/mommybag.pl\/pl\/zwroty-i-reklamacje\/\">Zwroty i reklamacje<\/a>.<\/p>\n\n<\/div>\n<\/div>\t\t\t\t\t\t\t\t<\/div>\n\t\t\t\t\t<\/div>\n\t\t\t\t<\/div>\n\t\t\t\t<\/div>\n\t\t","protected":false},"excerpt":{"rendered":"<p>MOMMYBAG Instrukcja odst\u0105pienia od umowy Poni\u017cej znajdziesz informacje dotycz\u0105ce prawa odst\u0105pienia od umowy, terminu na jego wykonanie oraz skutk\u00f3w skorzystania z tego uprawnienia. PRAWO ODST\u0104PIENIA&#8230;<\/p>\n","protected":false},"author":1,"featured_media":0,"parent":0,"menu_order":0,"comment_status":"closed","ping_status":"closed","template":"","meta":{"footnotes":""},"class_list":["post-2060","page","type-page","status-publish","hentry"],"_links":{"self":[{"href":"https:\/\/mommybag.pl\/pl\/wp-json\/wp\/v2\/pages\/2060","targetHints":{"allow":["GET"]}}],"collection":[{"href":"https:\/\/mommybag.pl\/pl\/wp-json\/wp\/v2\/pages"}],"about":[{"href":"https:\/\/mommybag.pl\/pl\/wp-json\/wp\/v2\/types\/page"}],"author":[{"embeddable":true,"href":"https:\/\/mommybag.pl\/pl\/wp-json\/wp\/v2\/users\/1"}],"replies":[{"embeddable":true,"href":"https:\/\/mommybag.pl\/pl\/wp-json\/wp\/v2\/comments?post=2060"}],"version-history":[{"count":45,"href":"https:\/\/mommybag.pl\/pl\/wp-json\/wp\/v2\/pages\/2060\/revisions"}],"predecessor-version":[{"id":31342,"href":"https:\/\/mommybag.pl\/pl\/wp-json\/wp\/v2\/pages\/2060\/revisions\/31342"}],"wp:attachment":[{"href":"https:\/\/mommybag.pl\/pl\/wp-json\/wp\/v2\/media?parent=2060"}],"curies":[{"name":"wp","href":"https:\/\/api.w.org\/{rel}","templated":true}]}}