{"id":2058,"date":"2025-08-02T13:35:58","date_gmt":"2025-08-02T13:35:58","guid":{"rendered":"https:\/\/mommybag.pl\/pl\/?page_id=2058"},"modified":"2026-03-31T09:19:38","modified_gmt":"2026-03-31T09:19:38","slug":"formularz-reklamacyjny","status":"publish","type":"page","link":"https:\/\/mommybag.pl\/pl\/formularz-reklamacyjny\/","title":{"rendered":"Formularz reklamacyjny"},"content":{"rendered":"\t\t<div data-elementor-type=\"wp-page\" data-elementor-id=\"2058\" class=\"elementor elementor-2058\" data-elementor-post-type=\"page\">\n\t\t\t\t<div class=\"elementor-element elementor-element-9abfd5f e-flex e-con-boxed e-con e-parent\" data-id=\"9abfd5f\" data-element_type=\"container\" data-e-type=\"container\">\n\t\t\t\t\t<div class=\"e-con-inner\">\n\t\t\t\t<div class=\"elementor-element elementor-element-e9bc221 elementor-widget elementor-widget-spacer\" data-id=\"e9bc221\" data-element_type=\"widget\" data-e-type=\"widget\" data-widget_type=\"spacer.default\">\n\t\t\t\t\t\t\t<div class=\"elementor-spacer\">\n\t\t\t<div class=\"elementor-spacer-inner\"><\/div>\n\t\t<\/div>\n\t\t\t\t\t\t<\/div>\n\t\t\t\t<div class=\"elementor-element elementor-element-aa58c3b elementor-widget elementor-widget-text-editor\" data-id=\"aa58c3b\" data-element_type=\"widget\" data-e-type=\"widget\" data-widget_type=\"text-editor.default\">\n\t\t\t\t\t\t\t\t\t<div style=\"font-family: system-ui, -apple-system, sans-serif; background: #f5f5f5; padding: 12px;\">\n\n  <!-- HEADER -->\n  <div style=\"background: #ffffff; padding: 32px; margin-bottom: 12px;\">\n    <p style=\"font-size: 10px; letter-spacing: 2px; color: #999; margin: 0 0 4px 0; text-transform: uppercase;\">MOMMYBAG<\/p>\n    <h1 style=\"font-size: 18px; font-weight: 500; margin: 0 0 20px 0; color: #000;\">Formularz reklamacyjny<\/h1>\n    <p style=\"font-size: 13px; line-height: 1.7; color: #666; margin: 0;\">\n      Wz\u00f3r formularza reklamacyjnego \u2013 wype\u0142nij i prze\u015blij ten formularz w przypadku zg\u0142oszenia reklamacji produktu.\n    <\/p>\n  <\/div>\n\n  <!-- RECIPIENT -->\n  <div style=\"background: #ffffff; padding: 32px; margin-bottom: 12px;\">\n    <p style=\"font-size: 10px; letter-spacing: 2px; color: #999; margin: 0 0 16px 0; text-transform: uppercase;\">ODBIORCA<\/p>\n    <p style=\"font-size: 13px; line-height: 1.9; color: #000; margin: 0;\">\n      Szuuus sp. z o.o.<br>\n      ul. J\u00f3zefa Mireckiego 13A\/7<br>\n      05-300 Mi\u0144sk Mazowiecki, Polska<br>\n      e-mail: <a href=\"mailto:info@mommybag.pl\" style=\"color: #000; text-decoration: underline;\">info@mommybag.pl<\/a><br>\n      tel.: +48 888 776 910\n    <\/p>\n  <\/div>\n\n  <!-- WAREHOUSE ADDRESS -->\n  <div style=\"background: #ffffff; padding: 32px; margin-bottom: 12px;\">\n    <p style=\"font-size: 10px; letter-spacing: 2px; color: #999; margin: 0 0 16px 0; text-transform: uppercase;\">MAGAZYN WYSY\u0141KOWY I ADRES DO ZWROT\u00d3W<\/p>\n    <p style=\"font-size: 13px; line-height: 1.7; color: #666; margin: 0 0 12px 0;\">\n      <strong style=\"color: #000;\">Magazyn wysy\u0142kowy i adres do zwrot\u00f3w (adres do wysy\u0142ki reklamowanego produktu):<\/strong>\n    <\/p>\n    <p style=\"font-size: 13px; line-height: 1.9; color: #000; margin: 0;\">\n      Mommybag | 02-457 Warszawa, ul. Czere\u015bniowa 23E, Polska\n    <\/p>\n  <\/div>\n\n  <!-- FORM -->\n  <div style=\"background: #ffffff; padding: 32px; margin-bottom: 12px;\">\n    <p style=\"font-size: 14px; letter-spacing: 1px; color: #000; margin: 0 0 24px 0; text-transform: uppercase; font-weight: 600; text-align: center; border-bottom: 2px solid #000; padding-bottom: 16px;\">FORMULARZ REKLAMACYJNY<\/p>\n\n    <div style=\"margin-bottom: 24px;\">\n      <p style=\"font-size: 10px; letter-spacing: 2px; color: #999; margin: 0 0 12px 0; text-transform: uppercase;\">1. NAZWA I OPIS REKLAMOWANEGO PRODUKTU<\/p>\n      <input style=\"width: 100%; box-sizing: border-box; border: 1px solid #ddd; padding: 12px; font-size: 13px; color: #333; background: #fff;\" type=\"text\" placeholder=\"Nazwa produktu, numer zam\u00f3wienia\" \/>\n    <\/div>\n\n    <div style=\"margin-bottom: 24px;\">\n      <p style=\"font-size: 10px; letter-spacing: 2px; color: #999; margin: 0 0 12px 0; text-transform: uppercase;\">2. OPIS WADY \/ PRZYCZYNY REKLAMACJI<\/p>\n      <textarea style=\"width: 100%; height: 100px; box-sizing: border-box; border: 1px solid #ddd; padding: 12px; font-size: 13px; color: #333; background: #fff;\" placeholder=\"Opisz problem...\"><\/textarea>\n    <\/div>\n\n    <div style=\"display: grid; grid-template-columns: 1fr 1fr; gap: 12px; margin-bottom: 24px;\">\n      <div>\n        <p style=\"font-size: 10px; letter-spacing: 2px; color: #999; margin: 0 0 12px 0; text-transform: uppercase;\">3. DATA ZAKUPU<\/p>\n        <input style=\"width: 100%; box-sizing: border-box; border: 1px solid #ddd; padding: 12px; font-size: 13px; color: #333; background: #fff;\" type=\"text\" placeholder=\"dd.mm.rrrr\" \/>\n      <\/div>\n      <div>\n        <p style=\"font-size: 10px; letter-spacing: 2px; color: #999; margin: 0 0 12px 0; text-transform: uppercase;\">4. DATA OTRZYMANIA PRODUKTU<\/p>\n        <input style=\"width: 100%; box-sizing: border-box; border: 1px solid #ddd; padding: 12px; font-size: 13px; color: #333; background: #fff;\" type=\"text\" placeholder=\"dd.mm.rrrr\" \/>\n      <\/div>\n    <\/div>\n\n    <div style=\"margin-bottom: 24px;\">\n      <p style=\"font-size: 10px; letter-spacing: 2px; color: #999; margin: 0 0 12px 0; text-transform: uppercase;\">5. IMI\u0118 I NAZWISKO \/ NAZWA FIRMY ZG\u0141ASZAJ\u0104CEGO<\/p>\n      <input style=\"width: 100%; box-sizing: border-box; border: 1px solid #ddd; padding: 12px; font-size: 13px; color: #333; background: #fff;\" type=\"text\" \/>\n    <\/div>\n\n    <div style=\"margin-bottom: 24px;\">\n      <p style=\"font-size: 10px; letter-spacing: 2px; color: #999; margin: 0 0 12px 0; text-transform: uppercase;\">6. ADRES DO KORESPONDENCJI<\/p>\n      <textarea style=\"width: 100%; height: 80px; box-sizing: border-box; border: 1px solid #ddd; padding: 12px; font-size: 13px; color: #333; background: #fff;\"><\/textarea>\n    <\/div>\n\n    <div style=\"margin-bottom: 24px;\">\n      <p style=\"font-size: 10px; letter-spacing: 2px; color: #999; margin: 0 0 12px 0; text-transform: uppercase;\">7. TELEFON \/ E-MAIL DO KONTAKTU<\/p>\n      <input style=\"width: 100%; box-sizing: border-box; border: 1px solid #ddd; padding: 12px; font-size: 13px; color: #333; background: #fff;\" type=\"text\" \/>\n    <\/div>\n\n    <div style=\"margin-bottom: 24px;\">\n      <p style=\"font-size: 10px; letter-spacing: 2px; color: #999; margin: 0 0 12px 0; text-transform: uppercase;\">8. NUMER RACHUNKU BANKOWEGO DO EWENTUALNEGO ZWROTU<\/p>\n      <input style=\"width: 100%; box-sizing: border-box; border: 1px solid #ddd; padding: 12px; font-size: 13px; color: #333; background: #fff;\" type=\"text\" \/>\n    <\/div>\n\n    <div style=\"margin-bottom: 24px;\">\n      <p style=\"font-size: 10px; letter-spacing: 2px; color: #999; margin: 0 0 12px 0; text-transform: uppercase;\">9. \u017b\u0104DANIE REKLAMACYJNE (ZAZNACZ ODPOWIEDNIE)<\/p>\n      <div style=\"font-size: 13px; line-height: 2; color: #333; margin: 0 0 16px 0;\">\n        <label style=\"display: block; margin: 0 0 4px 0;\"><input type=\"checkbox\" \/> Naprawa<\/label>\n        <label style=\"display: block; margin: 0 0 4px 0;\"><input type=\"checkbox\" \/> Wymiana na nowy produkt<\/label>\n        <label style=\"display: block; margin: 0 0 4px 0;\"><input type=\"checkbox\" \/> Zwrot pieni\u0119dzy<\/label>\n        <label style=\"display: block; margin: 0;\"><input type=\"checkbox\" \/> Inne (opisz poni\u017cej)<\/label>\n      <\/div>\n\n      <p style=\"font-size: 13px; line-height: 1.7; color: #666; margin: 0 0 12px 0;\"><strong style=\"color: #000;\">Opis innego \u017c\u0105dania:<\/strong><\/p>\n      <textarea style=\"width: 100%; height: 80px; box-sizing: border-box; border: 1px solid #ddd; padding: 12px; font-size: 13px; color: #333; background: #fff;\"><\/textarea>\n    <\/div>\n\n    <div style=\"display: grid; grid-template-columns: 1fr 1fr; gap: 12px;\">\n      <div>\n        <p style=\"font-size: 10px; letter-spacing: 2px; color: #999; margin: 0 0 12px 0; text-transform: uppercase;\">10. DATA Z\u0141O\u017bENIA<\/p>\n        <input style=\"width: 100%; box-sizing: border-box; border: 1px solid #ddd; padding: 12px; font-size: 13px; color: #333; background: #fff;\" type=\"text\" placeholder=\"dd.mm.rrrr\" \/>\n      <\/div>\n      <div>\n        <p style=\"font-size: 10px; letter-spacing: 2px; color: #999; margin: 0 0 12px 0; text-transform: uppercase;\">11. PODPIS (W PRZYPADKU Z\u0141O\u017bENIA W FORMIE PAPIEROWEJ)<\/p>\n        <textarea style=\"width: 100%; height: 48px; box-sizing: border-box; border: 1px solid #ddd; padding: 12px; font-size: 13px; color: #333; background: #fff;\"><\/textarea>\n      <\/div>\n    <\/div>\n  <\/div>\n\n  <!-- FINAL INFO -->\n  <div style=\"background: #ffffff; padding: 32px;\">\n    <p style=\"font-size: 10px; letter-spacing: 2px; color: #999; margin: 0 0 16px 0; text-transform: uppercase;\">SPOS\u00d3B PRZES\u0141ANIA FORMULARZA<\/p>\n    <p style=\"font-size: 13px; line-height: 1.7; color: #666; margin: 0;\">\n      Wype\u0142niony formularz mo\u017cna przes\u0142a\u0107 e-mailem na adres:\n      <a href=\"mailto:info@mommybag.pl\" style=\"color: #000; text-decoration: underline;\">info@mommybag.pl<\/a>\n      lub do\u0142\u0105czy\u0107 do przesy\u0142ki z reklamowanym produktem wysy\u0142anej na adres magazynu (podany powy\u017cej).\n    <\/p>\n  <\/div>\n\n<\/div>\t\t\t\t\t\t\t\t<\/div>\n\t\t\t\t\t<\/div>\n\t\t\t\t<\/div>\n\t\t\t\t<\/div>\n\t\t","protected":false},"excerpt":{"rendered":"<p>MOMMYBAG Formularz reklamacyjny Wz\u00f3r formularza reklamacyjnego \u2013 wype\u0142nij i prze\u015blij ten formularz w przypadku zg\u0142oszenia reklamacji produktu. ODBIORCA Szuuus sp. z o.o. ul. J\u00f3zefa Mireckiego&#8230;<\/p>\n","protected":false},"author":1,"featured_media":0,"parent":0,"menu_order":0,"comment_status":"closed","ping_status":"closed","template":"","meta":{"footnotes":""},"class_list":["post-2058","page","type-page","status-publish","hentry"],"_links":{"self":[{"href":"https:\/\/mommybag.pl\/pl\/wp-json\/wp\/v2\/pages\/2058","targetHints":{"allow":["GET"]}}],"collection":[{"href":"https:\/\/mommybag.pl\/pl\/wp-json\/wp\/v2\/pages"}],"about":[{"href":"https:\/\/mommybag.pl\/pl\/wp-json\/wp\/v2\/types\/page"}],"author":[{"embeddable":true,"href":"https:\/\/mommybag.pl\/pl\/wp-json\/wp\/v2\/users\/1"}],"replies":[{"embeddable":true,"href":"https:\/\/mommybag.pl\/pl\/wp-json\/wp\/v2\/comments?post=2058"}],"version-history":[{"count":19,"href":"https:\/\/mommybag.pl\/pl\/wp-json\/wp\/v2\/pages\/2058\/revisions"}],"predecessor-version":[{"id":31331,"href":"https:\/\/mommybag.pl\/pl\/wp-json\/wp\/v2\/pages\/2058\/revisions\/31331"}],"wp:attachment":[{"href":"https:\/\/mommybag.pl\/pl\/wp-json\/wp\/v2\/media?parent=2058"}],"curies":[{"name":"wp","href":"https:\/\/api.w.org\/{rel}","templated":true}]}}