{"id":34949,"date":"2026-03-29T07:50:06","date_gmt":"2026-03-29T07:50:06","guid":{"rendered":"https:\/\/mommybag.pl\/fr\/?post_type=product&#038;p=34949"},"modified":"2026-03-29T07:50:49","modified_gmt":"2026-03-29T07:50:49","slug":"chaussures-adidas-campus-00s-brown-marron-jr5038","status":"publish","type":"product","link":"https:\/\/mommybag.pl\/fr\/product\/chaussures-adidas-campus-00s-brown-marron-jr5038\/","title":{"rendered":"Chaussures ADIDAS Campus 00s Brown marron JR5038"},"content":{"rendered":"<div style=\"padding:0;font-family:'DM Sans',-apple-system,sans-serif\">\n<div style=\"height:4px;background:linear-gradient(90deg,#f9a8c9,#f472b6,#ec4899)\"><\/div>\n<div style=\"padding:48px 52px 52px\">\n<div style=\"font-family:'DM Sans',sans-serif;font-size:9px;font-weight:500;letter-spacing:4px;text-transform:uppercase;color:#ec4899;margin-bottom:16px\">\n    ADIDAS \u00d7 Mommybag<\/div>\n<div style=\"font-family:'Playfair Display',serif;font-size:28px;font-weight:400;color:#1a1a1a;line-height:1.3;margin-bottom:6px\">Chaussures ADIDAS Campus 00s Brown marron JR5038<\/div>\n<div style=\"font-family:'Playfair Display',serif;font-style:italic;font-size:14px;color:#bbb;margin-bottom:32px\">Pour tous<\/div>\n<div style=\"font-family:'DM Sans',sans-serif;font-size:14px;line-height:1.9;color:#555;margin-bottom:40px;padding-bottom:40px;border-bottom:1px solid #f3e6f0\">\n    Les sneakers ADIDAS Campus 00s allient design classique et d\u00e9tails color\u00e9s modernes. La tige r\u00e9alis\u00e9e en daim de haute qualit\u00e9 dans une teinte marron contraste avec les \u00e9l\u00e9ments roses &#8211; lacets et bandes de la marque. La silhouette traditionnelle Campus a \u00e9t\u00e9 rafra\u00eechie par de subtils changements de proportions.<\/div>\n<table style=\"width:100%;border-collapse:collapse\">\n<tr>\n<td style=\"padding:14px 32px 14px 0;border-bottom:1px solid #f3e6f0;width:50%;vertical-align:top\">\n<div style=\"font-size:9px;font-weight:600;letter-spacing:2.5px;text-transform:uppercase;color:#ec4899;margin-bottom:3px\">Marque<\/div>\n<div style=\"font-size:13.5px;color:#1a1a1a\">Adidas<\/div>\n<\/td>\n<td style=\"padding:14px 0 14px 32px;border-bottom:1px solid #f3e6f0;border-left:1px solid #f3e6f0;width:50%;vertical-align:top\">\n<div style=\"font-size:9px;font-weight:600;letter-spacing:2.5px;text-transform:uppercase;color:#ec4899;margin-bottom:3px\">Couleur<\/div>\n<div style=\"font-size:13.5px;color:#1a1a1a\">Marron<\/div>\n<\/td>\n<\/tr>\n<tr>\n<td style=\"padding:14px 32px 14px 0;border-bottom:1px solid #f3e6f0;vertical-align:top\">\n<div style=\"font-size:9px;font-weight:600;letter-spacing:2.5px;text-transform:uppercase;color:#ec4899;margin-bottom:3px\">Mati\u00e8re<\/div>\n<div style=\"font-size:13.5px;color:#1a1a1a\">Daim\/cuir, mati\u00e8re textile<\/div>\n<\/td>\n<td style=\"padding:14px 0 14px 32px;border-bottom:1px solid #f3e6f0;border-left:1px solid #f3e6f0;vertical-align:top\">\n<div style=\"font-size:9px;font-weight:600;letter-spacing:2.5px;text-transform:uppercase;color:#ec4899;margin-bottom:3px\"><\/div>\n<div style=\"font-size:13.5px;color:#1a1a1a\"><\/div>\n<\/td>\n<\/tr>\n<tr>\n<td style=\"padding:14px 32px 14px 0;border-bottom:1px solid #f3e6f0;vertical-align:top\">\n<div style=\"font-size:9px;font-weight:600;letter-spacing:2.5px;text-transform:uppercase;color:#ec4899;margin-bottom:3px\">Genre<\/div>\n<div style=\"font-size:13.5px;color:#1a1a1a\">Unisexe<\/div>\n<\/td>\n<td style=\"padding:14px 0 14px 32px;border-bottom:1px solid #f3e6f0;border-left:1px solid #f3e6f0;vertical-align:top\">\n<div style=\"font-size:9px;font-weight:600;letter-spacing:2.5px;text-transform:uppercase;color:#ec4899;margin-bottom:3px\">SKU<\/div>\n<div style=\"font-size:13.5px;color:#1a1a1a\">JR5038<\/div>\n<\/td>\n<\/tr>\n<tr>\n<td colspan=\"2\" style=\"padding:14px 0;border-bottom:1px solid #f3e6f0;vertical-align:top\">\n<div style=\"font-size:9px;font-weight:600;letter-spacing:2.5px;text-transform:uppercase;color:#ec4899;margin-bottom:3px\">Tailles disponibles<\/div>\n<div style=\"font-size:13.5px;color:#1a1a1a\">36, 36 2\/3, 37 1\/3, 38, 38 2\/3, 39 1\/3, 40, 40 2\/3<\/div>\n<\/td>\n<\/tr>\n<\/table><\/div>\n<\/div>\n","protected":false},"excerpt":{"rendered":"<p>Sneakers classiques ADIDAS Campus 00s en daim marron avec des accents roses. La tige en cuir su\u00e9d\u00e9 souple assure un confort de port. Trois bandes caract\u00e9ristiques de la marque et semelle en caoutchouc avec motif.<\/p>\n","protected":false},"featured_media":34941,"template":"","meta":[],"etheme_brands":[],"product_brand":[],"product_cat":[659,661],"product_tag":[703,728,747,717,712,735,669,678],"class_list":{"0":"post-34949","1":"product","2":"type-product","3":"status-publish","4":"has-post-thumbnail","6":"product_cat-chaussures","7":"product_cat-lifestyle","8":"product_tag-adidas","9":"product_tag-campus","10":"product_tag-classique","11":"product_tag-daim","12":"product_tag-marron","13":"product_tag-rose","14":"product_tag-sneakers","15":"product_tag-unisexe","17":"first","18":"instock","19":"shipping-taxable","20":"purchasable","21":"product-type-variable","22":"has-default-attributes"},"_links":{"self":[{"href":"https:\/\/mommybag.pl\/fr\/wp-json\/wp\/v2\/product\/34949","targetHints":{"allow":["GET"]}}],"collection":[{"href":"https:\/\/mommybag.pl\/fr\/wp-json\/wp\/v2\/product"}],"about":[{"href":"https:\/\/mommybag.pl\/fr\/wp-json\/wp\/v2\/types\/product"}],"version-history":[{"count":1,"href":"https:\/\/mommybag.pl\/fr\/wp-json\/wp\/v2\/product\/34949\/revisions"}],"predecessor-version":[{"id":35232,"href":"https:\/\/mommybag.pl\/fr\/wp-json\/wp\/v2\/product\/34949\/revisions\/35232"}],"wp:featuredmedia":[{"embeddable":true,"href":"https:\/\/mommybag.pl\/fr\/wp-json\/wp\/v2\/media\/34941"}],"wp:attachment":[{"href":"https:\/\/mommybag.pl\/fr\/wp-json\/wp\/v2\/media?parent=34949"}],"wp:term":[{"taxonomy":"brand","embeddable":true,"href":"https:\/\/mommybag.pl\/fr\/wp-json\/wp\/v2\/etheme_brands?post=34949"},{"taxonomy":"product_brand","embeddable":true,"href":"https:\/\/mommybag.pl\/fr\/wp-json\/wp\/v2\/product_brand?post=34949"},{"taxonomy":"product_cat","embeddable":true,"href":"https:\/\/mommybag.pl\/fr\/wp-json\/wp\/v2\/product_cat?post=34949"},{"taxonomy":"product_tag","embeddable":true,"href":"https:\/\/mommybag.pl\/fr\/wp-json\/wp\/v2\/product_tag?post=34949"}],"curies":[{"name":"wp","href":"https:\/\/api.w.org\/{rel}","templated":true}]}}