{"id":34658,"date":"2026-03-29T07:50:08","date_gmt":"2026-03-29T07:50:08","guid":{"rendered":"https:\/\/mommybag.pl\/fr\/?post_type=product&#038;p=34658"},"modified":"2026-03-29T07:50:48","modified_gmt":"2026-03-29T07:50:48","slug":"baskets-adidas-campus-00s-grey-grises-hq6507","status":"publish","type":"product","link":"https:\/\/mommybag.pl\/fr\/product\/baskets-adidas-campus-00s-grey-grises-hq6507\/","title":{"rendered":"Baskets ADIDAS Campus 00s Grey grises HQ6507"},"content":{"rendered":"<div style=\"padding:0;font-family:'DM Sans',-apple-system,sans-serif\">\n<div style=\"height:4px;background:linear-gradient(90deg,#f9a8c9,#f472b6,#ec4899)\"><\/div>\n<div style=\"padding:48px 52px 52px\">\n<div style=\"font-family:'DM Sans',sans-serif;font-size:9px;font-weight:500;letter-spacing:4px;text-transform:uppercase;color:#ec4899;margin-bottom:16px\">\n    ADIDAS \u00d7 Mommybag<\/div>\n<div style=\"font-family:'Playfair Display',serif;font-size:28px;font-weight:400;color:#1a1a1a;line-height:1.3;margin-bottom:6px\">Baskets ADIDAS Campus 00s Grey grises HQ6507<\/div>\n<div style=\"font-family:'Playfair Display',serif;font-style:italic;font-size:14px;color:#bbb;margin-bottom:32px\">Pour tous<\/div>\n<div style=\"font-family:'DM Sans',sans-serif;font-size:14px;line-height:1.9;color:#555;margin-bottom:40px;padding-bottom:40px;border-bottom:1px solid #f3e6f0\">\n    Les baskets Adidas Campus 00s sont une r\u00e9interpr\u00e9tation du mod\u00e8le classique des ann\u00e9es 80 avec son profil skateboard caract\u00e9ristique. Confectionn\u00e9es en daim de haute qualit\u00e9 coloris gris avec des bandes blanches contrastantes et des perforations. La semelle en caoutchouc assure adh\u00e9rence et durabilit\u00e9 lors de l&rsquo;usage quotidien.<\/div>\n<table style=\"width:100%;border-collapse:collapse\">\n<tr>\n<td style=\"padding:14px 32px 14px 0;border-bottom:1px solid #f3e6f0;width:50%;vertical-align:top\">\n<div style=\"font-size:9px;font-weight:600;letter-spacing:2.5px;text-transform:uppercase;color:#ec4899;margin-bottom:3px\">Marque<\/div>\n<div style=\"font-size:13.5px;color:#1a1a1a\">Adidas<\/div>\n<\/td>\n<td style=\"padding:14px 0 14px 32px;border-bottom:1px solid #f3e6f0;border-left:1px solid #f3e6f0;width:50%;vertical-align:top\">\n<div style=\"font-size:9px;font-weight:600;letter-spacing:2.5px;text-transform:uppercase;color:#ec4899;margin-bottom:3px\">Couleur<\/div>\n<div style=\"font-size:13.5px;color:#1a1a1a\">Gris<\/div>\n<\/td>\n<\/tr>\n<tr>\n<td style=\"padding:14px 32px 14px 0;border-bottom:1px solid #f3e6f0;vertical-align:top\">\n<div style=\"font-size:9px;font-weight:600;letter-spacing:2.5px;text-transform:uppercase;color:#ec4899;margin-bottom:3px\">Mati\u00e8re<\/div>\n<div style=\"font-size:13.5px;color:#1a1a1a\">Daim\/cuir, mati\u00e8re textile<\/div>\n<\/td>\n<td style=\"padding:14px 0 14px 32px;border-bottom:1px solid #f3e6f0;border-left:1px solid #f3e6f0;vertical-align:top\">\n<div style=\"font-size:9px;font-weight:600;letter-spacing:2.5px;text-transform:uppercase;color:#ec4899;margin-bottom:3px\"><\/div>\n<div style=\"font-size:13.5px;color:#1a1a1a\"><\/div>\n<\/td>\n<\/tr>\n<tr>\n<td style=\"padding:14px 32px 14px 0;border-bottom:1px solid #f3e6f0;vertical-align:top\">\n<div style=\"font-size:9px;font-weight:600;letter-spacing:2.5px;text-transform:uppercase;color:#ec4899;margin-bottom:3px\">Genre<\/div>\n<div style=\"font-size:13.5px;color:#1a1a1a\">Unisexe<\/div>\n<\/td>\n<td style=\"padding:14px 0 14px 32px;border-bottom:1px solid #f3e6f0;border-left:1px solid #f3e6f0;vertical-align:top\">\n<div style=\"font-size:9px;font-weight:600;letter-spacing:2.5px;text-transform:uppercase;color:#ec4899;margin-bottom:3px\">SKU<\/div>\n<div style=\"font-size:13.5px;color:#1a1a1a\">HQ6507<\/div>\n<\/td>\n<\/tr>\n<tr>\n<td colspan=\"2\" style=\"padding:14px 0;border-bottom:1px solid #f3e6f0;vertical-align:top\">\n<div style=\"font-size:9px;font-weight:600;letter-spacing:2.5px;text-transform:uppercase;color:#ec4899;margin-bottom:3px\">Tailles disponibles<\/div>\n<div style=\"font-size:13.5px;color:#1a1a1a\">36, 36 2\/3, 37 1\/3, 38, 38 2\/3, 39 1\/3, 40, 40 2\/3<\/div>\n<\/td>\n<\/tr>\n<\/table><\/div>\n<\/div>\n","protected":false},"excerpt":{"rendered":"<p>Les baskets Adidas Campus 00s en coloris gris sont des sneakers basses classiques en cuir su\u00e9d\u00e9. Elles se caract\u00e9risent par les iconiques trois bandes et une semelle en caoutchouc. Leur design universel s&rsquo;adapte aux tenues quotidiennes.<\/p>\n","protected":false},"featured_media":34651,"template":"","meta":[],"etheme_brands":[],"product_brand":[],"product_cat":[659,661],"product_tag":[703,719,662,717,718,722,721,669,720,678],"class_list":{"0":"post-34658","1":"product","2":"type-product","3":"status-publish","4":"has-post-thumbnail","6":"product_cat-chaussures","7":"product_cat-lifestyle","8":"product_tag-adidas","9":"product_tag-basses","10":"product_tag-chaussures-de-sport","11":"product_tag-daim","12":"product_tag-grises","13":"product_tag-quotidiennes","14":"product_tag-skateboard","15":"product_tag-sneakers","16":"product_tag-trois-bandes","17":"product_tag-unisexe","19":"first","20":"instock","21":"shipping-taxable","22":"purchasable","23":"product-type-variable","24":"has-default-attributes"},"_links":{"self":[{"href":"https:\/\/mommybag.pl\/fr\/wp-json\/wp\/v2\/product\/34658","targetHints":{"allow":["GET"]}}],"collection":[{"href":"https:\/\/mommybag.pl\/fr\/wp-json\/wp\/v2\/product"}],"about":[{"href":"https:\/\/mommybag.pl\/fr\/wp-json\/wp\/v2\/types\/product"}],"version-history":[{"count":1,"href":"https:\/\/mommybag.pl\/fr\/wp-json\/wp\/v2\/product\/34658\/revisions"}],"predecessor-version":[{"id":35246,"href":"https:\/\/mommybag.pl\/fr\/wp-json\/wp\/v2\/product\/34658\/revisions\/35246"}],"wp:featuredmedia":[{"embeddable":true,"href":"https:\/\/mommybag.pl\/fr\/wp-json\/wp\/v2\/media\/34651"}],"wp:attachment":[{"href":"https:\/\/mommybag.pl\/fr\/wp-json\/wp\/v2\/media?parent=34658"}],"wp:term":[{"taxonomy":"brand","embeddable":true,"href":"https:\/\/mommybag.pl\/fr\/wp-json\/wp\/v2\/etheme_brands?post=34658"},{"taxonomy":"product_brand","embeddable":true,"href":"https:\/\/mommybag.pl\/fr\/wp-json\/wp\/v2\/product_brand?post=34658"},{"taxonomy":"product_cat","embeddable":true,"href":"https:\/\/mommybag.pl\/fr\/wp-json\/wp\/v2\/product_cat?post=34658"},{"taxonomy":"product_tag","embeddable":true,"href":"https:\/\/mommybag.pl\/fr\/wp-json\/wp\/v2\/product_tag?post=34658"}],"curies":[{"name":"wp","href":"https:\/\/api.w.org\/{rel}","templated":true}]}}