{"id":35058,"date":"2026-03-29T08:00:14","date_gmt":"2026-03-29T08:00:14","guid":{"rendered":"https:\/\/mommybag.pl\/es\/?post_type=product&#038;p=35058"},"modified":"2026-03-29T08:03:59","modified_gmt":"2026-03-29T08:03:59","slug":"mochila-multicompartimento-disenadora-con-cremallera-momyy-baby-sky-rosa-multicolor-para-mujeres","status":"publish","type":"product","link":"https:\/\/mommybag.pl\/es\/product\/mochila-multicompartimento-disenadora-con-cremallera-momyy-baby-sky-rosa-multicolor-para-mujeres\/","title":{"rendered":"Mochila multicompartimento dise\u00f1adora con cremallera MoMyy BABY SKY Rosa, multicolor para mujeres"},"content":{"rendered":"<div style=\"padding:0;font-family:'DM Sans',-apple-system,sans-serif\">\n<div style=\"height:4px;background:linear-gradient(90deg,#f9a8c9,#f472b6,#ec4899)\"><\/div>\n<div style=\"padding:48px 52px 52px\">\n<div style=\"font-family:'DM Sans',sans-serif;font-size:9px;font-weight:500;letter-spacing:4px;text-transform:uppercase;color:#ec4899;margin-bottom:16px\">\n    Mochilas<\/div>\n<div style=\"font-family:'Playfair Display',serif;font-size:28px;font-weight:400;color:#1a1a1a;line-height:1.3;margin-bottom:6px\">Mochila multicompartimento dise\u00f1adora con cremallera MoMyy BABY SKY Rosa, multicolor para mujeres<\/div>\n<div style=\"font-family:'Playfair Display',serif;font-style:italic;font-size:14px;color:#bbb;margin-bottom:32px\">Para ella<\/div>\n<div style=\"font-family:'DM Sans',sans-serif;font-size:14px;line-height:1.9;color:#555;margin-bottom:40px;padding-bottom:40px;border-bottom:1px solid #f3e6f0\">\n    Mochila de colorido azul claro que destaca por su patr\u00f3n acolchado y sutiles acentos arco\u00edris en forma de hilos coloridos. La construcci\u00f3n de poli\u00e9ster garantiza durabilidad, mientras que el sistema de compartimentos con cremallera permite almacenar los objetos de forma organizada. Las correas ajustables para los hombros permiten adaptar la altura a las necesidades individuales.<\/div>\n<table style=\"width:100%;border-collapse:collapse\">\n<tr>\n<td style=\"padding:14px 32px 14px 0;border-bottom:1px solid #f3e6f0;width:50%;vertical-align:top\">\n<div style=\"font-size:9px;font-weight:600;letter-spacing:2.5px;text-transform:uppercase;color:#ec4899;margin-bottom:3px\">Marca<\/div>\n<div style=\"font-size:13.5px;color:#1a1a1a\">MoMyy<\/div>\n<\/td>\n<td style=\"padding:14px 0 14px 32px;border-bottom:1px solid #f3e6f0;border-left:1px solid #f3e6f0;width:50%;vertical-align:top\">\n<div style=\"font-size:9px;font-weight:600;letter-spacing:2.5px;text-transform:uppercase;color:#ec4899;margin-bottom:3px\">Color<\/div>\n<div style=\"font-size:13.5px;color:#1a1a1a\">Rosa, multicolor<\/div>\n<\/td>\n<\/tr>\n<tr>\n<td style=\"padding:14px 32px 14px 0;border-bottom:1px solid #f3e6f0;vertical-align:top\">\n<div style=\"font-size:9px;font-weight:600;letter-spacing:2.5px;text-transform:uppercase;color:#ec4899;margin-bottom:3px\">Material<\/div>\n<div style=\"font-size:13.5px;color:#1a1a1a\">Material textil, poli\u00e9ster<\/div>\n<\/td>\n<td style=\"padding:14px 0 14px 32px;border-bottom:1px solid #f3e6f0;border-left:1px solid #f3e6f0;vertical-align:top\">\n<div style=\"font-size:9px;font-weight:600;letter-spacing:2.5px;text-transform:uppercase;color:#ec4899;margin-bottom:3px\">Dimensiones<\/div>\n<div style=\"font-size:13.5px;color:#1a1a1a\">ancho 27 cm, alto 31 cm, profundidad 12 cm<\/div>\n<\/td>\n<\/tr>\n<tr>\n<td style=\"padding:14px 32px 14px 0;border-bottom:1px solid #f3e6f0;vertical-align:top\">\n<div style=\"font-size:9px;font-weight:600;letter-spacing:2.5px;text-transform:uppercase;color:#ec4899;margin-bottom:3px\">G\u00e9nero<\/div>\n<div style=\"font-size:13.5px;color:#1a1a1a\">Mujer<\/div>\n<\/td>\n<td style=\"padding:14px 0 14px 32px;border-bottom:1px solid #f3e6f0;border-left:1px solid #f3e6f0;vertical-align:top\">\n<div style=\"font-size:9px;font-weight:600;letter-spacing:2.5px;text-transform:uppercase;color:#ec4899;margin-bottom:3px\">SKU<\/div>\n<div style=\"font-size:13.5px;color:#1a1a1a\">MMY-BAC-SKY-1<\/div>\n<\/td>\n<\/tr>\n<tr>\n<td colspan=\"2\" style=\"padding:14px 0;border-bottom:1px solid #f3e6f0;vertical-align:top\">\n<div style=\"font-size:9px;font-weight:600;letter-spacing:2.5px;text-transform:uppercase;color:#ec4899;margin-bottom:3px\"><\/div>\n<div style=\"font-size:13.5px;color:#1a1a1a\"><\/div>\n<\/td>\n<\/tr>\n<\/table><\/div>\n<\/div>\n","protected":false},"excerpt":{"rendered":"<p>Mochila en color azul claro con delicado patr\u00f3n acolchado y acentos arco\u00edris. Fabricada en poli\u00e9ster resistente con m\u00faltiples compartimentos con cremallera. Las correas ajustables garantizan comodidad durante todo el d\u00eda.<\/p>\n","protected":false},"featured_media":35050,"template":"","meta":[],"etheme_brands":[],"product_brand":[],"product_cat":[658],"product_tag":[766,767,772,769,771,768,765,770],"class_list":{"0":"post-35058","1":"product","2":"type-product","3":"status-publish","4":"has-post-thumbnail","6":"product_cat-mochilas","7":"product_tag-mochila-acolchada","8":"product_tag-mochila-azul-claro","9":"product_tag-mochila-con-compartimentos","10":"product_tag-mochila-con-cremalleras","11":"product_tag-mochila-de-poliester","12":"product_tag-mochila-multicolor","13":"product_tag-mochila-para-mujer","14":"product_tag-mochila-urbana","16":"first","17":"instock","18":"shipping-taxable","19":"purchasable","20":"product-type-simple"},"_links":{"self":[{"href":"https:\/\/mommybag.pl\/es\/wp-json\/wp\/v2\/product\/35058","targetHints":{"allow":["GET"]}}],"collection":[{"href":"https:\/\/mommybag.pl\/es\/wp-json\/wp\/v2\/product"}],"about":[{"href":"https:\/\/mommybag.pl\/es\/wp-json\/wp\/v2\/types\/product"}],"version-history":[{"count":1,"href":"https:\/\/mommybag.pl\/es\/wp-json\/wp\/v2\/product\/35058\/revisions"}],"predecessor-version":[{"id":35242,"href":"https:\/\/mommybag.pl\/es\/wp-json\/wp\/v2\/product\/35058\/revisions\/35242"}],"wp:featuredmedia":[{"embeddable":true,"href":"https:\/\/mommybag.pl\/es\/wp-json\/wp\/v2\/media\/35050"}],"wp:attachment":[{"href":"https:\/\/mommybag.pl\/es\/wp-json\/wp\/v2\/media?parent=35058"}],"wp:term":[{"taxonomy":"brand","embeddable":true,"href":"https:\/\/mommybag.pl\/es\/wp-json\/wp\/v2\/etheme_brands?post=35058"},{"taxonomy":"product_brand","embeddable":true,"href":"https:\/\/mommybag.pl\/es\/wp-json\/wp\/v2\/product_brand?post=35058"},{"taxonomy":"product_cat","embeddable":true,"href":"https:\/\/mommybag.pl\/es\/wp-json\/wp\/v2\/product_cat?post=35058"},{"taxonomy":"product_tag","embeddable":true,"href":"https:\/\/mommybag.pl\/es\/wp-json\/wp\/v2\/product_tag?post=35058"}],"curies":[{"name":"wp","href":"https:\/\/api.w.org\/{rel}","templated":true}]}}