{"id":35002,"date":"2026-03-29T08:00:14","date_gmt":"2026-03-29T08:00:14","guid":{"rendered":"https:\/\/mommybag.pl\/es\/?post_type=product&#038;p=35002"},"modified":"2026-03-29T08:03:42","modified_gmt":"2026-03-29T08:03:42","slug":"zapatillas-adidas-xlg-runner-deluxe-wonder-grey-grises-jr9633","status":"publish","type":"product","link":"https:\/\/mommybag.pl\/es\/product\/zapatillas-adidas-xlg-runner-deluxe-wonder-grey-grises-jr9633\/","title":{"rendered":"Zapatillas ADIDAS XLG RUNNER DELUXE Wonder Grey grises JR9633"},"content":{"rendered":"<div style=\"padding:0;font-family:'DM Sans',-apple-system,sans-serif\">\n<div style=\"height:4px;background:linear-gradient(90deg,#f9a8c9,#f472b6,#ec4899)\"><\/div>\n<div style=\"padding:48px 52px 52px\">\n<div style=\"font-family:'DM Sans',sans-serif;font-size:9px;font-weight:500;letter-spacing:4px;text-transform:uppercase;color:#ec4899;margin-bottom:16px\">\n    ADIDAS \u00d7 Mommybag<\/div>\n<div style=\"font-family:'Playfair Display',serif;font-size:28px;font-weight:400;color:#1a1a1a;line-height:1.3;margin-bottom:6px\">Zapatillas ADIDAS XLG RUNNER DELUXE Wonder Grey grises JR9633<\/div>\n<div style=\"font-family:'Playfair Display',serif;font-style:italic;font-size:14px;color:#bbb;margin-bottom:32px\">Para todos<\/div>\n<div style=\"font-family:'DM Sans',sans-serif;font-size:14px;line-height:1.9;color:#555;margin-bottom:40px;padding-bottom:40px;border-bottom:1px solid #f3e6f0\">\n    Las zapatillas ADIDAS XLG Runner Deluxe Wonder Grey son un modelo deportivo con una caracter\u00edstica suela voluminosa y dise\u00f1o futurista. El upper multicapa combina diferentes texturas y materiales en una coloraci\u00f3n monocrom\u00e1tica gris. La tecnolog\u00eda Boost en la entresuela proporciona amortiguaci\u00f3n y retorno de energ\u00eda.<\/div>\n<table style=\"width:100%;border-collapse:collapse\">\n<tr>\n<td style=\"padding:14px 32px 14px 0;border-bottom:1px solid #f3e6f0;width:50%;vertical-align:top\">\n<div style=\"font-size:9px;font-weight:600;letter-spacing:2.5px;text-transform:uppercase;color:#ec4899;margin-bottom:3px\">Marca<\/div>\n<div style=\"font-size:13.5px;color:#1a1a1a\">Adidas<\/div>\n<\/td>\n<td style=\"padding:14px 0 14px 32px;border-bottom:1px solid #f3e6f0;border-left:1px solid #f3e6f0;width:50%;vertical-align:top\">\n<div style=\"font-size:9px;font-weight:600;letter-spacing:2.5px;text-transform:uppercase;color:#ec4899;margin-bottom:3px\">Color<\/div>\n<div style=\"font-size:13.5px;color:#1a1a1a\">Grises<\/div>\n<\/td>\n<\/tr>\n<tr>\n<td style=\"padding:14px 32px 14px 0;border-bottom:1px solid #f3e6f0;vertical-align:top\">\n<div style=\"font-size:9px;font-weight:600;letter-spacing:2.5px;text-transform:uppercase;color:#ec4899;margin-bottom:3px\">Material<\/div>\n<div style=\"font-size:13.5px;color:#1a1a1a\">Piel, material textil, material sint\u00e9tico<\/div>\n<\/td>\n<td style=\"padding:14px 0 14px 32px;border-bottom:1px solid #f3e6f0;border-left:1px solid #f3e6f0;vertical-align:top\">\n<div style=\"font-size:9px;font-weight:600;letter-spacing:2.5px;text-transform:uppercase;color:#ec4899;margin-bottom:3px\"><\/div>\n<div style=\"font-size:13.5px;color:#1a1a1a\"><\/div>\n<\/td>\n<\/tr>\n<tr>\n<td style=\"padding:14px 32px 14px 0;border-bottom:1px solid #f3e6f0;vertical-align:top\">\n<div style=\"font-size:9px;font-weight:600;letter-spacing:2.5px;text-transform:uppercase;color:#ec4899;margin-bottom:3px\">G\u00e9nero<\/div>\n<div style=\"font-size:13.5px;color:#1a1a1a\">Unisex<\/div>\n<\/td>\n<td style=\"padding:14px 0 14px 32px;border-bottom:1px solid #f3e6f0;border-left:1px solid #f3e6f0;vertical-align:top\">\n<div style=\"font-size:9px;font-weight:600;letter-spacing:2.5px;text-transform:uppercase;color:#ec4899;margin-bottom:3px\">SKU<\/div>\n<div style=\"font-size:13.5px;color:#1a1a1a\">JR9633<\/div>\n<\/td>\n<\/tr>\n<tr>\n<td colspan=\"2\" style=\"padding:14px 0;border-bottom:1px solid #f3e6f0;vertical-align:top\">\n<div style=\"font-size:9px;font-weight:600;letter-spacing:2.5px;text-transform:uppercase;color:#ec4899;margin-bottom:3px\">Tallas disponibles<\/div>\n<div style=\"font-size:13.5px;color:#1a1a1a\">36, 36 2\/3, 37 1\/3, 38, 38 2\/3, 39 1\/3, 40, 40 2\/3, 41 1\/3, 42, 42 2\/3, 43 1\/3, 44, 44 2\/3, 45 1\/3<\/div>\n<\/td>\n<\/tr>\n<\/table><\/div>\n<\/div>\n","protected":false},"excerpt":{"rendered":"<p>Las zapatillas deportivas ADIDAS XLG Runner Deluxe en tono Wonder Grey combinan una suela voluminosa con un upper multicapa. Fabricadas con una combinaci\u00f3n de piel, material textil y material sint\u00e9tico proporcionan estabilidad y comodidad.<\/p>\n","protected":false},"featured_media":34995,"template":"","meta":[],"etheme_brands":[],"product_brand":[],"product_cat":[661,659],"product_tag":[705,755,674,720,669,596,568,754],"class_list":{"0":"post-35002","1":"product","2":"type-product","3":"status-publish","4":"has-post-thumbnail","6":"product_cat-lifestyle","7":"product_cat-zapatos","8":"product_tag-adidas","9":"product_tag-boost","10":"product_tag-deportivas","11":"product_tag-grises","12":"product_tag-sneakers","13":"product_tag-streetwear","14":"product_tag-unisex","15":"product_tag-xlg-runner","17":"first","18":"instock","19":"shipping-taxable","20":"purchasable","21":"product-type-variable","22":"has-default-attributes"},"_links":{"self":[{"href":"https:\/\/mommybag.pl\/es\/wp-json\/wp\/v2\/product\/35002","targetHints":{"allow":["GET"]}}],"collection":[{"href":"https:\/\/mommybag.pl\/es\/wp-json\/wp\/v2\/product"}],"about":[{"href":"https:\/\/mommybag.pl\/es\/wp-json\/wp\/v2\/types\/product"}],"version-history":[{"count":1,"href":"https:\/\/mommybag.pl\/es\/wp-json\/wp\/v2\/product\/35002\/revisions"}],"predecessor-version":[{"id":35246,"href":"https:\/\/mommybag.pl\/es\/wp-json\/wp\/v2\/product\/35002\/revisions\/35246"}],"wp:featuredmedia":[{"embeddable":true,"href":"https:\/\/mommybag.pl\/es\/wp-json\/wp\/v2\/media\/34995"}],"wp:attachment":[{"href":"https:\/\/mommybag.pl\/es\/wp-json\/wp\/v2\/media?parent=35002"}],"wp:term":[{"taxonomy":"brand","embeddable":true,"href":"https:\/\/mommybag.pl\/es\/wp-json\/wp\/v2\/etheme_brands?post=35002"},{"taxonomy":"product_brand","embeddable":true,"href":"https:\/\/mommybag.pl\/es\/wp-json\/wp\/v2\/product_brand?post=35002"},{"taxonomy":"product_cat","embeddable":true,"href":"https:\/\/mommybag.pl\/es\/wp-json\/wp\/v2\/product_cat?post=35002"},{"taxonomy":"product_tag","embeddable":true,"href":"https:\/\/mommybag.pl\/es\/wp-json\/wp\/v2\/product_tag?post=35002"}],"curies":[{"name":"wp","href":"https:\/\/api.w.org\/{rel}","templated":true}]}}