{"id":34906,"date":"2026-03-29T08:00:15","date_gmt":"2026-03-29T08:00:15","guid":{"rendered":"https:\/\/mommybag.pl\/es\/?post_type=product&#038;p=34906"},"modified":"2026-03-29T08:03:16","modified_gmt":"2026-03-29T08:03:16","slug":"zapatillas-nike-shox-tl-light-bone-burgundy-crush-beige-burdeos-im6013-072","status":"publish","type":"product","link":"https:\/\/mommybag.pl\/es\/product\/zapatillas-nike-shox-tl-light-bone-burgundy-crush-beige-burdeos-im6013-072\/","title":{"rendered":"Zapatillas NIKE SHOX TL Light Bone Burgundy Crush beige burdeos IM6013-072"},"content":{"rendered":"<div style=\"padding:0;font-family:'DM Sans',-apple-system,sans-serif\">\n<div style=\"height:4px;background:linear-gradient(90deg,#f9a8c9,#f472b6,#ec4899)\"><\/div>\n<div style=\"padding:48px 52px 52px\">\n<div style=\"font-family:'DM Sans',sans-serif;font-size:9px;font-weight:500;letter-spacing:4px;text-transform:uppercase;color:#ec4899;margin-bottom:16px\">\n    NIKE \u00d7 Mommybag<\/div>\n<div style=\"font-family:'Playfair Display',serif;font-size:28px;font-weight:400;color:#1a1a1a;line-height:1.3;margin-bottom:6px\">Zapatillas NIKE SHOX TL Light Bone Burgundy Crush beige burdeos IM6013-072<\/div>\n<div style=\"font-family:'Playfair Display',serif;font-style:italic;font-size:14px;color:#bbb;margin-bottom:32px\">Para todos<\/div>\n<div style=\"font-family:'DM Sans',sans-serif;font-size:14px;line-height:1.9;color:#555;margin-bottom:40px;padding-bottom:40px;border-bottom:1px solid #f3e6f0\">\n    Las zapatillas Nike Shox TL son un modelo equipado con la caracter\u00edstica tecnolog\u00eda de amortiguaci\u00f3n Shox en la parte trasera de la suela. El upper est\u00e1 fabricado con combinaci\u00f3n de materiales textiles y sint\u00e9ticos en coloraci\u00f3n light bone con elementos contrastantes en tono burgundy crush. El modelo se caracteriza por un dise\u00f1o con l\u00edneas marcadas y sistema funcional de cordones.<\/div>\n<table style=\"width:100%;border-collapse:collapse\">\n<tr>\n<td style=\"padding:14px 32px 14px 0;border-bottom:1px solid #f3e6f0;width:50%;vertical-align:top\">\n<div style=\"font-size:9px;font-weight:600;letter-spacing:2.5px;text-transform:uppercase;color:#ec4899;margin-bottom:3px\">Marca<\/div>\n<div style=\"font-size:13.5px;color:#1a1a1a\">NIKE<\/div>\n<\/td>\n<td style=\"padding:14px 0 14px 32px;border-bottom:1px solid #f3e6f0;border-left:1px solid #f3e6f0;width:50%;vertical-align:top\">\n<div style=\"font-size:9px;font-weight:600;letter-spacing:2.5px;text-transform:uppercase;color:#ec4899;margin-bottom:3px\">Color<\/div>\n<div style=\"font-size:13.5px;color:#1a1a1a\">Beige, burdeos, marr\u00f3n<\/div>\n<\/td>\n<\/tr>\n<tr>\n<td style=\"padding:14px 32px 14px 0;border-bottom:1px solid #f3e6f0;vertical-align:top\">\n<div style=\"font-size:9px;font-weight:600;letter-spacing:2.5px;text-transform:uppercase;color:#ec4899;margin-bottom:3px\">Material<\/div>\n<div style=\"font-size:13.5px;color:#1a1a1a\">Material textil, sint\u00e9tico<\/div>\n<\/td>\n<td style=\"padding:14px 0 14px 32px;border-bottom:1px solid #f3e6f0;border-left:1px solid #f3e6f0;vertical-align:top\">\n<div style=\"font-size:9px;font-weight:600;letter-spacing:2.5px;text-transform:uppercase;color:#ec4899;margin-bottom:3px\"><\/div>\n<div style=\"font-size:13.5px;color:#1a1a1a\"><\/div>\n<\/td>\n<\/tr>\n<tr>\n<td style=\"padding:14px 32px 14px 0;border-bottom:1px solid #f3e6f0;vertical-align:top\">\n<div style=\"font-size:9px;font-weight:600;letter-spacing:2.5px;text-transform:uppercase;color:#ec4899;margin-bottom:3px\">G\u00e9nero<\/div>\n<div style=\"font-size:13.5px;color:#1a1a1a\">Unisex<\/div>\n<\/td>\n<td style=\"padding:14px 0 14px 32px;border-bottom:1px solid #f3e6f0;border-left:1px solid #f3e6f0;vertical-align:top\">\n<div style=\"font-size:9px;font-weight:600;letter-spacing:2.5px;text-transform:uppercase;color:#ec4899;margin-bottom:3px\">SKU<\/div>\n<div style=\"font-size:13.5px;color:#1a1a1a\">IM6013-072<\/div>\n<\/td>\n<\/tr>\n<tr>\n<td colspan=\"2\" style=\"padding:14px 0;border-bottom:1px solid #f3e6f0;vertical-align:top\">\n<div style=\"font-size:9px;font-weight:600;letter-spacing:2.5px;text-transform:uppercase;color:#ec4899;margin-bottom:3px\">Tallas disponibles<\/div>\n<div style=\"font-size:13.5px;color:#1a1a1a\">36, 37, 38, 39, 40, 41, 42, 43, 44, 45<\/div>\n<\/td>\n<\/tr>\n<\/table><\/div>\n<\/div>\n","protected":false},"excerpt":{"rendered":"<p>Zapatillas Nike Shox TL con la caracter\u00edstica tecnolog\u00eda de amortiguaci\u00f3n en la suela. Fabricadas con combinaci\u00f3n de materiales textiles y sint\u00e9ticos en coloraci\u00f3n light bone con acentos burgundy crush. Modelo equipado con sistema de cordones y suela exterior de goma.<\/p>\n","protected":false},"featured_media":34897,"template":"","meta":[],"etheme_brands":[],"product_brand":[],"product_cat":[661,659],"product_tag":[725,600,747,562,563,669,677,568],"class_list":{"0":"post-34906","1":"product","2":"type-product","3":"status-publish","4":"has-post-thumbnail","6":"product_cat-lifestyle","7":"product_cat-zapatos","8":"product_tag-amortiguacion","9":"product_tag-beige","10":"product_tag-burdeos","11":"product_tag-nike","12":"product_tag-shox","13":"product_tag-sneakers","14":"product_tag-textiles","15":"product_tag-unisex","17":"first","18":"instock","19":"shipping-taxable","20":"purchasable","21":"product-type-variable","22":"has-default-attributes"},"_links":{"self":[{"href":"https:\/\/mommybag.pl\/es\/wp-json\/wp\/v2\/product\/34906","targetHints":{"allow":["GET"]}}],"collection":[{"href":"https:\/\/mommybag.pl\/es\/wp-json\/wp\/v2\/product"}],"about":[{"href":"https:\/\/mommybag.pl\/es\/wp-json\/wp\/v2\/types\/product"}],"version-history":[{"count":1,"href":"https:\/\/mommybag.pl\/es\/wp-json\/wp\/v2\/product\/34906\/revisions"}],"predecessor-version":[{"id":35251,"href":"https:\/\/mommybag.pl\/es\/wp-json\/wp\/v2\/product\/34906\/revisions\/35251"}],"wp:featuredmedia":[{"embeddable":true,"href":"https:\/\/mommybag.pl\/es\/wp-json\/wp\/v2\/media\/34897"}],"wp:attachment":[{"href":"https:\/\/mommybag.pl\/es\/wp-json\/wp\/v2\/media?parent=34906"}],"wp:term":[{"taxonomy":"brand","embeddable":true,"href":"https:\/\/mommybag.pl\/es\/wp-json\/wp\/v2\/etheme_brands?post=34906"},{"taxonomy":"product_brand","embeddable":true,"href":"https:\/\/mommybag.pl\/es\/wp-json\/wp\/v2\/product_brand?post=34906"},{"taxonomy":"product_cat","embeddable":true,"href":"https:\/\/mommybag.pl\/es\/wp-json\/wp\/v2\/product_cat?post=34906"},{"taxonomy":"product_tag","embeddable":true,"href":"https:\/\/mommybag.pl\/es\/wp-json\/wp\/v2\/product_tag?post=34906"}],"curies":[{"name":"wp","href":"https:\/\/api.w.org\/{rel}","templated":true}]}}