{"id":34590,"date":"2026-03-29T08:00:17","date_gmt":"2026-03-29T08:00:17","guid":{"rendered":"https:\/\/mommybag.pl\/es\/?post_type=product&#038;p=34590"},"modified":"2026-03-29T08:01:03","modified_gmt":"2026-03-29T08:01:03","slug":"zapatillas-new-balance-740-white-silver-blancas-plateadas-gr740wm","status":"publish","type":"product","link":"https:\/\/mommybag.pl\/es\/product\/zapatillas-new-balance-740-white-silver-blancas-plateadas-gr740wm\/","title":{"rendered":"Zapatillas NEW BALANCE 740 White Silver blancas plateadas GR740WM"},"content":{"rendered":"<div style=\"padding:0;font-family:'DM Sans',-apple-system,sans-serif\">\n<div style=\"height:4px;background:linear-gradient(90deg,#f9a8c9,#f472b6,#ec4899)\"><\/div>\n<div style=\"padding:48px 52px 52px\">\n<div style=\"font-family:'DM Sans',sans-serif;font-size:9px;font-weight:500;letter-spacing:4px;text-transform:uppercase;color:#ec4899;margin-bottom:16px\">\n    NEW BALANCE \u00d7 Mommybag<\/div>\n<div style=\"font-family:'Playfair Display',serif;font-size:28px;font-weight:400;color:#1a1a1a;line-height:1.3;margin-bottom:6px\">Zapatillas NEW BALANCE 740 White Silver blancas plateadas GR740WM<\/div>\n<div style=\"font-family:'Playfair Display',serif;font-style:italic;font-size:14px;color:#bbb;margin-bottom:32px\">Para todos<\/div>\n<div style=\"font-family:'DM Sans',sans-serif;font-size:14px;line-height:1.9;color:#555;margin-bottom:40px;padding-bottom:40px;border-bottom:1px solid #f3e6f0\">\n    Las zapatillas deportivas New Balance 740 combinan funcionalidad con dise\u00f1o cl\u00e1sico. La combinaci\u00f3n blanco-plateada con detalles contrastantes funciona perfectamente en looks diarios. El upper textil con inserciones sint\u00e9ticas garantiza transpirabilidad y durabilidad.<\/div>\n<table style=\"width:100%;border-collapse:collapse\">\n<tr>\n<td style=\"padding:14px 32px 14px 0;border-bottom:1px solid #f3e6f0;width:50%;vertical-align:top\">\n<div style=\"font-size:9px;font-weight:600;letter-spacing:2.5px;text-transform:uppercase;color:#ec4899;margin-bottom:3px\">Marca<\/div>\n<div style=\"font-size:13.5px;color:#1a1a1a\">New Balance<\/div>\n<\/td>\n<td style=\"padding:14px 0 14px 32px;border-bottom:1px solid #f3e6f0;border-left:1px solid #f3e6f0;width:50%;vertical-align:top\">\n<div style=\"font-size:9px;font-weight:600;letter-spacing:2.5px;text-transform:uppercase;color:#ec4899;margin-bottom:3px\">Color<\/div>\n<div style=\"font-size:13.5px;color:#1a1a1a\">Blanco, plateado<\/div>\n<\/td>\n<\/tr>\n<tr>\n<td style=\"padding:14px 32px 14px 0;border-bottom:1px solid #f3e6f0;vertical-align:top\">\n<div style=\"font-size:9px;font-weight:600;letter-spacing:2.5px;text-transform:uppercase;color:#ec4899;margin-bottom:3px\">Material<\/div>\n<div style=\"font-size:13.5px;color:#1a1a1a\">Material textil, sint\u00e9tico<\/div>\n<\/td>\n<td style=\"padding:14px 0 14px 32px;border-bottom:1px solid #f3e6f0;border-left:1px solid #f3e6f0;vertical-align:top\">\n<div style=\"font-size:9px;font-weight:600;letter-spacing:2.5px;text-transform:uppercase;color:#ec4899;margin-bottom:3px\"><\/div>\n<div style=\"font-size:13.5px;color:#1a1a1a\"><\/div>\n<\/td>\n<\/tr>\n<tr>\n<td style=\"padding:14px 32px 14px 0;border-bottom:1px solid #f3e6f0;vertical-align:top\">\n<div style=\"font-size:9px;font-weight:600;letter-spacing:2.5px;text-transform:uppercase;color:#ec4899;margin-bottom:3px\">G\u00e9nero<\/div>\n<div style=\"font-size:13.5px;color:#1a1a1a\">Unisex<\/div>\n<\/td>\n<td style=\"padding:14px 0 14px 32px;border-bottom:1px solid #f3e6f0;border-left:1px solid #f3e6f0;vertical-align:top\">\n<div style=\"font-size:9px;font-weight:600;letter-spacing:2.5px;text-transform:uppercase;color:#ec4899;margin-bottom:3px\">SKU<\/div>\n<div style=\"font-size:13.5px;color:#1a1a1a\">GR740WM<\/div>\n<\/td>\n<\/tr>\n<tr>\n<td colspan=\"2\" style=\"padding:14px 0;border-bottom:1px solid #f3e6f0;vertical-align:top\">\n<div style=\"font-size:9px;font-weight:600;letter-spacing:2.5px;text-transform:uppercase;color:#ec4899;margin-bottom:3px\">Tallas disponibles<\/div>\n<div style=\"font-size:13.5px;color:#1a1a1a\">36, 37, 38, 39, 40<\/div>\n<\/td>\n<\/tr>\n<\/table><\/div>\n<\/div>\n","protected":false},"excerpt":{"rendered":"<p>Zapatillas deportivas New Balance 740 en combinaci\u00f3n blanco-plateado. Fabricadas con materiales textiles con detalles sint\u00e9ticos. Equipadas con suelas amortiguadoras y paneles de malla ventilada.<\/p>\n","protected":false},"featured_media":34583,"template":"","meta":[],"etheme_brands":[],"product_brand":[],"product_cat":[661,659],"product_tag":[710,595,712,709,711,677,568,662],"class_list":{"0":"post-34590","1":"product","2":"type-product","3":"status-publish","4":"has-post-thumbnail","6":"product_cat-lifestyle","7":"product_cat-zapatos","8":"product_tag-blanco-plateado","9":"product_tag-casual","10":"product_tag-deporte","11":"product_tag-new-balance","12":"product_tag-sinteticas","13":"product_tag-textiles","14":"product_tag-unisex","15":"product_tag-zapatillas-deportivas","17":"first","18":"instock","19":"shipping-taxable","20":"purchasable","21":"product-type-variable","22":"has-default-attributes"},"_links":{"self":[{"href":"https:\/\/mommybag.pl\/es\/wp-json\/wp\/v2\/product\/34590","targetHints":{"allow":["GET"]}}],"collection":[{"href":"https:\/\/mommybag.pl\/es\/wp-json\/wp\/v2\/product"}],"about":[{"href":"https:\/\/mommybag.pl\/es\/wp-json\/wp\/v2\/types\/product"}],"version-history":[{"count":1,"href":"https:\/\/mommybag.pl\/es\/wp-json\/wp\/v2\/product\/34590\/revisions"}],"predecessor-version":[{"id":35266,"href":"https:\/\/mommybag.pl\/es\/wp-json\/wp\/v2\/product\/34590\/revisions\/35266"}],"wp:featuredmedia":[{"embeddable":true,"href":"https:\/\/mommybag.pl\/es\/wp-json\/wp\/v2\/media\/34583"}],"wp:attachment":[{"href":"https:\/\/mommybag.pl\/es\/wp-json\/wp\/v2\/media?parent=34590"}],"wp:term":[{"taxonomy":"brand","embeddable":true,"href":"https:\/\/mommybag.pl\/es\/wp-json\/wp\/v2\/etheme_brands?post=34590"},{"taxonomy":"product_brand","embeddable":true,"href":"https:\/\/mommybag.pl\/es\/wp-json\/wp\/v2\/product_brand?post=34590"},{"taxonomy":"product_cat","embeddable":true,"href":"https:\/\/mommybag.pl\/es\/wp-json\/wp\/v2\/product_cat?post=34590"},{"taxonomy":"product_tag","embeddable":true,"href":"https:\/\/mommybag.pl\/es\/wp-json\/wp\/v2\/product_tag?post=34590"}],"curies":[{"name":"wp","href":"https:\/\/api.w.org\/{rel}","templated":true}]}}