{"id":33,"date":"2021-12-04T09:58:52","date_gmt":"2021-12-04T09:58:52","guid":{"rendered":"https:\/\/xstore.8theme.com\/elementor\/demos\/minimal-fashion03\/?page_id=33"},"modified":"2026-03-27T15:22:29","modified_gmt":"2026-03-27T15:22:29","slug":"sobre-nosotros","status":"publish","type":"page","link":"https:\/\/mommybag.pl\/es\/sobre-nosotros\/","title":{"rendered":"Sobre nosotros"},"content":{"rendered":"\t\t<div data-elementor-type=\"wp-page\" data-elementor-id=\"33\" class=\"elementor elementor-33\" data-elementor-post-type=\"page\">\n\t\t\t\t\t\t<section class=\"elementor-section elementor-top-section elementor-element elementor-element-59a35839 elementor-section-content-middle elementor-section-stretched elementor-section-boxed elementor-section-height-default elementor-section-height-default\" data-id=\"59a35839\" data-element_type=\"section\" data-e-type=\"section\" data-settings=\"{&quot;stretch_section&quot;:&quot;section-stretched&quot;}\">\n\t\t\t\t\t\t<div class=\"elementor-container elementor-column-gap-custom\">\n\t\t\t\t\t<div class=\"elementor-column elementor-col-50 elementor-top-column elementor-element elementor-element-51f95e19\" data-id=\"51f95e19\" data-element_type=\"column\" data-e-type=\"column\">\n\t\t\t<div class=\"elementor-widget-wrap elementor-element-populated\">\n\t\t\t\t\t\t<div class=\"elementor-element elementor-element-3b0f8d7 elementor-invisible elementor-widget elementor-widget-image\" data-id=\"3b0f8d7\" data-element_type=\"widget\" data-e-type=\"widget\" data-settings=\"{&quot;_animation&quot;:&quot;fadeInLeft&quot;}\" data-widget_type=\"image.default\">\n\t\t\t\t\t\t\t\t\t\t\t\t\t\t\t<img loading=\"lazy\" loading=\"lazy\" decoding=\"async\" width=\"1536\" height=\"1024\" src=\"https:\/\/mommybag.pl\/es\/wp-content\/uploads\/sites\/8\/2026\/03\/backstage.png\" class=\"attachment-full size-full wp-image-33552\" alt=\"\" srcset=\"https:\/\/mommybag.pl\/es\/wp-content\/uploads\/sites\/8\/2026\/03\/backstage.png 1536w, https:\/\/mommybag.pl\/es\/wp-content\/uploads\/sites\/8\/2026\/03\/backstage-300x200.png 300w, https:\/\/mommybag.pl\/es\/wp-content\/uploads\/sites\/8\/2026\/03\/backstage-1024x683.png 1024w, https:\/\/mommybag.pl\/es\/wp-content\/uploads\/sites\/8\/2026\/03\/backstage-768x512.png 768w, https:\/\/mommybag.pl\/es\/wp-content\/uploads\/sites\/8\/2026\/03\/backstage-600x400.png 600w, https:\/\/mommybag.pl\/es\/wp-content\/uploads\/sites\/8\/2026\/03\/backstage-1x1.png 1w, https:\/\/mommybag.pl\/es\/wp-content\/uploads\/sites\/8\/2026\/03\/backstage-10x7.png 10w\" sizes=\"auto, (max-width: 1536px) 100vw, 1536px\" \/>\t\t\t\t\t\t\t\t\t\t\t\t\t\t\t<\/div>\n\t\t\t\t\t<\/div>\n\t\t<\/div>\n\t\t\t\t<div class=\"elementor-column elementor-col-50 elementor-top-column elementor-element elementor-element-6e362112\" data-id=\"6e362112\" data-element_type=\"column\" data-e-type=\"column\">\n\t\t\t<div class=\"elementor-widget-wrap elementor-element-populated\">\n\t\t\t\t\t\t<div class=\"elementor-element elementor-element-45a5f475 elementor-invisible elementor-widget elementor-widget-heading\" data-id=\"45a5f475\" data-element_type=\"widget\" data-e-type=\"widget\" data-settings=\"{&quot;_animation&quot;:&quot;fadeInRight&quot;}\" data-widget_type=\"heading.default\">\n\t\t\t\t\t<h2 class=\"elementor-heading-title elementor-size-default\">Sobre MommyBag<\/h2>\t\t\t\t<\/div>\n\t\t\t\t<div class=\"elementor-element elementor-element-318bb4e elementor-invisible elementor-widget elementor-widget-text-editor\" data-id=\"318bb4e\" data-element_type=\"widget\" data-e-type=\"widget\" data-settings=\"{&quot;_animation&quot;:&quot;fadeInRight&quot;}\" data-widget_type=\"text-editor.default\">\n\t\t\t\t\t\t\t\t\t<p data-start=\"1241\" data-end=\"1528\">En MommyBag creemos que los productos para el d\u00eda a d\u00eda deben combinar funcionalidad, comodidad y un estilo atemporal de forma natural. Nuestra tienda fue creada para personas que valoran soluciones pr\u00e1cticas, un dise\u00f1o bien pensado y productos que realmente facilitan la vida cotidiana.<\/p><p data-start=\"1530\" data-end=\"1806\">Cada art\u00edculo de nuestro surtido se selecciona cuidadosamente, con un fuerte enfoque en la calidad, la facilidad de uso y la est\u00e9tica moderna. Creemos que los buenos productos no tienen por qu\u00e9 ser complicados \u2014 simplemente deben funcionar bien y hacer m\u00e1s f\u00e1cil el d\u00eda a d\u00eda.<\/p><p data-start=\"1808\" data-end=\"2000\">En MommyBag mejoramos continuamente nuestra oferta y la experiencia de compra. Queremos que comprar sea f\u00e1cil, transparente y agradable \u2014 desde descubrir los productos hasta recibir su pedido.<\/p><p data-start=\"2002\" data-end=\"2133\">Si tiene preguntas sobre nuestros productos, pedidos o pol\u00edticas, nuestro equipo estar\u00e1 encantado de ayudarle en cualquier momento.<\/p>\t\t\t\t\t\t\t\t<\/div>\n\t\t\t\t<div class=\"elementor-element elementor-element-a395497 elementor-mobile-align-center elementor-invisible elementor-widget elementor-widget-button\" data-id=\"a395497\" data-element_type=\"widget\" data-e-type=\"widget\" data-settings=\"{&quot;_animation&quot;:&quot;fadeInRight&quot;}\" data-widget_type=\"button.default\">\n\t\t\t\t\t\t\t\t\t\t<a class=\"elementor-button elementor-button-link elementor-size-sm\" href=\"https:\/\/mommybag.pl\/es\/tienda\/\">\n\t\t\t\t\t\t<span class=\"elementor-button-content-wrapper\">\n\t\t\t\t\t\t\t\t\t<span class=\"elementor-button-text\">Descubrir la colecci\u00f3n<\/span>\n\t\t\t\t\t<\/span>\n\t\t\t\t\t<\/a>\n\t\t\t\t\t\t\t\t<\/div>\n\t\t\t\t\t<\/div>\n\t\t<\/div>\n\t\t\t\t\t<\/div>\n\t\t<\/section>\n\t\t\t\t<section class=\"elementor-section elementor-top-section elementor-element elementor-element-d5bcaa3 elementor-section-stretched elementor-section-boxed elementor-section-height-default elementor-section-height-default elementor-invisible\" data-id=\"d5bcaa3\" data-element_type=\"section\" data-e-type=\"section\" data-settings=\"{&quot;stretch_section&quot;:&quot;section-stretched&quot;,&quot;animation&quot;:&quot;fadeIn&quot;}\">\n\t\t\t\t\t\t<div class=\"elementor-container elementor-column-gap-no\">\n\t\t\t\t\t<div class=\"elementor-column elementor-col-33 elementor-top-column elementor-element elementor-element-af9282b\" data-id=\"af9282b\" data-element_type=\"column\" data-e-type=\"column\">\n\t\t\t<div class=\"elementor-widget-wrap elementor-element-populated\">\n\t\t\t\t\t\t<div class=\"elementor-element elementor-element-6e1c672 elementor-position-left elementor-vertical-align-top elementor-widget elementor-widget-image-box\" data-id=\"6e1c672\" data-element_type=\"widget\" data-e-type=\"widget\" data-widget_type=\"image-box.default\">\n\t\t\t\t\t<div class=\"elementor-image-box-wrapper\"><figure class=\"elementor-image-box-img\"><img loading=\"lazy\" loading=\"lazy\" decoding=\"async\" width=\"44\" height=\"44\" src=\"https:\/\/mommybag.pl\/es\/wp-content\/uploads\/sites\/8\/2026\/03\/minimal_fashion_02-img-06-min-1.jpeg\" class=\"attachment-full size-full wp-image-34026\" alt=\"\" srcset=\"https:\/\/mommybag.pl\/es\/wp-content\/uploads\/sites\/8\/2026\/03\/minimal_fashion_02-img-06-min-1.jpeg 44w, https:\/\/mommybag.pl\/es\/wp-content\/uploads\/sites\/8\/2026\/03\/minimal_fashion_02-img-06-min-1-1x1.jpeg 1w, https:\/\/mommybag.pl\/es\/wp-content\/uploads\/sites\/8\/2026\/03\/minimal_fashion_02-img-06-min-1-10x10.jpeg 10w\" sizes=\"auto, (max-width: 44px) 100vw, 44px\" \/><\/figure><div class=\"elementor-image-box-content\"><h3 class=\"elementor-image-box-title\">Env\u00edo gratuito<\/h3><p class=\"elementor-image-box-description\">Entrega gratuita en todos los productos<\/p><\/div><\/div>\t\t\t\t<\/div>\n\t\t\t\t\t<\/div>\n\t\t<\/div>\n\t\t\t\t<div class=\"elementor-column elementor-col-33 elementor-top-column elementor-element elementor-element-daa0603\" data-id=\"daa0603\" data-element_type=\"column\" data-e-type=\"column\">\n\t\t\t<div class=\"elementor-widget-wrap elementor-element-populated\">\n\t\t\t\t\t\t<div class=\"elementor-element elementor-element-33fd998 elementor-position-left elementor-vertical-align-top elementor-widget elementor-widget-image-box\" data-id=\"33fd998\" data-element_type=\"widget\" data-e-type=\"widget\" data-widget_type=\"image-box.default\">\n\t\t\t\t\t<div class=\"elementor-image-box-wrapper\"><figure class=\"elementor-image-box-img\"><img loading=\"lazy\" loading=\"lazy\" decoding=\"async\" width=\"34\" height=\"34\" src=\"https:\/\/mommybag.pl\/es\/wp-content\/uploads\/sites\/8\/2026\/03\/minimal_fashion_02-img-07-min-1.jpeg\" class=\"attachment-full size-full wp-image-34027\" alt=\"\" srcset=\"https:\/\/mommybag.pl\/es\/wp-content\/uploads\/sites\/8\/2026\/03\/minimal_fashion_02-img-07-min-1.jpeg 34w, https:\/\/mommybag.pl\/es\/wp-content\/uploads\/sites\/8\/2026\/03\/minimal_fashion_02-img-07-min-1-1x1.jpeg 1w, https:\/\/mommybag.pl\/es\/wp-content\/uploads\/sites\/8\/2026\/03\/minimal_fashion_02-img-07-min-1-10x10.jpeg 10w\" sizes=\"auto, (max-width: 34px) 100vw, 34px\" \/><\/figure><div class=\"elementor-image-box-content\"><h3 class=\"elementor-image-box-title\">Pagos seguros<\/h3><p class=\"elementor-image-box-description\">Pagos y datos protegidos mediante cifrado SSL<\/p><\/div><\/div>\t\t\t\t<\/div>\n\t\t\t\t\t<\/div>\n\t\t<\/div>\n\t\t\t\t<div class=\"elementor-column elementor-col-33 elementor-top-column elementor-element elementor-element-c80877a\" data-id=\"c80877a\" data-element_type=\"column\" data-e-type=\"column\">\n\t\t\t<div class=\"elementor-widget-wrap elementor-element-populated\">\n\t\t\t\t\t\t<div class=\"elementor-element elementor-element-52b4d17 elementor-position-left elementor-vertical-align-top elementor-widget elementor-widget-image-box\" data-id=\"52b4d17\" data-element_type=\"widget\" data-e-type=\"widget\" data-widget_type=\"image-box.default\">\n\t\t\t\t\t<div class=\"elementor-image-box-wrapper\"><figure class=\"elementor-image-box-img\"><img loading=\"lazy\" loading=\"lazy\" decoding=\"async\" width=\"34\" height=\"34\" src=\"https:\/\/mommybag.pl\/es\/wp-content\/uploads\/sites\/8\/2026\/03\/minimal_fashion_02-img-09-min-1.jpeg\" class=\"attachment-full size-full wp-image-34029\" alt=\"\" srcset=\"https:\/\/mommybag.pl\/es\/wp-content\/uploads\/sites\/8\/2026\/03\/minimal_fashion_02-img-09-min-1.jpeg 34w, https:\/\/mommybag.pl\/es\/wp-content\/uploads\/sites\/8\/2026\/03\/minimal_fashion_02-img-09-min-1-1x1.jpeg 1w, https:\/\/mommybag.pl\/es\/wp-content\/uploads\/sites\/8\/2026\/03\/minimal_fashion_02-img-09-min-1-10x10.jpeg 10w\" sizes=\"auto, (max-width: 34px) 100vw, 34px\" \/><\/figure><div class=\"elementor-image-box-content\"><h3 class=\"elementor-image-box-title\">Derecho de devoluci\u00f3n de 14 d\u00edas<\/h3><p class=\"elementor-image-box-description\">Tiene 14 d\u00edas para devolver o cambiar su pedido<\/p><\/div><\/div>\t\t\t\t<\/div>\n\t\t\t\t\t<\/div>\n\t\t<\/div>\n\t\t\t\t\t<\/div>\n\t\t<\/section>\n\t\t\t\t<\/div>\n\t\t","protected":false},"excerpt":{"rendered":"<p>Sobre MommyBag En MommyBag creemos que los productos para el d\u00eda a d\u00eda deben combinar funcionalidad, comodidad y un estilo atemporal de forma natural. Nuestra&#8230;<\/p>\n","protected":false},"author":1,"featured_media":0,"parent":0,"menu_order":0,"comment_status":"closed","ping_status":"closed","template":"","meta":{"footnotes":""},"class_list":["post-33","page","type-page","status-publish","hentry"],"_links":{"self":[{"href":"https:\/\/mommybag.pl\/es\/wp-json\/wp\/v2\/pages\/33","targetHints":{"allow":["GET"]}}],"collection":[{"href":"https:\/\/mommybag.pl\/es\/wp-json\/wp\/v2\/pages"}],"about":[{"href":"https:\/\/mommybag.pl\/es\/wp-json\/wp\/v2\/types\/page"}],"author":[{"embeddable":true,"href":"https:\/\/mommybag.pl\/es\/wp-json\/wp\/v2\/users\/1"}],"replies":[{"embeddable":true,"href":"https:\/\/mommybag.pl\/es\/wp-json\/wp\/v2\/comments?post=33"}],"version-history":[{"count":55,"href":"https:\/\/mommybag.pl\/es\/wp-json\/wp\/v2\/pages\/33\/revisions"}],"predecessor-version":[{"id":34418,"href":"https:\/\/mommybag.pl\/es\/wp-json\/wp\/v2\/pages\/33\/revisions\/34418"}],"wp:attachment":[{"href":"https:\/\/mommybag.pl\/es\/wp-json\/wp\/v2\/media?parent=33"}],"curies":[{"name":"wp","href":"https:\/\/api.w.org\/{rel}","templated":true}]}}