{"id":35111,"date":"2026-03-28T07:30:38","date_gmt":"2026-03-28T07:30:38","guid":{"rendered":"https:\/\/mommybag.pl\/de\/?post_type=product&#038;p=35111"},"modified":"2026-03-30T08:41:18","modified_gmt":"2026-03-30T08:41:18","slug":"schuhe-new-balance-9060-brown-ice-braun-u9060622","status":"publish","type":"product","link":"https:\/\/mommybag.pl\/de\/product\/schuhe-new-balance-9060-brown-ice-braun-u9060622\/","title":{"rendered":"Schuhe NEW BALANCE 9060 Brown Ice braun U9060622"},"content":{"rendered":"<div style=\"padding: 0; font-family: 'DM Sans',-apple-system,sans-serif;\">\n<div style=\"height: 4px; background: linear-gradient(90deg,#f9a8c9,#f472b6,#ec4899);\"><\/div>\n<div style=\"padding: 48px 52px 52px;\">\n<div style=\"font-family: 'DM Sans',sans-serif; font-size: 9px; font-weight: 500; letter-spacing: 4px; text-transform: uppercase; color: #ec4899; margin-bottom: 16px;\">NEW BALANCE \u00d7 Mommybag<\/div>\n<div style=\"font-family: 'Playfair Display',serif; font-size: 28px; font-weight: 400; color: #1a1a1a; line-height: 1.3; margin-bottom: 6px;\">Schuhe NEW BALANCE 9060 Brown Ice braun U9060622<\/div>\n<div style=\"font-family: 'Playfair Display',serif; font-style: italic; font-size: 14px; color: #bbb; margin-bottom: 32px;\">F\u00fcr alle<\/div>\n<div style=\"font-family: 'DM Sans',sans-serif; font-size: 14px; line-height: 1.9; color: #555; margin-bottom: 40px; padding-bottom: 40px; border-bottom: 1px solid #f3e6f0;\">New Balance 9060 Brown Ice sind chunky Sneakers inspiriert von Modellen aus den 2000er Jahren. Das Obermaterial aus Wildleder in Braunton wurde mit Paneelen aus Textil-Mesh erg\u00e4nzt. Die massive Sohle mit ABZORB-Technologie-Eins\u00e4tzen garantiert Komfort beim langanhaltenden Tragen.<\/div>\n<table style=\"width: 100%; border-collapse: collapse;\">\n<tbody>\n<tr>\n<td style=\"padding: 14px 32px 14px 0; border-bottom: 1px solid #f3e6f0; width: 50%; vertical-align: top;\">\n<div style=\"font-size: 9px; font-weight: 600; letter-spacing: 2.5px; text-transform: uppercase; color: #ec4899; margin-bottom: 3px;\">Marke<\/div>\n<div style=\"font-size: 13.5px; color: #1a1a1a;\">New Balance<\/div>\n<\/td>\n<td style=\"padding: 14px 0 14px 32px; border-bottom: 1px solid #f3e6f0; border-left: 1px solid #f3e6f0; width: 50%; vertical-align: top;\">\n<div style=\"font-size: 9px; font-weight: 600; letter-spacing: 2.5px; text-transform: uppercase; color: #ec4899; margin-bottom: 3px;\">Farbe<\/div>\n<div style=\"font-size: 13.5px; color: #1a1a1a;\">Braun<\/div>\n<\/td>\n<\/tr>\n<tr>\n<td style=\"padding: 14px 32px 14px 0; border-bottom: 1px solid #f3e6f0; vertical-align: top;\">\n<div style=\"font-size: 9px; font-weight: 600; letter-spacing: 2.5px; text-transform: uppercase; color: #ec4899; margin-bottom: 3px;\">Material<\/div>\n<div style=\"font-size: 13.5px; color: #1a1a1a;\">Wildleder, Textilmaterial<\/div>\n<\/td>\n<td style=\"padding: 14px 0 14px 32px; border-bottom: 1px solid #f3e6f0; border-left: 1px solid #f3e6f0; vertical-align: top;\">\n<div style=\"font-size: 9px; font-weight: 600; letter-spacing: 2.5px; text-transform: uppercase; color: #ec4899; margin-bottom: 3px;\"><\/div>\n<div style=\"font-size: 13.5px; color: #1a1a1a;\"><\/div>\n<\/td>\n<\/tr>\n<tr>\n<td style=\"padding: 14px 32px 14px 0; border-bottom: 1px solid #f3e6f0; vertical-align: top;\">\n<div style=\"font-size: 9px; font-weight: 600; letter-spacing: 2.5px; text-transform: uppercase; color: #ec4899; margin-bottom: 3px;\">Geschlecht<\/div>\n<div style=\"font-size: 13.5px; color: #1a1a1a;\">Unisex<\/div>\n<\/td>\n<td style=\"padding: 14px 0 14px 32px; border-bottom: 1px solid #f3e6f0; border-left: 1px solid #f3e6f0; vertical-align: top;\">\n<div style=\"font-size: 9px; font-weight: 600; letter-spacing: 2.5px; text-transform: uppercase; color: #ec4899; margin-bottom: 3px;\">SKU<\/div>\n<div style=\"font-size: 13.5px; color: #1a1a1a;\">U9060622<\/div>\n<\/td>\n<\/tr>\n<tr>\n<td style=\"padding: 14px 0; border-bottom: 1px solid #f3e6f0; vertical-align: top;\" colspan=\"2\">\n<div style=\"font-size: 9px; font-weight: 600; letter-spacing: 2.5px; text-transform: uppercase; color: #ec4899; margin-bottom: 3px;\">Verf\u00fcgbare Gr\u00f6\u00dfen<\/div>\n<div style=\"font-size: 13.5px; color: #1a1a1a;\">36, 37, 38, 39, 40, 41, 42, 43, 44, 45<\/div>\n<\/td>\n<\/tr>\n<\/tbody>\n<\/table>\n<\/div>\n<\/div>\n","protected":false},"excerpt":{"rendered":"<p>Chunky Sneakers New Balance 9060 in Brown Ice verbinden Wildleder und Mesh-Textilien. Die charakteristische Sohle mit ABZORB-Technologie sorgt f\u00fcr D\u00e4mpfung beim t\u00e4glichen Tragen.<\/p>\n","protected":false},"featured_media":35103,"template":"","meta":[],"etheme_brands":[{"term_id":145,"name":"New Balance","slug":"new-balance","term_group":0,"term_taxonomy_id":145,"taxonomy":"brand","description":"","parent":0,"count":4,"filter":"raw"}],"product_brand":[],"product_cat":[652,650],"product_tag":[794,788,704,793,732,699,554,568,708],"class_list":{"0":"post-35111","1":"product","2":"type-product","3":"status-publish","4":"has-post-thumbnail","6":"brand-new-balance","7":"product_cat-lifestyle","8":"product_cat-schuhe","9":"product_tag-794","10":"product_tag-abzorb","11":"product_tag-braun","12":"product_tag-chunky-sneakers","13":"product_tag-mesh","14":"product_tag-new-balance","15":"product_tag-top","16":"product_tag-unisex","17":"product_tag-wildleder","19":"first","20":"instock","21":"sale","22":"shipping-taxable","23":"purchasable","24":"product-type-variable","25":"has-default-attributes"},"_links":{"self":[{"href":"https:\/\/mommybag.pl\/de\/wp-json\/wp\/v2\/product\/35111","targetHints":{"allow":["GET"]}}],"collection":[{"href":"https:\/\/mommybag.pl\/de\/wp-json\/wp\/v2\/product"}],"about":[{"href":"https:\/\/mommybag.pl\/de\/wp-json\/wp\/v2\/types\/product"}],"version-history":[{"count":1,"href":"https:\/\/mommybag.pl\/de\/wp-json\/wp\/v2\/product\/35111\/revisions"}],"predecessor-version":[{"id":35122,"href":"https:\/\/mommybag.pl\/de\/wp-json\/wp\/v2\/product\/35111\/revisions\/35122"}],"wp:featuredmedia":[{"embeddable":true,"href":"https:\/\/mommybag.pl\/de\/wp-json\/wp\/v2\/media\/35103"}],"wp:attachment":[{"href":"https:\/\/mommybag.pl\/de\/wp-json\/wp\/v2\/media?parent=35111"}],"wp:term":[{"taxonomy":"brand","embeddable":true,"href":"https:\/\/mommybag.pl\/de\/wp-json\/wp\/v2\/etheme_brands?post=35111"},{"taxonomy":"product_brand","embeddable":true,"href":"https:\/\/mommybag.pl\/de\/wp-json\/wp\/v2\/product_brand?post=35111"},{"taxonomy":"product_cat","embeddable":true,"href":"https:\/\/mommybag.pl\/de\/wp-json\/wp\/v2\/product_cat?post=35111"},{"taxonomy":"product_tag","embeddable":true,"href":"https:\/\/mommybag.pl\/de\/wp-json\/wp\/v2\/product_tag?post=35111"}],"curies":[{"name":"wp","href":"https:\/\/api.w.org\/{rel}","templated":true}]}}