{"id":34800,"date":"2026-03-29T07:42:51","date_gmt":"2026-03-29T07:42:51","guid":{"rendered":"https:\/\/mommybag.pl\/de\/?post_type=product&#038;p=34800"},"modified":"2026-03-30T08:40:10","modified_gmt":"2026-03-30T08:40:10","slug":"schuhe-nike-shox-tl-light-bone-burgundy-crush-beige-bordeaux-im6013-072","status":"publish","type":"product","link":"https:\/\/mommybag.pl\/de\/product\/schuhe-nike-shox-tl-light-bone-burgundy-crush-beige-bordeaux-im6013-072\/","title":{"rendered":"Schuhe NIKE SHOX TL Light Bone Burgundy Crush beige bordeaux IM6013-072"},"content":{"rendered":"<div style=\"padding:0;font-family:'DM Sans',-apple-system,sans-serif\">\n<div style=\"height:4px;background:linear-gradient(90deg,#f9a8c9,#f472b6,#ec4899)\"><\/div>\n<div style=\"padding:48px 52px 52px\">\n<div style=\"font-family:'DM Sans',sans-serif;font-size:9px;font-weight:500;letter-spacing:4px;text-transform:uppercase;color:#ec4899;margin-bottom:16px\">\n    NIKE \u00d7 Mommybag<\/div>\n<div style=\"font-family:'Playfair Display',serif;font-size:28px;font-weight:400;color:#1a1a1a;line-height:1.3;margin-bottom:6px\">Schuhe NIKE SHOX TL Light Bone Burgundy Crush beige bordeaux IM6013-072<\/div>\n<div style=\"font-family:'Playfair Display',serif;font-style:italic;font-size:14px;color:#bbb;margin-bottom:32px\">F\u00fcr alle<\/div>\n<div style=\"font-family:'DM Sans',sans-serif;font-size:14px;line-height:1.9;color:#555;margin-bottom:40px;padding-bottom:40px;border-bottom:1px solid #f3e6f0\">\n    Die Nike Shox TL Schuhe sind ein Modell mit charakteristischer Shox D\u00e4mpfungstechnologie im hinteren Bereich der Sohle. Der Schaft wurde aus einer Kombination von Textilmaterialien und Synthetik in Light Bone Farbgebung mit kontrastierenden Elementen in Burgundy Crush Ton gefertigt. Das Modell zeichnet sich durch ein Design mit ausgepr\u00e4gten Linien und funktionales Schn\u00fcrsystem aus.<\/div>\n<table style=\"width:100%;border-collapse:collapse\">\n<tr>\n<td style=\"padding:14px 32px 14px 0;border-bottom:1px solid #f3e6f0;width:50%;vertical-align:top\">\n<div style=\"font-size:9px;font-weight:600;letter-spacing:2.5px;text-transform:uppercase;color:#ec4899;margin-bottom:3px\">Marke<\/div>\n<div style=\"font-size:13.5px;color:#1a1a1a\">NIKE<\/div>\n<\/td>\n<td style=\"padding:14px 0 14px 32px;border-bottom:1px solid #f3e6f0;border-left:1px solid #f3e6f0;width:50%;vertical-align:top\">\n<div style=\"font-size:9px;font-weight:600;letter-spacing:2.5px;text-transform:uppercase;color:#ec4899;margin-bottom:3px\">Farbe<\/div>\n<div style=\"font-size:13.5px;color:#1a1a1a\">Beige, bordeaux, braun<\/div>\n<\/td>\n<\/tr>\n<tr>\n<td style=\"padding:14px 32px 14px 0;border-bottom:1px solid #f3e6f0;vertical-align:top\">\n<div style=\"font-size:9px;font-weight:600;letter-spacing:2.5px;text-transform:uppercase;color:#ec4899;margin-bottom:3px\">Material<\/div>\n<div style=\"font-size:13.5px;color:#1a1a1a\">Textilmaterial, Synthetik<\/div>\n<\/td>\n<td style=\"padding:14px 0 14px 32px;border-bottom:1px solid #f3e6f0;border-left:1px solid #f3e6f0;vertical-align:top\">\n<div style=\"font-size:9px;font-weight:600;letter-spacing:2.5px;text-transform:uppercase;color:#ec4899;margin-bottom:3px\"><\/div>\n<div style=\"font-size:13.5px;color:#1a1a1a\"><\/div>\n<\/td>\n<\/tr>\n<tr>\n<td style=\"padding:14px 32px 14px 0;border-bottom:1px solid #f3e6f0;vertical-align:top\">\n<div style=\"font-size:9px;font-weight:600;letter-spacing:2.5px;text-transform:uppercase;color:#ec4899;margin-bottom:3px\">Geschlecht<\/div>\n<div style=\"font-size:13.5px;color:#1a1a1a\">Unisex<\/div>\n<\/td>\n<td style=\"padding:14px 0 14px 32px;border-bottom:1px solid #f3e6f0;border-left:1px solid #f3e6f0;vertical-align:top\">\n<div style=\"font-size:9px;font-weight:600;letter-spacing:2.5px;text-transform:uppercase;color:#ec4899;margin-bottom:3px\">SKU<\/div>\n<div style=\"font-size:13.5px;color:#1a1a1a\">IM6013-072<\/div>\n<\/td>\n<\/tr>\n<tr>\n<td colspan=\"2\" style=\"padding:14px 0;border-bottom:1px solid #f3e6f0;vertical-align:top\">\n<div style=\"font-size:9px;font-weight:600;letter-spacing:2.5px;text-transform:uppercase;color:#ec4899;margin-bottom:3px\">Verf\u00fcgbare Gr\u00f6\u00dfen<\/div>\n<div style=\"font-size:13.5px;color:#1a1a1a\">36, 37, 38, 39, 40, 41, 42, 43, 44, 45<\/div>\n<\/td>\n<\/tr>\n<\/table><\/div>\n<\/div>\n","protected":false},"excerpt":{"rendered":"<p>Nike Shox TL Schuhe mit charakteristischer D\u00e4mpfungstechnologie in der Sohle. Gefertigt aus einer Kombination von Textilmaterialien und Synthetik in Light Bone Farbgebung mit Burgundy Crush Akzenten. Modell ausgestattet mit Schn\u00fcrsystem und Gummi-Au\u00dfensohle.<\/p>\n","protected":false},"featured_media":34791,"template":"","meta":[],"etheme_brands":[{"term_id":142,"name":"Nike","slug":"nike","term_group":0,"term_taxonomy_id":142,"taxonomy":"brand","description":"","parent":0,"count":5,"filter":"raw"}],"product_brand":[],"product_cat":[652,650],"product_tag":[600,736,715,562,563,663,669,554,568],"class_list":{"0":"post-34800","1":"product","2":"type-product","3":"status-publish","4":"has-post-thumbnail","6":"brand-nike","7":"product_cat-lifestyle","8":"product_cat-schuhe","9":"product_tag-beige","10":"product_tag-bordeaux","11":"product_tag-daempfung","12":"product_tag-nike","13":"product_tag-shox","14":"product_tag-sneaker","15":"product_tag-textil","16":"product_tag-top","17":"product_tag-unisex","19":"first","20":"instock","21":"sale","22":"shipping-taxable","23":"purchasable","24":"product-type-variable","25":"has-default-attributes"},"_links":{"self":[{"href":"https:\/\/mommybag.pl\/de\/wp-json\/wp\/v2\/product\/34800","targetHints":{"allow":["GET"]}}],"collection":[{"href":"https:\/\/mommybag.pl\/de\/wp-json\/wp\/v2\/product"}],"about":[{"href":"https:\/\/mommybag.pl\/de\/wp-json\/wp\/v2\/types\/product"}],"version-history":[{"count":1,"href":"https:\/\/mommybag.pl\/de\/wp-json\/wp\/v2\/product\/34800\/revisions"}],"predecessor-version":[{"id":35146,"href":"https:\/\/mommybag.pl\/de\/wp-json\/wp\/v2\/product\/34800\/revisions\/35146"}],"wp:featuredmedia":[{"embeddable":true,"href":"https:\/\/mommybag.pl\/de\/wp-json\/wp\/v2\/media\/34791"}],"wp:attachment":[{"href":"https:\/\/mommybag.pl\/de\/wp-json\/wp\/v2\/media?parent=34800"}],"wp:term":[{"taxonomy":"brand","embeddable":true,"href":"https:\/\/mommybag.pl\/de\/wp-json\/wp\/v2\/etheme_brands?post=34800"},{"taxonomy":"product_brand","embeddable":true,"href":"https:\/\/mommybag.pl\/de\/wp-json\/wp\/v2\/product_brand?post=34800"},{"taxonomy":"product_cat","embeddable":true,"href":"https:\/\/mommybag.pl\/de\/wp-json\/wp\/v2\/product_cat?post=34800"},{"taxonomy":"product_tag","embeddable":true,"href":"https:\/\/mommybag.pl\/de\/wp-json\/wp\/v2\/product_tag?post=34800"}],"curies":[{"name":"wp","href":"https:\/\/api.w.org\/{rel}","templated":true}]}}