{"id":34523,"date":"2026-03-29T07:42:52","date_gmt":"2026-03-29T07:42:52","guid":{"rendered":"https:\/\/mommybag.pl\/de\/?post_type=product&#038;p=34523"},"modified":"2026-03-30T08:38:27","modified_gmt":"2026-03-30T08:38:27","slug":"pantoletten-adidas-yeezy-slide-resin-green-gruen-gz5551","status":"publish","type":"product","link":"https:\/\/mommybag.pl\/de\/product\/pantoletten-adidas-yeezy-slide-resin-green-gruen-gz5551\/","title":{"rendered":"Pantoletten ADIDAS Yeezy Slide Resin Green gr\u00fcn GZ5551"},"content":{"rendered":"<div style=\"padding:0;font-family:'DM Sans',-apple-system,sans-serif\">\n<div style=\"height:4px;background:linear-gradient(90deg,#f9a8c9,#f472b6,#ec4899)\"><\/div>\n<div style=\"padding:48px 52px 52px\">\n<div style=\"font-family:'DM Sans',sans-serif;font-size:9px;font-weight:500;letter-spacing:4px;text-transform:uppercase;color:#ec4899;margin-bottom:16px\">\n    ADIDAS \u00d7 Mommybag<\/div>\n<div style=\"font-family:'Playfair Display',serif;font-size:28px;font-weight:400;color:#1a1a1a;line-height:1.3;margin-bottom:6px\">Pantoletten ADIDAS Yeezy Slide Resin Green gr\u00fcn GZ5551<\/div>\n<div style=\"font-family:'Playfair Display',serif;font-style:italic;font-size:14px;color:#bbb;margin-bottom:32px\">F\u00fcr alle<\/div>\n<div style=\"font-family:'DM Sans',sans-serif;font-size:14px;line-height:1.9;color:#555;margin-bottom:40px;padding-bottom:40px;border-bottom:1px solid #f3e6f0\">\n    Die Pantoletten Adidas Yeezy Slide Resin GZ5551 sind ein Modell, das vollst\u00e4ndig aus EVA-Schaum in gr\u00fcner Farbe gefertigt wurde. Sie zeichnen sich durch eine einteilige Konstruktion ohne Riemen und minimalistisches Design aus. Die Sohle ist mit charakteristischen Aussparungen ausgestattet, die Grip und Tragekomfort gew\u00e4hrleisten.<\/div>\n<table style=\"width:100%;border-collapse:collapse\">\n<tr>\n<td style=\"padding:14px 32px 14px 0;border-bottom:1px solid #f3e6f0;width:50%;vertical-align:top\">\n<div style=\"font-size:9px;font-weight:600;letter-spacing:2.5px;text-transform:uppercase;color:#ec4899;margin-bottom:3px\">Marke<\/div>\n<div style=\"font-size:13.5px;color:#1a1a1a\">Adidas<\/div>\n<\/td>\n<td style=\"padding:14px 0 14px 32px;border-bottom:1px solid #f3e6f0;border-left:1px solid #f3e6f0;width:50%;vertical-align:top\">\n<div style=\"font-size:9px;font-weight:600;letter-spacing:2.5px;text-transform:uppercase;color:#ec4899;margin-bottom:3px\">Farbe<\/div>\n<div style=\"font-size:13.5px;color:#1a1a1a\">Gr\u00fcn<\/div>\n<\/td>\n<\/tr>\n<tr>\n<td style=\"padding:14px 32px 14px 0;border-bottom:1px solid #f3e6f0;vertical-align:top\">\n<div style=\"font-size:9px;font-weight:600;letter-spacing:2.5px;text-transform:uppercase;color:#ec4899;margin-bottom:3px\">Material<\/div>\n<div style=\"font-size:13.5px;color:#1a1a1a\">EVA-Schaum<\/div>\n<\/td>\n<td style=\"padding:14px 0 14px 32px;border-bottom:1px solid #f3e6f0;border-left:1px solid #f3e6f0;vertical-align:top\">\n<div style=\"font-size:9px;font-weight:600;letter-spacing:2.5px;text-transform:uppercase;color:#ec4899;margin-bottom:3px\"><\/div>\n<div style=\"font-size:13.5px;color:#1a1a1a\"><\/div>\n<\/td>\n<\/tr>\n<tr>\n<td style=\"padding:14px 32px 14px 0;border-bottom:1px solid #f3e6f0;vertical-align:top\">\n<div style=\"font-size:9px;font-weight:600;letter-spacing:2.5px;text-transform:uppercase;color:#ec4899;margin-bottom:3px\">Geschlecht<\/div>\n<div style=\"font-size:13.5px;color:#1a1a1a\">Unisex<\/div>\n<\/td>\n<td style=\"padding:14px 0 14px 32px;border-bottom:1px solid #f3e6f0;border-left:1px solid #f3e6f0;vertical-align:top\">\n<div style=\"font-size:9px;font-weight:600;letter-spacing:2.5px;text-transform:uppercase;color:#ec4899;margin-bottom:3px\">SKU<\/div>\n<div style=\"font-size:13.5px;color:#1a1a1a\">GZ5551<\/div>\n<\/td>\n<\/tr>\n<tr>\n<td colspan=\"2\" style=\"padding:14px 0;border-bottom:1px solid #f3e6f0;vertical-align:top\">\n<div style=\"font-size:9px;font-weight:600;letter-spacing:2.5px;text-transform:uppercase;color:#ec4899;margin-bottom:3px\">Verf\u00fcgbare Gr\u00f6\u00dfen<\/div>\n<div style=\"font-size:13.5px;color:#1a1a1a\">36, 36 2\/3, 37 1\/3, 38, 38 2\/3, 39 1\/3, 40, 40 2\/3, 41 1\/3, 42, 42 2\/3, 43 1\/3, 44, 44 2\/3, 45 1\/3<\/div>\n<\/td>\n<\/tr>\n<\/table><\/div>\n<\/div>\n","protected":false},"excerpt":{"rendered":"<p>Pantoletten Adidas Yeezy Slide in der Farbe Resin Green aus EVA-Schaum gefertigt. Minimalistisches Design mit charakteristischer Sohle mit Aussparungen. Unisex-Modell in Gr\u00f6\u00dfen von 36 bis 45 1\/3.<\/p>\n","protected":false},"featured_media":34513,"template":"","meta":[],"etheme_brands":[{"term_id":143,"name":"Adidas","slug":"adidas","term_group":0,"term_taxonomy_id":143,"taxonomy":"brand","description":"","parent":0,"count":15,"filter":"raw"}],"product_brand":[],"product_cat":[654,650],"product_tag":[694,640,705,703,706,696,554,568,695],"class_list":{"0":"post-34523","1":"product","2":"type-product","3":"status-publish","4":"has-post-thumbnail","6":"brand-adidas","7":"product_cat-hausschuhe","8":"product_cat-schuhe","9":"product_tag-adidas","10":"product_tag-eva","11":"product_tag-gruen","12":"product_tag-pantoletten","13":"product_tag-resin","14":"product_tag-slide","15":"product_tag-top","16":"product_tag-unisex","17":"product_tag-yeezy","19":"first","20":"instock","21":"sale","22":"shipping-taxable","23":"purchasable","24":"product-type-variable","25":"has-default-attributes"},"_links":{"self":[{"href":"https:\/\/mommybag.pl\/de\/wp-json\/wp\/v2\/product\/34523","targetHints":{"allow":["GET"]}}],"collection":[{"href":"https:\/\/mommybag.pl\/de\/wp-json\/wp\/v2\/product"}],"about":[{"href":"https:\/\/mommybag.pl\/de\/wp-json\/wp\/v2\/types\/product"}],"version-history":[{"count":1,"href":"https:\/\/mommybag.pl\/de\/wp-json\/wp\/v2\/product\/34523\/revisions"}],"predecessor-version":[{"id":35159,"href":"https:\/\/mommybag.pl\/de\/wp-json\/wp\/v2\/product\/34523\/revisions\/35159"}],"wp:featuredmedia":[{"embeddable":true,"href":"https:\/\/mommybag.pl\/de\/wp-json\/wp\/v2\/media\/34513"}],"wp:attachment":[{"href":"https:\/\/mommybag.pl\/de\/wp-json\/wp\/v2\/media?parent=34523"}],"wp:term":[{"taxonomy":"brand","embeddable":true,"href":"https:\/\/mommybag.pl\/de\/wp-json\/wp\/v2\/etheme_brands?post=34523"},{"taxonomy":"product_brand","embeddable":true,"href":"https:\/\/mommybag.pl\/de\/wp-json\/wp\/v2\/product_brand?post=34523"},{"taxonomy":"product_cat","embeddable":true,"href":"https:\/\/mommybag.pl\/de\/wp-json\/wp\/v2\/product_cat?post=34523"},{"taxonomy":"product_tag","embeddable":true,"href":"https:\/\/mommybag.pl\/de\/wp-json\/wp\/v2\/product_tag?post=34523"}],"curies":[{"name":"wp","href":"https:\/\/api.w.org\/{rel}","templated":true}]}}