{"id":33,"date":"2021-12-04T09:58:52","date_gmt":"2021-12-04T09:58:52","guid":{"rendered":"https:\/\/xstore.8theme.com\/elementor\/demos\/minimal-fashion03\/?page_id=33"},"modified":"2026-03-27T10:59:04","modified_gmt":"2026-03-27T10:59:04","slug":"ueber-uns","status":"publish","type":"page","link":"https:\/\/mommybag.pl\/de\/ueber-uns\/","title":{"rendered":"\u00dcber uns"},"content":{"rendered":"\t\t<div data-elementor-type=\"wp-page\" data-elementor-id=\"33\" class=\"elementor elementor-33\" data-elementor-post-type=\"page\">\n\t\t\t\t\t\t<section class=\"elementor-section elementor-top-section elementor-element elementor-element-59a35839 elementor-section-content-middle elementor-section-stretched elementor-section-boxed elementor-section-height-default elementor-section-height-default\" data-id=\"59a35839\" data-element_type=\"section\" data-e-type=\"section\" data-settings=\"{&quot;stretch_section&quot;:&quot;section-stretched&quot;}\">\n\t\t\t\t\t\t<div class=\"elementor-container elementor-column-gap-custom\">\n\t\t\t\t\t<div class=\"elementor-column elementor-col-50 elementor-top-column elementor-element elementor-element-51f95e19\" data-id=\"51f95e19\" data-element_type=\"column\" data-e-type=\"column\">\n\t\t\t<div class=\"elementor-widget-wrap elementor-element-populated\">\n\t\t\t\t\t\t<div class=\"elementor-element elementor-element-3b0f8d7 elementor-invisible elementor-widget elementor-widget-image\" data-id=\"3b0f8d7\" data-element_type=\"widget\" data-e-type=\"widget\" data-settings=\"{&quot;_animation&quot;:&quot;fadeInLeft&quot;}\" data-widget_type=\"image.default\">\n\t\t\t\t\t\t\t\t\t\t\t\t\t\t\t<img loading=\"lazy\" loading=\"lazy\" decoding=\"async\" width=\"1536\" height=\"1024\" src=\"https:\/\/mommybag.pl\/de\/wp-content\/uploads\/sites\/4\/xstore\/xstore-placeholder.png\" class=\"attachment-full size-full wp-image-33552 lazyload lazyload-simple et-lazyload-fadeIn\" alt=\"\" sizes=\"auto, (max-width: 1536px) 100vw, 1536px\" data-src=\"https:\/\/mommybag.pl\/de\/wp-content\/uploads\/sites\/4\/2026\/03\/backstage.png\" data-srcset=\"https:\/\/mommybag.pl\/de\/wp-content\/uploads\/sites\/4\/2026\/03\/backstage.png 1536w, https:\/\/mommybag.pl\/de\/wp-content\/uploads\/sites\/4\/2026\/03\/backstage-300x200.png 300w, https:\/\/mommybag.pl\/de\/wp-content\/uploads\/sites\/4\/2026\/03\/backstage-1024x683.png 1024w, https:\/\/mommybag.pl\/de\/wp-content\/uploads\/sites\/4\/2026\/03\/backstage-768x512.png 768w, https:\/\/mommybag.pl\/de\/wp-content\/uploads\/sites\/4\/2026\/03\/backstage-600x400.png 600w, https:\/\/mommybag.pl\/de\/wp-content\/uploads\/sites\/4\/2026\/03\/backstage-1x1.png 1w, https:\/\/mommybag.pl\/de\/wp-content\/uploads\/sites\/4\/2026\/03\/backstage-10x7.png 10w\" \/>\t\t\t\t\t\t\t\t\t\t\t\t\t\t\t<\/div>\n\t\t\t\t\t<\/div>\n\t\t<\/div>\n\t\t\t\t<div class=\"elementor-column elementor-col-50 elementor-top-column elementor-element elementor-element-6e362112\" data-id=\"6e362112\" data-element_type=\"column\" data-e-type=\"column\">\n\t\t\t<div class=\"elementor-widget-wrap elementor-element-populated\">\n\t\t\t\t\t\t<div class=\"elementor-element elementor-element-45a5f475 elementor-invisible elementor-widget elementor-widget-heading\" data-id=\"45a5f475\" data-element_type=\"widget\" data-e-type=\"widget\" data-settings=\"{&quot;_animation&quot;:&quot;fadeInRight&quot;}\" data-widget_type=\"heading.default\">\n\t\t\t\t\t<h2 class=\"elementor-heading-title elementor-size-default\">\u00dcber MommyBag<\/h2>\t\t\t\t<\/div>\n\t\t\t\t<div class=\"elementor-element elementor-element-318bb4e elementor-invisible elementor-widget elementor-widget-text-editor\" data-id=\"318bb4e\" data-element_type=\"widget\" data-e-type=\"widget\" data-settings=\"{&quot;_animation&quot;:&quot;fadeInRight&quot;}\" data-widget_type=\"text-editor.default\">\n\t\t\t\t\t\t\t\t\t<p data-start=\"526\" data-end=\"797\">Bei MommyBag glauben wir, dass Produkte f\u00fcr den Alltag Funktionalit\u00e4t, Komfort und zeitlosen Stil nahtlos verbinden sollten. Unser Shop wurde f\u00fcr Menschen geschaffen, die praktische L\u00f6sungen, durchdachtes Design und Produkte sch\u00e4tzen, die den Alltag wirklich erleichtern.<\/p><p data-start=\"799\" data-end=\"1079\">Jeder Artikel in unserem Sortiment wird sorgf\u00e4ltig ausgew\u00e4hlt, mit starkem Fokus auf Qualit\u00e4t, Benutzerfreundlichkeit und moderne \u00c4sthetik. Wir sind der Meinung, dass gute Produkte nicht kompliziert sein m\u00fcssen \u2014 sie sollten einfach gut funktionieren und Ihren Alltag erleichtern.<\/p><p data-start=\"1081\" data-end=\"1294\">Bei MommyBag verbessern wir kontinuierlich unser Angebot und das Einkaufserlebnis. Wir m\u00f6chten, dass Einkaufen einfach, transparent und angenehm ist \u2013 vom Durchst\u00f6bern der Produkte bis zum Erhalt Ihrer Bestellung.<\/p><p data-start=\"1296\" data-end=\"1417\">Wenn Sie Fragen zu unseren Produkten, Bestellungen oder Richtlinien haben, hilft Ihnen unser Team jederzeit gerne weiter.<\/p>\t\t\t\t\t\t\t\t<\/div>\n\t\t\t\t<div class=\"elementor-element elementor-element-a395497 elementor-mobile-align-center elementor-invisible elementor-widget elementor-widget-button\" data-id=\"a395497\" data-element_type=\"widget\" data-e-type=\"widget\" data-settings=\"{&quot;_animation&quot;:&quot;fadeInRight&quot;}\" data-widget_type=\"button.default\">\n\t\t\t\t\t<span class=\"etheme-ajaxify-lazy-wrapper etheme-ajaxify-replace\" data-type=\"elementor\" data-request=\"WyJlbGVtZW50b3IiLDMzLCIyMzljYWNjYSJd\"><\/span>\t\t\t\t<\/div>\n\t\t\t\t\t<\/div>\n\t\t<\/div>\n\t\t\t\t\t<\/div>\n\t\t<\/section>\n\t\t\t\t<section class=\"elementor-section elementor-top-section elementor-element elementor-element-d5bcaa3 elementor-section-stretched elementor-section-boxed elementor-section-height-default elementor-section-height-default elementor-invisible\" data-id=\"d5bcaa3\" data-element_type=\"section\" data-e-type=\"section\" data-settings=\"{&quot;stretch_section&quot;:&quot;section-stretched&quot;,&quot;animation&quot;:&quot;fadeIn&quot;}\">\n\t\t\t\t\t\t<div class=\"elementor-container elementor-column-gap-no\">\n\t\t\t\t\t<div class=\"elementor-column elementor-col-33 elementor-top-column elementor-element elementor-element-af9282b\" data-id=\"af9282b\" data-element_type=\"column\" data-e-type=\"column\">\n\t\t\t<div class=\"elementor-widget-wrap elementor-element-populated\">\n\t\t\t\t\t\t<div class=\"elementor-element elementor-element-6e1c672 elementor-position-left elementor-vertical-align-top elementor-widget elementor-widget-image-box\" data-id=\"6e1c672\" data-element_type=\"widget\" data-e-type=\"widget\" data-widget_type=\"image-box.default\">\n\t\t\t\t\t<div class=\"elementor-image-box-wrapper\"><figure class=\"elementor-image-box-img\"><img loading=\"lazy\" loading=\"lazy\" decoding=\"async\" width=\"44\" height=\"44\" src=\"https:\/\/mommybag.pl\/de\/wp-content\/uploads\/sites\/4\/xstore\/xstore-placeholder-1x1.png\" class=\"attachment-full size-full wp-image-34026 lazyload lazyload-simple et-lazyload-fadeIn\" alt=\"\" data-src=\"https:\/\/mommybag.pl\/de\/wp-content\/uploads\/sites\/4\/2026\/03\/minimal_fashion_02-img-06-min-1.jpeg\" data-srcset=\"https:\/\/mommybag.pl\/de\/wp-content\/uploads\/sites\/4\/2026\/03\/minimal_fashion_02-img-06-min-1.jpeg 44w, https:\/\/mommybag.pl\/de\/wp-content\/uploads\/sites\/4\/2026\/03\/minimal_fashion_02-img-06-min-1-1x1.jpeg 1w, https:\/\/mommybag.pl\/de\/wp-content\/uploads\/sites\/4\/2026\/03\/minimal_fashion_02-img-06-min-1-10x10.jpeg 10w\" \/><\/figure><div class=\"elementor-image-box-content\"><h3 class=\"elementor-image-box-title\">Kostenloser Versand<\/h3><p class=\"elementor-image-box-description\">Kostenlose Lieferung f\u00fcr alle Produkte<\/p><\/div><\/div>\t\t\t\t<\/div>\n\t\t\t\t\t<\/div>\n\t\t<\/div>\n\t\t\t\t<div class=\"elementor-column elementor-col-33 elementor-top-column elementor-element elementor-element-daa0603\" data-id=\"daa0603\" data-element_type=\"column\" data-e-type=\"column\">\n\t\t\t<div class=\"elementor-widget-wrap elementor-element-populated\">\n\t\t\t\t\t\t<div class=\"elementor-element elementor-element-33fd998 elementor-position-left elementor-vertical-align-top elementor-widget elementor-widget-image-box\" data-id=\"33fd998\" data-element_type=\"widget\" data-e-type=\"widget\" data-widget_type=\"image-box.default\">\n\t\t\t\t\t<div class=\"elementor-image-box-wrapper\"><figure class=\"elementor-image-box-img\"><img loading=\"lazy\" loading=\"lazy\" decoding=\"async\" width=\"34\" height=\"34\" src=\"https:\/\/mommybag.pl\/de\/wp-content\/uploads\/sites\/4\/xstore\/xstore-placeholder-1x1.png\" class=\"attachment-full size-full wp-image-34027 lazyload lazyload-simple et-lazyload-fadeIn\" alt=\"\" data-src=\"https:\/\/mommybag.pl\/de\/wp-content\/uploads\/sites\/4\/2026\/03\/minimal_fashion_02-img-07-min-1.jpeg\" data-srcset=\"https:\/\/mommybag.pl\/de\/wp-content\/uploads\/sites\/4\/2026\/03\/minimal_fashion_02-img-07-min-1.jpeg 34w, https:\/\/mommybag.pl\/de\/wp-content\/uploads\/sites\/4\/2026\/03\/minimal_fashion_02-img-07-min-1-1x1.jpeg 1w, https:\/\/mommybag.pl\/de\/wp-content\/uploads\/sites\/4\/2026\/03\/minimal_fashion_02-img-07-min-1-10x10.jpeg 10w\" \/><\/figure><div class=\"elementor-image-box-content\"><h3 class=\"elementor-image-box-title\">Sichere Zahlungen<\/h3><p class=\"elementor-image-box-description\">Zahlungen und Daten durch SSL-Verschl\u00fcsselung gesch\u00fctzt<\/p><\/div><\/div>\t\t\t\t<\/div>\n\t\t\t\t\t<\/div>\n\t\t<\/div>\n\t\t\t\t<div class=\"elementor-column elementor-col-33 elementor-top-column elementor-element elementor-element-c80877a\" data-id=\"c80877a\" data-element_type=\"column\" data-e-type=\"column\">\n\t\t\t<div class=\"elementor-widget-wrap elementor-element-populated\">\n\t\t\t\t\t\t<div class=\"elementor-element elementor-element-52b4d17 elementor-position-left elementor-vertical-align-top elementor-widget elementor-widget-image-box\" data-id=\"52b4d17\" data-element_type=\"widget\" data-e-type=\"widget\" data-widget_type=\"image-box.default\">\n\t\t\t\t\t<div class=\"elementor-image-box-wrapper\"><figure class=\"elementor-image-box-img\"><img loading=\"lazy\" loading=\"lazy\" decoding=\"async\" width=\"34\" height=\"34\" src=\"https:\/\/mommybag.pl\/de\/wp-content\/uploads\/sites\/4\/xstore\/xstore-placeholder-1x1.png\" class=\"attachment-full size-full wp-image-34029 lazyload lazyload-simple et-lazyload-fadeIn\" alt=\"\" data-src=\"https:\/\/mommybag.pl\/de\/wp-content\/uploads\/sites\/4\/2026\/03\/minimal_fashion_02-img-09-min-1.jpeg\" data-srcset=\"https:\/\/mommybag.pl\/de\/wp-content\/uploads\/sites\/4\/2026\/03\/minimal_fashion_02-img-09-min-1.jpeg 34w, https:\/\/mommybag.pl\/de\/wp-content\/uploads\/sites\/4\/2026\/03\/minimal_fashion_02-img-09-min-1-1x1.jpeg 1w, https:\/\/mommybag.pl\/de\/wp-content\/uploads\/sites\/4\/2026\/03\/minimal_fashion_02-img-09-min-1-10x10.jpeg 10w\" \/><\/figure><div class=\"elementor-image-box-content\"><h3 class=\"elementor-image-box-title\">14 Tage R\u00fcckgaberecht<\/h3><p class=\"elementor-image-box-description\">Sie haben 14 Tage Zeit, Ihre Bestellung zur\u00fcckzugeben oder umzutauschen<\/p><\/div><\/div>\t\t\t\t<\/div>\n\t\t\t\t\t<\/div>\n\t\t<\/div>\n\t\t\t\t\t<\/div>\n\t\t<\/section>\n\t\t\t\t<\/div>\n\t\t","protected":false},"excerpt":{"rendered":"<p>\u00dcber MommyBag Bei MommyBag glauben wir, dass Produkte f\u00fcr den Alltag Funktionalit\u00e4t, Komfort und zeitlosen Stil nahtlos verbinden sollten. Unser Shop wurde f\u00fcr Menschen geschaffen,&#8230;<\/p>\n","protected":false},"author":1,"featured_media":0,"parent":0,"menu_order":0,"comment_status":"closed","ping_status":"closed","template":"","meta":{"footnotes":""},"class_list":["post-33","page","type-page","status-publish","hentry"],"_links":{"self":[{"href":"https:\/\/mommybag.pl\/de\/wp-json\/wp\/v2\/pages\/33","targetHints":{"allow":["GET"]}}],"collection":[{"href":"https:\/\/mommybag.pl\/de\/wp-json\/wp\/v2\/pages"}],"about":[{"href":"https:\/\/mommybag.pl\/de\/wp-json\/wp\/v2\/types\/page"}],"author":[{"embeddable":true,"href":"https:\/\/mommybag.pl\/de\/wp-json\/wp\/v2\/users\/1"}],"replies":[{"embeddable":true,"href":"https:\/\/mommybag.pl\/de\/wp-json\/wp\/v2\/comments?post=33"}],"version-history":[{"count":48,"href":"https:\/\/mommybag.pl\/de\/wp-json\/wp\/v2\/pages\/33\/revisions"}],"predecessor-version":[{"id":34322,"href":"https:\/\/mommybag.pl\/de\/wp-json\/wp\/v2\/pages\/33\/revisions\/34322"}],"wp:attachment":[{"href":"https:\/\/mommybag.pl\/de\/wp-json\/wp\/v2\/media?parent=33"}],"curies":[{"name":"wp","href":"https:\/\/api.w.org\/{rel}","templated":true}]}}