{"id":2101,"date":"2025-08-02T13:44:46","date_gmt":"2025-08-02T13:44:46","guid":{"rendered":"https:\/\/mommybag.pl\/de\/?page_id=2101"},"modified":"2026-03-27T10:11:07","modified_gmt":"2026-03-27T10:11:07","slug":"versand-lieferung","status":"publish","type":"page","link":"https:\/\/mommybag.pl\/de\/versand-lieferung\/","title":{"rendered":"Versand &#038; Lieferung"},"content":{"rendered":"\t\t<div data-elementor-type=\"wp-page\" data-elementor-id=\"2101\" class=\"elementor elementor-2101\" data-elementor-post-type=\"page\">\n\t\t\t\t<div class=\"elementor-element elementor-element-9abfd5f e-flex e-con-boxed e-con e-parent\" data-id=\"9abfd5f\" data-element_type=\"container\" data-e-type=\"container\">\n\t\t\t\t\t<div class=\"e-con-inner\">\n\t\t\t\t<div class=\"elementor-element elementor-element-e9bc221 elementor-widget elementor-widget-spacer\" data-id=\"e9bc221\" data-element_type=\"widget\" data-e-type=\"widget\" data-widget_type=\"spacer.default\">\n\t\t\t\t\t\t\t<div class=\"elementor-spacer\">\n\t\t\t<div class=\"elementor-spacer-inner\"><\/div>\n\t\t<\/div>\n\t\t\t\t\t\t<\/div>\n\t\t\t\t<div class=\"elementor-element elementor-element-aa58c3b elementor-widget elementor-widget-text-editor\" data-id=\"aa58c3b\" data-element_type=\"widget\" data-e-type=\"widget\" data-widget_type=\"text-editor.default\">\n\t\t\t\t\t\t\t\t\t<div style=\"font-family: system-ui, -apple-system, sans-serif; background: #f5f5f5; padding: 12px;\">\n\n<!-- HEADER -->\n<div style=\"background: #ffffff; padding: 32px; margin-bottom: 12px;\">\n<p style=\"font-size: 10px; letter-spacing: 2px; color: #999; margin: 0 0 4px 0; text-transform: uppercase;\">MOMMYBAG<\/p>\n\n<h1 style=\"font-size: 18px; font-weight: 500; margin: 0 0 20px 0; color: #000;\">Lieferung<\/h1>\n<p style=\"font-size: 13px; line-height: 1.7; color: #666; margin: 0;\">Alle Bestellungen werden per Kurier versendet. Die Lieferung ist innerhalb Polens und in ausgew\u00e4hlte L\u00e4nder der Europ\u00e4ischen Union kostenlos. Nachfolgend finden Sie detaillierte Informationen zu Kosten, Lieferzeit und Liefergebieten.<\/p>\n\n<\/div>\n<!-- DELIVERY COST -->\n<div style=\"background: #ffffff; padding: 32px; margin-bottom: 12px;\">\n<p style=\"font-size: 10px; letter-spacing: 2px; color: #999; margin: 0 0 16px 0; text-transform: uppercase;\">LIEFERKOSTEN<\/p>\n<p style=\"font-size: 13px; line-height: 1.7; color: #666; margin: 0;\"><strong style=\"color: #000;\">Die Lieferung ist kostenlos<\/strong> f\u00fcr alle Bestellungen, unabh\u00e4ngig vom Warenkorbwert. Wir erheben keine versteckten Geb\u00fchren \u2014 der Produktpreis, den Sie im Shop sehen, ist der Endpreis.<\/p>\n\n<\/div>\n<!-- KEY INFORMATION GRID -->\n<div style=\"display: grid; grid-template-columns: 1fr 1fr 1fr; gap: 12px; margin-bottom: 12px;\">\n<div style=\"background: #ffffff; padding: 24px; text-align: center;\">\n<p style=\"font-size: 28px; font-weight: 300; margin: 0; color: #000;\">0 EUR<\/p>\n<p style=\"font-size: 10px; letter-spacing: 2px; color: #999; margin: 8px 0 0 0; text-transform: uppercase;\">Lieferkosten<\/p>\n\n<\/div>\n<div style=\"background: #ffffff; padding: 24px; text-align: center;\">\n<p style=\"font-size: 28px; font-weight: 300; margin: 0; color: #000;\">5\u201312<\/p>\n<p style=\"font-size: 10px; letter-spacing: 2px; color: #999; margin: 8px 0 0 0; text-transform: uppercase;\">Werktage<\/p>\n\n<\/div>\n<div style=\"background: #ffffff; padding: 24px; text-align: center;\">\n<p style=\"font-size: 28px; font-weight: 300; margin: 0; color: #000;\">Kurier<\/p>\n<p style=\"font-size: 10px; letter-spacing: 2px; color: #999; margin: 8px 0 0 0; text-transform: uppercase;\">Versanddienstleister<\/p>\n\n<\/div>\n<\/div>\n<!-- CARRIER -->\n<div style=\"background: #ffffff; padding: 32px; margin-bottom: 12px;\">\n<p style=\"font-size: 10px; letter-spacing: 2px; color: #999; margin: 0 0 16px 0; text-transform: uppercase;\">VERSANDDIENSTLEISTER<\/p>\n<p style=\"font-size: 13px; line-height: 1.7; color: #666; margin: 0;\">Wir arbeiten je nach Zielland mit vertrauensw\u00fcrdigen Kurierunternehmen zusammen. Dadurch k\u00f6nnen wir einen sicheren Transport, die Sendungsverfolgung und die Zustellung direkt an die in Ihrer Bestellung angegebene Adresse gew\u00e4hrleisten.<\/p>\n\n<\/div>\n<!-- ORDER PROCESSING TIME -->\n<div style=\"background: #ffffff; padding: 32px; margin-bottom: 12px;\">\n<p style=\"font-size: 10px; letter-spacing: 2px; color: #999; margin: 0 0 16px 0; text-transform: uppercase;\">BEARBEITUNGSZEIT DER BESTELLUNG<\/p>\n<p style=\"font-size: 13px; line-height: 1.7; color: #666; margin: 0 0 20px 0;\">Die Lieferzeit besteht aus zwei Phasen: der Vorbereitung der Bestellung in unserem Lager und dem Kuriertransport. Nachfolgend stellen wir die detaillierten Zeitrahmen f\u00fcr jede Phase dar.<\/p>\n<!-- TIME TABLE -->\n<div style=\"border: 1px solid #e8e8e8; border-radius: 4px; overflow: hidden;\">\n<div style=\"display: grid; grid-template-columns: 2fr 1fr; background: #f9f9f9; border-bottom: 1px solid #e8e8e8;\">\n<div style=\"padding: 12px 16px; font-size: 11px; font-weight: 500; color: #666; text-transform: uppercase; letter-spacing: 1px;\">Phase<\/div>\n<div style=\"padding: 12px 16px; font-size: 11px; font-weight: 500; color: #666; text-transform: uppercase; letter-spacing: 1px;\">Zeit<\/div>\n<\/div>\n<div style=\"display: grid; grid-template-columns: 2fr 1fr; border-bottom: 1px solid #e8e8e8;\">\n<div style=\"padding: 14px 16px; font-size: 13px; color: #333;\">Vorbereitung und Verpackung der Bestellung<\/div>\n<div style=\"padding: 14px 16px; font-size: 13px; color: #666;\">1\u20135 Werktage<\/div>\n<\/div>\n<div style=\"display: grid; grid-template-columns: 2fr 1fr; border-bottom: 1px solid #e8e8e8;\">\n<div style=\"padding: 14px 16px; font-size: 13px; color: #333;\">Kuriertransport<\/div>\n<div style=\"padding: 14px 16px; font-size: 13px; color: #666;\">4\u20137 Werktage<\/div>\n<\/div>\n<div style=\"display: grid; grid-template-columns: 2fr 1fr; background: #f9f9f9;\">\n<div style=\"padding: 14px 16px; font-size: 13px; color: #000; font-weight: 500;\">Gesamte Lieferzeit<\/div>\n<div style=\"padding: 14px 16px; font-size: 13px; color: #000; font-weight: 500;\">5\u201312 Werktage<\/div>\n<\/div>\n<\/div>\n<p style=\"font-size: 12px; line-height: 1.6; color: #999; margin: 16px 0 0 0;\">Werktage sind Montag bis Freitag, ausgenommen gesetzliche Feiertage in Polen.<\/p>\n\n<\/div>\n<!-- DELIVERY COUNTRIES -->\n<div style=\"background: #ffffff; padding: 32px; margin-bottom: 12px;\">\n<p style=\"font-size: 10px; letter-spacing: 2px; color: #999; margin: 0 0 16px 0; text-transform: uppercase;\">LIEFERL\u00c4NDER<\/p>\n<p style=\"font-size: 13px; line-height: 1.7; color: #666; margin: 0 0 20px 0;\">Wir versenden innerhalb Polens und in ausgew\u00e4hlte L\u00e4nder der Europ\u00e4ischen Union. Die Lieferung ist in alle unten aufgef\u00fchrten L\u00e4nder kostenlos.<\/p>\n\n<\/div>\n<!-- COUNTRIES GRID -->\n<div style=\"display: grid; grid-template-columns: 1fr 1fr 1fr; gap: 12px; margin-bottom: 12px;\">\n<div style=\"background: #ffffff; padding: 20px; text-align: center;\">\n<p style=\"font-size: 14px; font-weight: 500; margin: 0; color: #000;\">Polen<\/p>\n<p style=\"font-size: 11px; color: #999; margin: 4px 0 0 0;\">PL \u00b7 InPost<\/p>\n\n<\/div>\n<div style=\"background: #ffffff; padding: 20px; text-align: center;\">\n<p style=\"font-size: 14px; font-weight: 500; margin: 0; color: #000;\">Deutschland<\/p>\n<p style=\"font-size: 11px; color: #999; margin: 4px 0 0 0;\">DE \u00b7 DHL.de<\/p>\n\n<\/div>\n<div style=\"background: #ffffff; padding: 20px; text-align: center;\">\n<p style=\"font-size: 14px; font-weight: 500; margin: 0; color: #000;\">Frankreich<\/p>\n<p style=\"font-size: 11px; color: #999; margin: 4px 0 0 0;\">FR \u00b7 DHL.de<\/p>\n\n<\/div>\n<div style=\"background: #ffffff; padding: 20px; text-align: center;\">\n<p style=\"font-size: 14px; font-weight: 500; margin: 0; color: #000;\">Spanien<\/p>\n<p style=\"font-size: 11px; color: #999; margin: 4px 0 0 0;\">ES \u00b7 CTT Express<\/p>\n\n<\/div>\n<div style=\"background: #ffffff; padding: 20px; text-align: center;\">\n<p style=\"font-size: 14px; font-weight: 500; margin: 0; color: #000;\">Niederlande<\/p>\n<p style=\"font-size: 11px; color: #999; margin: 4px 0 0 0;\">NL \u00b7 DHL.nl<\/p>\n\n<\/div>\n<div style=\"background: #ffffff; padding: 20px; text-align: center;\">\n<p style=\"font-size: 14px; font-weight: 500; margin: 0; color: #000;\">\u00d6sterreich<\/p>\n<p style=\"font-size: 11px; color: #999; margin: 4px 0 0 0;\">AT \u00b7 DPD<\/p>\n\n<\/div>\n<div style=\"background: #ffffff; padding: 20px; text-align: center;\">\n<p style=\"font-size: 14px; font-weight: 500; margin: 0; color: #000;\">Italien<\/p>\n<p style=\"font-size: 11px; color: #999; margin: 4px 0 0 0;\">IT \u00b7 Italian Post<\/p>\n\n<\/div>\n<\/div>\n<!-- SHIPMENT TRACKING -->\n<div style=\"background: #ffffff; padding: 32px; margin-bottom: 12px;\">\n<p style=\"font-size: 10px; letter-spacing: 2px; color: #999; margin: 0 0 16px 0; text-transform: uppercase;\">SENDUNGSVERFOLGUNG<\/p>\n<p style=\"font-size: 13px; line-height: 1.7; color: #666; margin: 0;\">Nachdem Ihr Paket versendet wurde, erhalten Sie eine E-Mail mit einer <strong style=\"color: #000;\">Sendungsverfolgungsnummer<\/strong>. Dadurch k\u00f6nnen Sie den Lieferstatus laufend auf der Website des Versanddienstleisters \u00fcberpr\u00fcfen. Der Tracking-Link wird in der E-Mail mit der Versandbest\u00e4tigung enthalten sein.<\/p>\n\n<\/div>\n<!-- IMPORTANT INFORMATION -->\n<div style=\"background: #ffffff; padding: 32px; margin-bottom: 12px;\">\n<p style=\"font-size: 10px; letter-spacing: 2px; color: #999; margin: 0 0 16px 0; text-transform: uppercase;\">WICHTIGE INFORMATIONEN<\/p>\n<p style=\"font-size: 13px; line-height: 1.7; color: #666; margin: 0 0 16px 0;\"><strong style=\"color: #000;\">Bestellungen an Wochenenden und Feiertagen<\/strong>\nBestellungen, die samstags, sonntags oder an gesetzlichen Feiertagen aufgegeben werden, werden am n\u00e4chsten Werktag (Montag oder am ersten Werktag nach dem Feiertag) bearbeitet.<\/p>\n<p style=\"font-size: 13px; line-height: 1.7; color: #666; margin: 0 0 16px 0;\"><strong style=\"color: #000;\">Nicht auf Lager<\/strong>\nWenn das bestellte Produkt vor\u00fcbergehend nicht verf\u00fcgbar ist, werden wir Sie umgehend per E-Mail oder Telefon kontaktieren, um die n\u00e4chsten Schritte zu vereinbaren (Warten auf die Lieferung oder Stornierung der Bestellung mit R\u00fcckerstattung).<\/p>\n<p style=\"font-size: 13px; line-height: 1.7; color: #666; margin: 0;\"><strong style=\"color: #000;\">\u00dcberpr\u00fcfung des Pakets bei der Zustellung<\/strong>\nWir empfehlen, den Zustand des Pakets in Anwesenheit des Kuriers zu \u00fcberpr\u00fcfen. Im Falle sichtbarer mechanischer Sch\u00e4den (Quetschungen, Risse, Anzeichen von Durchn\u00e4ssung) erstellen Sie bitte gemeinsam mit dem Kurier ein Schadensprotokoll und kontaktieren Sie uns umgehend. Dies erleichtert die Bearbeitung einer m\u00f6glichen Reklamation.<\/p>\n\n<\/div>\n<!-- SHIPPING WAREHOUSE -->\n<div style=\"background: #ffffff; padding: 32px; margin-bottom: 12px;\">\n<p style=\"font-size: 10px; letter-spacing: 2px; color: #999; margin: 0 0 16px 0; text-transform: uppercase;\">VERSANDLAGER<\/p>\n<p style=\"font-size: 13px; line-height: 1.7; color: #666; margin: 0 0 8px 0;\">Alle Bestellungen werden aus unserem Lager bearbeitet und versendet:<\/p>\n<p style=\"font-size: 13px; line-height: 1.7; color: #000; margin: 0;\">MOMMYBAG\nul. Czere\u015bniowa 23E\n02-457 Warszawa\nPolen<\/p>\n\n<\/div>\n<!-- SELLER DETAILS -->\n<div style=\"background: #ffffff; padding: 32px; margin-bottom: 12px;\">\n<p style=\"font-size: 10px; letter-spacing: 2px; color: #999; margin: 0 0 16px 0; text-transform: uppercase;\">VERK\u00c4UFER<\/p>\n<p style=\"font-size: 13px; line-height: 1.7; color: #666; margin: 0;\">Der Online-Shop mommybag.pl wird betrieben von:<\/p>\n<p style=\"font-size: 13px; line-height: 1.7; color: #000; margin: 12px 0 0 0;\"><strong>Szuuus sp. z o.o.<\/strong>\nul. J\u00f3zefa Mireckiego 13A\/7\n05-300 Mi\u0144sk Mazowiecki\nPolen<\/p>\n\n<\/div>\n<!-- CONTACT -->\n<div style=\"background: #ffffff; padding: 32px;\">\n<p style=\"font-size: 10px; letter-spacing: 2px; color: #999; margin: 0 0 16px 0; text-transform: uppercase;\">KONTAKT ZUR LIEFERUNG<\/p>\n<p style=\"font-size: 13px; line-height: 1.7; color: #666; margin: 0 0 16px 0;\">Haben Sie Fragen zur Lieferung oder zum Bestellstatus? Kontaktieren Sie uns:<\/p>\n<p style=\"font-size: 13px; line-height: 1.9; color: #000; margin: 0;\"><strong>E-mail:<\/strong> info@mommybag.pl\n<strong>Telefon:<\/strong> +48 888 776 910\n<strong>Kundenservicezeiten:<\/strong> Montag \u2013 Freitag, 9:00 \u2013 17:00 Uhr<\/p>\n\n<\/div>\n<\/div>\t\t\t\t\t\t\t\t<\/div>\n\t\t\t\t\t<\/div>\n\t\t\t\t<\/div>\n\t\t\t\t<\/div>\n\t\t","protected":false},"excerpt":{"rendered":"<p>MOMMYBAG Lieferung Alle Bestellungen werden per Kurier versendet. Die Lieferung ist innerhalb Polens und in ausgew\u00e4hlte L\u00e4nder der Europ\u00e4ischen Union kostenlos. Nachfolgend finden Sie detaillierte&#8230;<\/p>\n","protected":false},"author":1,"featured_media":0,"parent":0,"menu_order":0,"comment_status":"closed","ping_status":"closed","template":"","meta":{"footnotes":""},"class_list":["post-2101","page","type-page","status-publish","hentry"],"_links":{"self":[{"href":"https:\/\/mommybag.pl\/de\/wp-json\/wp\/v2\/pages\/2101","targetHints":{"allow":["GET"]}}],"collection":[{"href":"https:\/\/mommybag.pl\/de\/wp-json\/wp\/v2\/pages"}],"about":[{"href":"https:\/\/mommybag.pl\/de\/wp-json\/wp\/v2\/types\/page"}],"author":[{"embeddable":true,"href":"https:\/\/mommybag.pl\/de\/wp-json\/wp\/v2\/users\/1"}],"replies":[{"embeddable":true,"href":"https:\/\/mommybag.pl\/de\/wp-json\/wp\/v2\/comments?post=2101"}],"version-history":[{"count":48,"href":"https:\/\/mommybag.pl\/de\/wp-json\/wp\/v2\/pages\/2101\/revisions"}],"predecessor-version":[{"id":34275,"href":"https:\/\/mommybag.pl\/de\/wp-json\/wp\/v2\/pages\/2101\/revisions\/34275"}],"wp:attachment":[{"href":"https:\/\/mommybag.pl\/de\/wp-json\/wp\/v2\/media?parent=2101"}],"curies":[{"name":"wp","href":"https:\/\/api.w.org\/{rel}","templated":true}]}}